{"id":213964,"date":"2024-10-31T21:14:39","date_gmt":"2025-02-19T16:24:27","guid":{"rendered":"https:\/\/staging.nbg.eu\/product\/sabre-red-spray-52cft10-mk3-crossfire-gel-1-5oz-45ml\/"},"modified":"2025-02-19T16:26:29","modified_gmt":"2025-02-19T16:26:29","slug":"spray-sabre-red-52cft10-mk3-crossfire-gel-15oz45ml","status":"publish","type":"product","link":"https:\/\/staging.nbg.eu\/ro\/produs\/spray-sabre-red-52cft10-mk3-crossfire-gel-15oz45ml\/","title":{"rendered":"Spray Sabre Red 52CFT10 MK3 Crossfire GEL 1.5oz\/45ml"},"content":{"rendered":"<div class=\"product-description\">\n<h2>Sabre Red 52CFT10-G MK-3 Crossfire Stream<\/h2>\n<p>Acest spray cu piper de 1.5 oz ofer\u0103 o putere de oprire \u00eembun\u0103t\u0103\u021bit\u0103 cu un con\u021binut mai mare de capsaicinoide. Caracteristicile includ:<\/p>\n<ul>\n<li>Tehnologia SABRE Crossfire\u00ae pentru utilizare din orice unghi<\/li>\n<li>8 jeturi complete de o secund\u0103 cu o raz\u0103 de ac\u021biune de 15-20 ft<\/li>\n<li>Formul\u0103 1.33% MC pentru eficacitate maxim\u0103<\/li>\n<li>Termen de valabilitate de 5 ani<\/li>\n<li>Certificat ISO 9001:2008<\/li>\n<li>Testat pentru ochi, piele \u0219i inhalare<\/li>\n<li>Colorant UV pentru identificarea suspectului<\/li>\n<li>Neinflamabil \u0219i compatibil EID<\/li>\n<\/ul>\n<p>Pentru aplicarea legii \u0219i protec\u021bie personal\u0103. Fabricat \u00een SUA de Security Equipment Corp.<\/p>\n<\/div>\n","protected":false},"excerpt":{"rendered":"<p>Spray puternic cu piper de calitate poli\u021bieneasc\u0103. Tehnologie Crossfire, raz\u0103 de ac\u021biune de 4,5-6 metri.<\/p>\n","protected":false},"featured_media":75080,"template":"","meta":{"_acf_changed":false},"product_brand":[11765],"product_cat":[12785],"product_tag":[],"class_list":{"0":"post-213964","1":"product","2":"type-product","3":"status-publish","4":"has-post-thumbnail","6":"product_brand-sabre","7":"product_cat-edc","9":"first","10":"instock","11":"taxable","12":"shipping-taxable","13":"purchasable","14":"product-type-simple"},"acf":[],"_links":{"self":[{"href":"https:\/\/staging.nbg.eu\/ro\/wp-json\/wp\/v2\/product\/213964","targetHints":{"allow":["GET"]}}],"collection":[{"href":"https:\/\/staging.nbg.eu\/ro\/wp-json\/wp\/v2\/product"}],"about":[{"href":"https:\/\/staging.nbg.eu\/ro\/wp-json\/wp\/v2\/types\/product"}],"wp:featuredmedia":[{"embeddable":true,"href":"https:\/\/staging.nbg.eu\/ro\/wp-json\/wp\/v2\/media\/75080"}],"wp:attachment":[{"href":"https:\/\/staging.nbg.eu\/ro\/wp-json\/wp\/v2\/media?parent=213964"}],"wp:term":[{"taxonomy":"product_brand","embeddable":true,"href":"https:\/\/staging.nbg.eu\/ro\/wp-json\/wp\/v2\/product_brand?post=213964"},{"taxonomy":"product_cat","embeddable":true,"href":"https:\/\/staging.nbg.eu\/ro\/wp-json\/wp\/v2\/product_cat?post=213964"},{"taxonomy":"product_tag","embeddable":true,"href":"https:\/\/staging.nbg.eu\/ro\/wp-json\/wp\/v2\/product_tag?post=213964"}],"curies":[{"name":"wp","href":"https:\/\/api.w.org\/{rel}","templated":true}]}}