{"id":212965,"date":"2024-07-22T11:51:56","date_gmt":"2024-07-22T11:51:56","guid":{"rendered":"https:\/\/staging.nbg.eu\/product\/blue-force-gear-universal-wire-loop\/"},"modified":"2025-02-19T15:17:52","modified_gmt":"2025-02-19T15:17:52","slug":"bucla-de-sarma-universala-blue-force-gear","status":"publish","type":"product","link":"https:\/\/staging.nbg.eu\/ro\/produs\/bucla-de-sarma-universala-blue-force-gear\/","title":{"rendered":"Bucl\u0103 de S\u00e2rm\u0103 Universal\u0103 Blue Force Gear"},"content":{"rendered":"<h2>Bucl\u0103 universal\u0103 din s\u00e2rm\u0103 Blue Force Gear<\/h2>\n<p>Bucla universal\u0103 din s\u00e2rm\u0103 (UWL\u2122) este un punct de ata\u0219are pentru curea, conceput pentru mai multe aplica\u021bii. Disponibil \u00een lungimi de bucl\u0103 de 3,25&#8243;, 4,5&#8243; \u0219i 6,25&#8243;, aceasta include:<\/p>\n<ul>\n<li>S\u00e2rm\u0103 flexibil\u0103 din o\u021bel inoxidabil acoperit\u0103 cu nylon pentru ata\u0219are u\u0219oar\u0103<\/li>\n<li>Corp din aluminiu 6061-T6 prelucrat CNC cu finisaj non-reflectorizant<\/li>\n<li>Anodizat dur pentru durabilitate<\/li>\n<li>Cablu de calitate aeronautic\u0103 cu capete cu bil\u0103<\/li>\n<li>Mai silen\u021bios \u0219i mai rezistent dec\u00e2t ata\u0219amentele tradi\u021bionale cu c\u00e2rlig<\/li>\n<li>Nu uzeaz\u0103 orificiile<\/li>\n<\/ul>\n<p>Pentru utilizare cu curele Vickers Combat Applications Slings\u2122, UWL\u2122 ofer\u0103 op\u021biuni multiple de ata\u0219are. De\u0219i c\u0103ldura extrem\u0103 a \u021bevii poate deforma \u00eenveli\u0219ul exterior, miezul din o\u021bel inoxidabil r\u0103m\u00e2ne intact, asigur\u00e2nd fiabilitate \u00een situa\u021bii solicitante.<\/p>\n","protected":false},"excerpt":{"rendered":"<p>Dispozitiv de prindere versatil cu fir flexibil pentru diverse op\u021biuni de montare.<\/p>\n","protected":false},"featured_media":50201,"template":"","meta":{"_acf_changed":false},"product_brand":[11140],"product_cat":[12758,12762],"product_tag":[],"class_list":{"0":"post-212965","1":"product","2":"type-product","3":"status-publish","4":"has-post-thumbnail","6":"product_brand-blue-force-gear","7":"product_cat-curele-de-purtare","8":"product_cat-echipament","10":"first","11":"instock","12":"taxable","13":"shipping-taxable","14":"purchasable","15":"product-type-variable","16":"wvs-archive-product-wrapper"},"acf":[],"_links":{"self":[{"href":"https:\/\/staging.nbg.eu\/ro\/wp-json\/wp\/v2\/product\/212965","targetHints":{"allow":["GET"]}}],"collection":[{"href":"https:\/\/staging.nbg.eu\/ro\/wp-json\/wp\/v2\/product"}],"about":[{"href":"https:\/\/staging.nbg.eu\/ro\/wp-json\/wp\/v2\/types\/product"}],"wp:featuredmedia":[{"embeddable":true,"href":"https:\/\/staging.nbg.eu\/ro\/wp-json\/wp\/v2\/media\/50201"}],"wp:attachment":[{"href":"https:\/\/staging.nbg.eu\/ro\/wp-json\/wp\/v2\/media?parent=212965"}],"wp:term":[{"taxonomy":"product_brand","embeddable":true,"href":"https:\/\/staging.nbg.eu\/ro\/wp-json\/wp\/v2\/product_brand?post=212965"},{"taxonomy":"product_cat","embeddable":true,"href":"https:\/\/staging.nbg.eu\/ro\/wp-json\/wp\/v2\/product_cat?post=212965"},{"taxonomy":"product_tag","embeddable":true,"href":"https:\/\/staging.nbg.eu\/ro\/wp-json\/wp\/v2\/product_tag?post=212965"}],"curies":[{"name":"wp","href":"https:\/\/api.w.org\/{rel}","templated":true}]}}