{"id":211538,"date":"2024-01-24T19:30:39","date_gmt":"2025-02-19T13:02:37","guid":{"rendered":"https:\/\/staging.nbg.eu\/product\/iosso-bolt-carrier-brush\/"},"modified":"2025-02-19T13:15:18","modified_gmt":"2025-02-19T13:15:18","slug":"perie-pentru-suport-sutor-iosso","status":"publish","type":"product","link":"https:\/\/staging.nbg.eu\/ro\/produs\/perie-pentru-suport-sutor-iosso\/","title":{"rendered":"Perie pentru Suport \u0218utor Iosso"},"content":{"rendered":"<p style=\"text-align: center\"><strong><span style=\"font-size: 170%\">Perii pentru transportorul de \u00eenchiz\u0103tor losso<\/span><\/strong><\/p>\n<p>Acest set con\u021bine pachete de perii pentru transportorul de \u00eenchiz\u0103tor \u0219i camer\u0103. Sunt dimensionate cu toleran\u021b\u0103 str\u00e2ns\u0103 pentru cur\u0103\u021bare precis\u0103. Sunt fabricate dintr-o fibr\u0103 albastr\u0103, care este groas\u0103, rigid\u0103 \u0219i \u00ee\u0219i men\u021bine forma bine. Acest lucru permite mi\u0219carea \u00eenainte \u0219i \u00eenapoi, spre deosebire de periile tradi\u021bionale din alam\u0103 \u0219i bronz. Pot fi utilizate de mai multe ori \u00eenainte de a se uza.<\/p>\n<table width=\"305\">\n<tbody>\n<tr>\n<td width=\"305\"><strong>AR-15 Transportor de \u00eenchiz\u0103tor cu \u0219tift, pachet de 2<\/strong><\/td>\n<\/tr>\n<tr>\n<td><strong>AR.308 Transportor de \u00eenchiz\u0103tor pentru pu\u0219c\u0103 cu \u0219tift, pachet de 2<\/strong><\/td>\n<\/tr>\n<\/tbody>\n<\/table>\n","protected":false},"excerpt":{"rendered":"<p><strong>Dimensionat cu toleran\u021b\u0103 str\u00e2ns\u0103 pentru cur\u0103\u021bare de precizie<\/strong><\/p>\n","protected":false},"featured_media":107716,"template":"","meta":{"_acf_changed":false},"product_brand":[11474],"product_cat":[12776,12803],"product_tag":[],"class_list":{"0":"post-211538","1":"product","2":"type-product","3":"status-publish","4":"has-post-thumbnail","6":"product_brand-iosso","7":"product_cat-curatare-arme","8":"product_cat-perii","9":"pa_model-ar-308-ro","10":"pa_model-ar-15-ro","12":"first","13":"instock","14":"taxable","15":"shipping-taxable","16":"purchasable","17":"product-type-variable","18":"wvs-archive-product-wrapper"},"acf":[],"_links":{"self":[{"href":"https:\/\/staging.nbg.eu\/ro\/wp-json\/wp\/v2\/product\/211538","targetHints":{"allow":["GET"]}}],"collection":[{"href":"https:\/\/staging.nbg.eu\/ro\/wp-json\/wp\/v2\/product"}],"about":[{"href":"https:\/\/staging.nbg.eu\/ro\/wp-json\/wp\/v2\/types\/product"}],"wp:featuredmedia":[{"embeddable":true,"href":"https:\/\/staging.nbg.eu\/ro\/wp-json\/wp\/v2\/media\/107716"}],"wp:attachment":[{"href":"https:\/\/staging.nbg.eu\/ro\/wp-json\/wp\/v2\/media?parent=211538"}],"wp:term":[{"taxonomy":"product_brand","embeddable":true,"href":"https:\/\/staging.nbg.eu\/ro\/wp-json\/wp\/v2\/product_brand?post=211538"},{"taxonomy":"product_cat","embeddable":true,"href":"https:\/\/staging.nbg.eu\/ro\/wp-json\/wp\/v2\/product_cat?post=211538"},{"taxonomy":"product_tag","embeddable":true,"href":"https:\/\/staging.nbg.eu\/ro\/wp-json\/wp\/v2\/product_tag?post=211538"}],"curies":[{"name":"wp","href":"https:\/\/api.w.org\/{rel}","templated":true}]}}