{"id":208674,"date":"2024-07-29T13:02:15","date_gmt":"2024-07-29T13:02:15","guid":{"rendered":"https:\/\/staging.nbg.eu\/product\/bore-tech-friction-guard-xp-120ml\/"},"modified":"2025-02-16T16:55:34","modified_gmt":"2025-02-16T16:55:34","slug":"bore-tech-friction-guard-xp-120ml","status":"publish","type":"product","link":"https:\/\/staging.nbg.eu\/ro\/produs\/bore-tech-friction-guard-xp-120ml\/","title":{"rendered":"Bore Tech Friction Guard XP 120ml"},"content":{"rendered":"<h2>Ulei pentru arme Bore Tech Friction Guard XP &#8211; 120ml<\/h2>\n<p>Bore Tech Friction Guard XP este un ulei pentru arme care \u00eendepline\u0219te cerin\u021bele MIL-PRF-63460E, oferind:<\/p>\n<ul>\n<li>Lubrifiere de la -73\u00b0C la 315\u00b0C<\/li>\n<li>Reducere cu 95% a frec\u0103rii \u0219i uzurii<\/li>\n<li>Protec\u021bie \u00eempotriva coroziunii<\/li>\n<li>Penetrare \u0219i aderen\u021b\u0103 la suprafe\u021bele metalice<\/li>\n<li>Rezisten\u021b\u0103 la uzur\u0103<\/li>\n<li>Rezisten\u021b\u0103 la temperaturi extreme<\/li>\n<li>Protec\u021bie de peste 100 de ore la testul de pulverizare cu sare<\/li>\n<li>\u00cendep\u0103rtarea umidit\u0103\u021bii<\/li>\n<li>Respingerea prafului \u0219i a reziduurilor<\/li>\n<\/ul>\n<p>Potrivit pentru tr\u0103g\u0103tori, v\u00e2n\u0103tori \u0219i pasiona\u021bi. Friction Guard XP protejeaz\u0103 \u021beava armei \u00een timpul utiliz\u0103rii \u0219i depozit\u0103rii.<\/p>\n","protected":false},"excerpt":{"rendered":"<p>Ulei sintetic de \u00eenalt\u0103 performan\u021b\u0103 pentru arme, oferind lubrifiere \u0219i protec\u021bie superioar\u0103.<\/p>\n","protected":false},"featured_media":150491,"template":"","meta":{"_acf_changed":false},"product_brand":[11164],"product_cat":[12776,12764],"product_tag":[],"class_list":{"0":"post-208674","1":"product","2":"type-product","3":"status-publish","4":"has-post-thumbnail","6":"product_brand-boretech","7":"product_cat-curatare-arme","8":"product_cat-lubrifianti","10":"first","11":"instock","12":"taxable","13":"shipping-taxable","14":"purchasable","15":"product-type-simple"},"acf":[],"_links":{"self":[{"href":"https:\/\/staging.nbg.eu\/ro\/wp-json\/wp\/v2\/product\/208674","targetHints":{"allow":["GET"]}}],"collection":[{"href":"https:\/\/staging.nbg.eu\/ro\/wp-json\/wp\/v2\/product"}],"about":[{"href":"https:\/\/staging.nbg.eu\/ro\/wp-json\/wp\/v2\/types\/product"}],"wp:featuredmedia":[{"embeddable":true,"href":"https:\/\/staging.nbg.eu\/ro\/wp-json\/wp\/v2\/media\/150491"}],"wp:attachment":[{"href":"https:\/\/staging.nbg.eu\/ro\/wp-json\/wp\/v2\/media?parent=208674"}],"wp:term":[{"taxonomy":"product_brand","embeddable":true,"href":"https:\/\/staging.nbg.eu\/ro\/wp-json\/wp\/v2\/product_brand?post=208674"},{"taxonomy":"product_cat","embeddable":true,"href":"https:\/\/staging.nbg.eu\/ro\/wp-json\/wp\/v2\/product_cat?post=208674"},{"taxonomy":"product_tag","embeddable":true,"href":"https:\/\/staging.nbg.eu\/ro\/wp-json\/wp\/v2\/product_tag?post=208674"}],"curies":[{"name":"wp","href":"https:\/\/api.w.org\/{rel}","templated":true}]}}