{"id":205395,"date":"2024-08-16T18:01:15","date_gmt":"2025-02-13T15:24:49","guid":{"rendered":"https:\/\/staging.nbg.eu\/product\/rhh-ipsc-holster-mount-509\/"},"modified":"2025-02-13T15:26:31","modified_gmt":"2025-02-13T15:26:31","slug":"montare-toc-ipsc-rhh-509","status":"publish","type":"product","link":"https:\/\/staging.nbg.eu\/ro\/produs\/montare-toc-ipsc-rhh-509\/","title":{"rendered":"Montare Toc IPSC RHH .509"},"content":{"rendered":"<div class=\"product-description\">\n<h2>Suport pentru Toc RHH IPSC .509<\/h2>\n<p>Suportul pentru Toc RHH IPSC .509 ofer\u0103 op\u021biuni de personalizare pentru configura\u021bia tocului dumneavoastr\u0103:<\/p>\n<ul>\n<li><strong>\u00cenclina\u021bie Reglabil\u0103:<\/strong> Ajusta\u021bi unghiul \u00een orice direc\u021bie pentru a se potrivi preferin\u021belor dumneavoastr\u0103, cu modific\u0103ri u\u0219oare \u00een orice moment.<\/li>\n<li><strong>Configura\u021bie Multi-Axial\u0103:<\/strong> Combina\u021bi cu ajustarea \u00een\u0103l\u021bimii pentru modific\u0103ri continue pe p\u00e2n\u0103 la trei axe, men\u021bin\u00e2nd \u00een\u0103l\u021bimea dorit\u0103.<\/li>\n<li><strong>Control al \u00cenclin\u0103rii Laterale:<\/strong> Ajusta\u021bi \u00eenclinarea tocului prin str\u00e2ngerea \u0219uruburilor. Include dou\u0103 seturi de \u0219uruburi \u0219i \u0219aibe pentru diferite distan\u021be fa\u021b\u0103 de corp.<\/li>\n<li><strong>Ajustare Flexibil\u0103 a \u00cen\u0103l\u021bimii:<\/strong> Mai multe g\u0103uri pentru \u0219uruburi v\u0103 permit s\u0103 optimiza\u021bi \u00een\u0103l\u021bimea tocului \u00een raport cu centura pentru extrageri mai line ale armei.<\/li>\n<\/ul>\n<p><strong>Greutate:<\/strong> 0,19 kg<\/p>\n<p>Suportul pentru Toc RHH IPSC .509 v\u0103 permite s\u0103 personaliza\u021bi configura\u021bia de tragere.<\/p>\n<\/div>\n","protected":false},"excerpt":{"rendered":"<p>Suport ajustabil pentru toc IPSC: \u00eenclinare, \u00een\u0103l\u021bime \u0219i unghi personalizabile.<\/p>\n","protected":false},"featured_media":23141,"template":"","meta":{"_acf_changed":false},"product_brand":[11646],"product_cat":[12782,12787],"product_tag":[],"class_list":{"0":"post-205395","1":"product","2":"type-product","3":"status-publish","4":"has-post-thumbnail","6":"product_brand-rh-holsters","7":"product_cat-accesorii-toc","8":"product_cat-toc-sport","10":"first","11":"instock","12":"taxable","13":"shipping-taxable","14":"purchasable","15":"product-type-simple"},"acf":[],"_links":{"self":[{"href":"https:\/\/staging.nbg.eu\/ro\/wp-json\/wp\/v2\/product\/205395","targetHints":{"allow":["GET"]}}],"collection":[{"href":"https:\/\/staging.nbg.eu\/ro\/wp-json\/wp\/v2\/product"}],"about":[{"href":"https:\/\/staging.nbg.eu\/ro\/wp-json\/wp\/v2\/types\/product"}],"wp:featuredmedia":[{"embeddable":true,"href":"https:\/\/staging.nbg.eu\/ro\/wp-json\/wp\/v2\/media\/23141"}],"wp:attachment":[{"href":"https:\/\/staging.nbg.eu\/ro\/wp-json\/wp\/v2\/media?parent=205395"}],"wp:term":[{"taxonomy":"product_brand","embeddable":true,"href":"https:\/\/staging.nbg.eu\/ro\/wp-json\/wp\/v2\/product_brand?post=205395"},{"taxonomy":"product_cat","embeddable":true,"href":"https:\/\/staging.nbg.eu\/ro\/wp-json\/wp\/v2\/product_cat?post=205395"},{"taxonomy":"product_tag","embeddable":true,"href":"https:\/\/staging.nbg.eu\/ro\/wp-json\/wp\/v2\/product_tag?post=205395"}],"curies":[{"name":"wp","href":"https:\/\/api.w.org\/{rel}","templated":true}]}}