{"id":199724,"date":"2024-07-29T13:09:29","date_gmt":"2025-02-11T11:07:45","guid":{"rendered":"https:\/\/staging.nbg.eu\/product\/single-pistol-belt-pouch\/"},"modified":"2025-02-11T11:10:00","modified_gmt":"2025-02-11T11:10:00","slug":"toc-de-curea-pentru-pistol-individual","status":"publish","type":"product","link":"https:\/\/staging.nbg.eu\/ro\/produs\/toc-de-curea-pentru-pistol-individual\/","title":{"rendered":"Toc de Curea pentru Pistol Individual"},"content":{"rendered":"<div class=\"product-description\">\n<h2>Toc pentru centur\u0103 pentru un singur pistol<\/h2>\n<p>Toc Ten-Speed\u00ae pentru un singur \u00eenc\u0103rc\u0103tor de pistol, oferind acces imediat pentru uz profesional sau port ascuns.<\/p>\n<ul>\n<li>Se potrive\u0219te pe centuri de p\u00e2n\u0103 la 5 cm l\u0103\u021bime<\/li>\n<li>Confortabil pentru purtare pe tot parcursul zilei, f\u0103r\u0103 margini ascu\u021bite<\/li>\n<li>Partea frontal\u0103 din elastic de calitate militar\u0103 cu laminat ULTRAcomp\u2122<\/li>\n<li>Sistem de \u00eenchidere cu scai<\/li>\n<li>Potrivit pentru \u00eenc\u0103rc\u0103toare cu un singur r\u00e2nd sau dou\u0103 r\u00e2nduri (p\u00e2n\u0103 la dimensiunea HK45\/USP)<\/li>\n<li>Poate fi folosit \u0219i pentru lanterne, unelte multifunc\u021bionale sau obiecte similare<\/li>\n<li>Ata\u0219ament deta\u0219abil pentru montare orizontal\u0103 pe centur\u0103<\/li>\n<\/ul>\n<p>Dimensiuni: 5,7 cm x 11,4 cm | Greutate: 20 grame<\/p>\n<p>Toc u\u0219or, durabil \u0219i adaptabil.<\/p>\n<\/div>\n","protected":false},"excerpt":{"rendered":"<p>Hus\u0103 de curea securizat\u0103 \u0219i sub\u021bire pentru magazie de pistol sau unelte. Acces rapid.<\/p>\n","protected":false},"featured_media":164233,"template":"","meta":{"_acf_changed":false},"product_brand":[11140],"product_cat":[12762,12753,12738],"product_tag":[],"class_list":{"0":"post-199724","1":"product","2":"type-product","3":"status-publish","4":"has-post-thumbnail","6":"product_brand-blue-force-gear","7":"product_cat-echipament","8":"product_cat-genti-tactice","9":"product_cat-suporturi-pentru-incarcatoare","11":"first","12":"instock","13":"taxable","14":"shipping-taxable","15":"purchasable","16":"product-type-simple"},"acf":[],"_links":{"self":[{"href":"https:\/\/staging.nbg.eu\/ro\/wp-json\/wp\/v2\/product\/199724","targetHints":{"allow":["GET"]}}],"collection":[{"href":"https:\/\/staging.nbg.eu\/ro\/wp-json\/wp\/v2\/product"}],"about":[{"href":"https:\/\/staging.nbg.eu\/ro\/wp-json\/wp\/v2\/types\/product"}],"wp:featuredmedia":[{"embeddable":true,"href":"https:\/\/staging.nbg.eu\/ro\/wp-json\/wp\/v2\/media\/164233"}],"wp:attachment":[{"href":"https:\/\/staging.nbg.eu\/ro\/wp-json\/wp\/v2\/media?parent=199724"}],"wp:term":[{"taxonomy":"product_brand","embeddable":true,"href":"https:\/\/staging.nbg.eu\/ro\/wp-json\/wp\/v2\/product_brand?post=199724"},{"taxonomy":"product_cat","embeddable":true,"href":"https:\/\/staging.nbg.eu\/ro\/wp-json\/wp\/v2\/product_cat?post=199724"},{"taxonomy":"product_tag","embeddable":true,"href":"https:\/\/staging.nbg.eu\/ro\/wp-json\/wp\/v2\/product_tag?post=199724"}],"curies":[{"name":"wp","href":"https:\/\/api.w.org\/{rel}","templated":true}]}}