{"id":199103,"date":"2024-06-17T21:23:15","date_gmt":"2025-02-11T09:31:54","guid":{"rendered":"https:\/\/staging.nbg.eu\/product\/blue-force-gear-trauma-kit-now-medium\/"},"modified":"2025-02-11T09:33:53","modified_gmt":"2025-02-11T09:33:53","slug":"trusa-trauma-blue-force-gear-now-medium","status":"publish","type":"product","link":"https:\/\/staging.nbg.eu\/ro\/produs\/trusa-trauma-blue-force-gear-now-medium\/","title":{"rendered":"Trus\u0103 Traum\u0103 Blue Force Gear NOW! &#8211; Medium"},"content":{"rendered":"<h2>Blue Force Gear Trus\u0103 de Traum\u0103 NOW! &#8211; Medie, Goal\u0103<\/h2>\n<p>Trusa de Traum\u0103 NOW! &#8211; MEDIE este o trus\u0103 medical\u0103 de urgen\u021b\u0103 cu acces rapid, conceput\u0103 pentru utilizare cu o singur\u0103 m\u00e2n\u0103. Ini\u021bial creat\u0103 pentru con\u021binutul IFAK al Armatei, este adaptabil\u0103 la diverse \u00eenc\u0103rc\u0103turi medicale.<\/p>\n<ul>\n<li>Design \u00een dou\u0103 p\u0103r\u021bi: hus\u0103 exterioar\u0103 MOLLE cu sistem de ata\u0219are Helium Whisper \u0219i \u0219indril\u0103 interioar\u0103 deta\u0219abil\u0103 pentru consumabile<\/li>\n<li>Hus\u0103 exterioar\u0103 conic\u0103 pentru re\u021binere sigur\u0103 \u0219i \u00eendep\u0103rtare u\u0219oar\u0103<\/li>\n<li>Suport interior cu desf\u0103\u0219urare rapid\u0103 cu punct de indexare cu bil\u0103 (BLIP) pentru utilizare \u00een condi\u021bii dificile<\/li>\n<li>C\u00e2mpuri MOLLE pentru ata\u0219area extern\u0103 a garoului<\/li>\n<li>Design versatil potrivit pentru utilizare militar\u0103, de aplicare a legii \u0219i civil\u0103<\/li>\n<\/ul>\n<p>Una dintre trusele de traum\u0103 cu cea mai rapid\u0103 desf\u0103\u0219urare de pe pia\u021b\u0103, proiectat\u0103 pentru situa\u021bii critice unde fiecare secund\u0103 conteaz\u0103.<\/p>\n","protected":false},"excerpt":{"rendered":"<p>Trus\u0103 medical\u0103 cu deschidere rapid\u0103 \u0219i compartiment interior deta\u0219abil pentru personalizare.<\/p>\n","protected":false},"featured_media":153808,"template":"","meta":{"_acf_changed":false},"product_brand":[11140],"product_cat":[12762,12797],"product_tag":[],"class_list":{"0":"post-199103","1":"product","2":"type-product","3":"status-publish","4":"has-post-thumbnail","6":"product_brand-blue-force-gear","7":"product_cat-echipament","8":"product_cat-medical","10":"first","11":"instock","12":"taxable","13":"shipping-taxable","14":"purchasable","15":"product-type-variable","16":"wvs-archive-product-wrapper"},"acf":[],"_links":{"self":[{"href":"https:\/\/staging.nbg.eu\/ro\/wp-json\/wp\/v2\/product\/199103","targetHints":{"allow":["GET"]}}],"collection":[{"href":"https:\/\/staging.nbg.eu\/ro\/wp-json\/wp\/v2\/product"}],"about":[{"href":"https:\/\/staging.nbg.eu\/ro\/wp-json\/wp\/v2\/types\/product"}],"wp:featuredmedia":[{"embeddable":true,"href":"https:\/\/staging.nbg.eu\/ro\/wp-json\/wp\/v2\/media\/153808"}],"wp:attachment":[{"href":"https:\/\/staging.nbg.eu\/ro\/wp-json\/wp\/v2\/media?parent=199103"}],"wp:term":[{"taxonomy":"product_brand","embeddable":true,"href":"https:\/\/staging.nbg.eu\/ro\/wp-json\/wp\/v2\/product_brand?post=199103"},{"taxonomy":"product_cat","embeddable":true,"href":"https:\/\/staging.nbg.eu\/ro\/wp-json\/wp\/v2\/product_cat?post=199103"},{"taxonomy":"product_tag","embeddable":true,"href":"https:\/\/staging.nbg.eu\/ro\/wp-json\/wp\/v2\/product_tag?post=199103"}],"curies":[{"name":"wp","href":"https:\/\/api.w.org\/{rel}","templated":true}]}}