{"id":173109,"date":"2024-08-16T19:55:05","date_gmt":"2025-01-23T11:17:26","guid":{"rendered":"https:\/\/staging.nbg.eu\/product\/barwarus-bw-t4-handguards-with-m-lok\/"},"modified":"2025-01-23T11:19:00","modified_gmt":"2025-01-23T11:19:00","slug":"barwarus-bw-t4-aparatoare-cu-m-lok","status":"publish","type":"product","link":"https:\/\/staging.nbg.eu\/ro\/produs\/barwarus-bw-t4-aparatoare-cu-m-lok\/","title":{"rendered":"Barwarus BW-T4 Aparatoare cu M-Lok"},"content":{"rendered":"<div class=\"product-description\">\n<h2>Barwarus BW-T4 Ap\u0103r\u0103toare de m\u00e2n\u0103 cu M-Lok<\/h2>\n<p>Sistem de ap\u0103r\u0103toare de m\u00e2n\u0103 BW-T4 pentru pu\u0219ti de tip AK cu \u021beav\u0103 lung\u0103 (16&#8243;). Acest sistem permite integrarea accesoriilor M-LOK.<\/p>\n<ul>\n<li>Compatibil cu diverse modele AK (AKUSA seria 100, AK-74, Saiga, Vepr \u0219i altele)<\/li>\n<li>Construit din aliaj 6082-T6<\/li>\n<li>Finisaj Cerakote negru<\/li>\n<li>Sloturi M-LOK integrate pe toate laturile<\/li>\n<li>\u00cembun\u0103t\u0103\u021be\u0219te r\u0103cirea \u021bevii \u0219i disiparea c\u0103ldurii<\/li>\n<li>Design u\u0219or<\/li>\n<li>Func\u021bioneaz\u0103 la temperaturi extreme (-50\u00b0C p\u00e2n\u0103 la +50\u00b0C)<\/li>\n<\/ul>\n<p>Barwarus BW-T4 Ap\u0103r\u0103toare de m\u00e2n\u0103 ofer\u0103 personalizare, gestionare \u00eembun\u0103t\u0103\u021bit\u0103 a c\u0103ldurii \u0219i durabilitate.<\/p>\n<\/div>\n","protected":false},"excerpt":{"rendered":"<p>Barwarus BW-T4 Ap\u0103r\u0103tori pentru m\u00e2ini: Compatibile cu M-Lok, upgrade pentru AK pentru o r\u0103cire \u00eembun\u0103t\u0103\u021bit\u0103 \u0219i montarea accesoriilor.<\/p>\n","protected":false},"featured_media":23625,"template":"","meta":{"_acf_changed":false},"product_brand":[11121],"product_cat":[12729,12744,12743],"product_tag":[],"class_list":{"0":"post-173109","1":"product","2":"type-product","3":"status-publish","4":"has-post-thumbnail","6":"product_brand-barwarus","7":"product_cat-reglaj-ak","8":"product_cat-reglaj-pusca","9":"product_cat-sine","11":"first","12":"instock","13":"taxable","14":"shipping-taxable","15":"product-type-variable","16":"wvs-archive-product-wrapper"},"acf":[],"_links":{"self":[{"href":"https:\/\/staging.nbg.eu\/ro\/wp-json\/wp\/v2\/product\/173109","targetHints":{"allow":["GET"]}}],"collection":[{"href":"https:\/\/staging.nbg.eu\/ro\/wp-json\/wp\/v2\/product"}],"about":[{"href":"https:\/\/staging.nbg.eu\/ro\/wp-json\/wp\/v2\/types\/product"}],"wp:featuredmedia":[{"embeddable":true,"href":"https:\/\/staging.nbg.eu\/ro\/wp-json\/wp\/v2\/media\/23625"}],"wp:attachment":[{"href":"https:\/\/staging.nbg.eu\/ro\/wp-json\/wp\/v2\/media?parent=173109"}],"wp:term":[{"taxonomy":"product_brand","embeddable":true,"href":"https:\/\/staging.nbg.eu\/ro\/wp-json\/wp\/v2\/product_brand?post=173109"},{"taxonomy":"product_cat","embeddable":true,"href":"https:\/\/staging.nbg.eu\/ro\/wp-json\/wp\/v2\/product_cat?post=173109"},{"taxonomy":"product_tag","embeddable":true,"href":"https:\/\/staging.nbg.eu\/ro\/wp-json\/wp\/v2\/product_tag?post=173109"}],"curies":[{"name":"wp","href":"https:\/\/api.w.org\/{rel}","templated":true}]}}