{"id":171023,"date":"2024-08-16T20:04:24","date_gmt":"2025-01-21T10:26:54","guid":{"rendered":"https:\/\/staging.nbg.eu\/product\/barwarus-alpha-1-set-bw-t33-alpha-1\/"},"modified":"2025-01-21T10:28:49","modified_gmt":"2025-01-21T10:28:49","slug":"barwarus-alpha-1-set-bw-t33-si-alpha-1","status":"publish","type":"product","link":"https:\/\/staging.nbg.eu\/ro\/produs\/barwarus-alpha-1-set-bw-t33-si-alpha-1\/","title":{"rendered":"Barwarus ALPHA-1 SET (BW-T33 si ALPHA-1)"},"content":{"rendered":"<div class=\"product-description\">\n<h2>Set Barwarus ALPHA-1 (BW-T33 \u0219i ALPHA-1)<\/h2>\n<p>Setul Barwarus ALPHA-1 pentru pu\u0219ca AK include garda de m\u00e2n\u0103 ALPHA-1 \u0219i capacul de praf BW-T33. Acest set con\u021bine:<\/p>\n<ul>\n<li>G\u0103rzi de m\u00e2n\u0103 scurte ALPHA-1 cu \u0219in\u0103 Picatinny (superioar\u0103 \u0219i inferioar\u0103)<\/li>\n<li>Capac de praf BW-T33 cu \u0219in\u0103 Picatinny integrat\u0103<\/li>\n<\/ul>\n<p>Garda de m\u00e2n\u0103 ALPHA-1 este fabricat\u0103 din aluminiu 6082-T6 \u0219i finisat\u0103 cu Cerakote. Este compatibil\u0103 cu modelele AK cu receptor \u0219tan\u021bat, inclusiv AK 103, 104, 105, 74S, 74M, AKM, AKMS \u0219i Saiga.<\/p>\n<p>Capacul de praf BW-T33, fabricat din aliaj de aluminiu 7075 T6, ofer\u0103 o platform\u0103 stabil\u0103 pentru dispozitive optice f\u0103r\u0103 a interfera cu dispozitivele de ochire mecanice.<\/p>\n<\/div>\n","protected":false},"excerpt":{"rendered":"<p>Upgrade premium pentru AK: M\u00e2ner cu \u0219in\u0103 cadrilater\u0103 \u0219i capac anti-praf cu \u0219in\u0103<\/p>\n","protected":false},"featured_media":280696,"template":"","meta":{"_acf_changed":false},"product_brand":[11121],"product_cat":[12729,12744,12743],"product_tag":[],"class_list":{"0":"post-171023","1":"product","2":"type-product","3":"status-publish","4":"has-post-thumbnail","6":"product_brand-barwarus","7":"product_cat-reglaj-ak","8":"product_cat-reglaj-pusca","9":"product_cat-sine","11":"first","12":"instock","13":"taxable","14":"shipping-taxable","15":"product-type-variable","16":"wvs-archive-product-wrapper"},"acf":[],"_links":{"self":[{"href":"https:\/\/staging.nbg.eu\/ro\/wp-json\/wp\/v2\/product\/171023","targetHints":{"allow":["GET"]}}],"collection":[{"href":"https:\/\/staging.nbg.eu\/ro\/wp-json\/wp\/v2\/product"}],"about":[{"href":"https:\/\/staging.nbg.eu\/ro\/wp-json\/wp\/v2\/types\/product"}],"wp:featuredmedia":[{"embeddable":true,"href":"https:\/\/staging.nbg.eu\/ro\/wp-json\/wp\/v2\/media\/280696"}],"wp:attachment":[{"href":"https:\/\/staging.nbg.eu\/ro\/wp-json\/wp\/v2\/media?parent=171023"}],"wp:term":[{"taxonomy":"product_brand","embeddable":true,"href":"https:\/\/staging.nbg.eu\/ro\/wp-json\/wp\/v2\/product_brand?post=171023"},{"taxonomy":"product_cat","embeddable":true,"href":"https:\/\/staging.nbg.eu\/ro\/wp-json\/wp\/v2\/product_cat?post=171023"},{"taxonomy":"product_tag","embeddable":true,"href":"https:\/\/staging.nbg.eu\/ro\/wp-json\/wp\/v2\/product_tag?post=171023"}],"curies":[{"name":"wp","href":"https:\/\/api.w.org\/{rel}","templated":true}]}}