{"id":141611,"date":"2025-01-01T20:56:43","date_gmt":"2025-01-10T22:55:44","guid":{"rendered":"https:\/\/staging.nbg.eu\/product\/area-419-ruger-american-short-action-scope-base\/"},"modified":"2025-01-10T22:57:24","modified_gmt":"2025-01-10T22:57:24","slug":"area-419-baza-luneta-ruger-american-actiune-scurta","status":"publish","type":"product","link":"https:\/\/staging.nbg.eu\/ro\/produs\/area-419-baza-luneta-ruger-american-actiune-scurta\/","title":{"rendered":"Area 419 &#8211; Baza Luneta Ruger American Actiune Scurta"},"content":{"rendered":"<div class=\"product-description\">\n<h2>Area 419 &#8211; Baz\u0103 pentru lunet\u0103 pentru Ruger American cu ac\u021biune scurt\u0103<\/h2>\n<p>Baz\u0103 pentru luneta pentru pu\u0219ca Ruger American. Fabricat\u0103 dintr-o singur\u0103 bucat\u0103 de aluminiu T7075, aceast\u0103 baz\u0103 este:<\/p>\n<ul>\n<li>Prelucrat\u0103 intern pentru potrivire precis\u0103<\/li>\n<li>Rezistent\u0103 \u0219i durabil\u0103<\/li>\n<li>Anodizat\u0103 negru tip III<\/li>\n<li>Proiectat\u0103 cu \u00eenclinare de 20MOA pentru trageri la distan\u021b\u0103<\/li>\n<\/ul>\n<p>Include o cheie pentru str\u00e2ngerea \u0219uruburilor de fixare (recomandat: 15 in\/lb).<\/p>\n<h3>Specifica\u021bii:<\/h3>\n<ul>\n<li>Greutate: 0,09 kg<\/li>\n<li>Dimensiuni: 21,59 \u00d7 2,54 \u00d7 2,54 cm<\/li>\n<li>Produc\u0103tor: Area 419<\/li>\n<li>M\u0103rime: 20MOA<\/li>\n<\/ul>\n<\/div>\n","protected":false},"excerpt":{"rendered":"<p>Baz\u0103 de lunet\u0103 prelucrat\u0103 cu precizie, cu \u00eenclinare de 20MOA, pentru pu\u0219cile Ruger American.<\/p>\n","protected":false},"featured_media":112132,"template":"","meta":{"_acf_changed":false},"product_brand":[11049],"product_cat":[12795,12743,390],"product_tag":[],"class_list":{"0":"post-141611","1":"product","2":"type-product","3":"status-publish","4":"has-post-thumbnail","6":"product_brand-area-419","7":"product_cat-pusca","8":"product_cat-sine","9":"product_cat-aiming","11":"first","12":"instock","13":"taxable","14":"shipping-taxable","15":"purchasable","16":"product-type-simple"},"acf":[],"_links":{"self":[{"href":"https:\/\/staging.nbg.eu\/ro\/wp-json\/wp\/v2\/product\/141611","targetHints":{"allow":["GET"]}}],"collection":[{"href":"https:\/\/staging.nbg.eu\/ro\/wp-json\/wp\/v2\/product"}],"about":[{"href":"https:\/\/staging.nbg.eu\/ro\/wp-json\/wp\/v2\/types\/product"}],"wp:featuredmedia":[{"embeddable":true,"href":"https:\/\/staging.nbg.eu\/ro\/wp-json\/wp\/v2\/media\/112132"}],"wp:attachment":[{"href":"https:\/\/staging.nbg.eu\/ro\/wp-json\/wp\/v2\/media?parent=141611"}],"wp:term":[{"taxonomy":"product_brand","embeddable":true,"href":"https:\/\/staging.nbg.eu\/ro\/wp-json\/wp\/v2\/product_brand?post=141611"},{"taxonomy":"product_cat","embeddable":true,"href":"https:\/\/staging.nbg.eu\/ro\/wp-json\/wp\/v2\/product_cat?post=141611"},{"taxonomy":"product_tag","embeddable":true,"href":"https:\/\/staging.nbg.eu\/ro\/wp-json\/wp\/v2\/product_tag?post=141611"}],"curies":[{"name":"wp","href":"https:\/\/api.w.org\/{rel}","templated":true}]}}