{"id":141503,"date":"2025-01-04T07:53:30","date_gmt":"2025-01-10T22:37:53","guid":{"rendered":"https:\/\/staging.nbg.eu\/product\/area-419-s-m-a-l-single-mlok-arcalock-rail\/"},"modified":"2025-01-10T22:39:33","modified_gmt":"2025-01-10T22:39:33","slug":"area-419-smal-sina-arcalock-mlok-simpla","status":"publish","type":"product","link":"https:\/\/staging.nbg.eu\/ro\/produs\/area-419-smal-sina-arcalock-mlok-simpla\/","title":{"rendered":"Area 419 &#8211; S.M.A.L. &#8211; Sina ARCALOCK MLOK Simpla"},"content":{"rendered":"<div class=\"product-description\">\n<h2>Area 419 &#8211; S.M.A.L. &#8211; \u0218in\u0103 unic\u0103 MLOK ARCALOCK<\/h2>\n<p>\u0218ina S.M.A.L. (Single MLOK ARCALOCK) este potrivit\u0103 pentru montarea telemetrelor, binoclurilor, lunetelor \u0219i armelor scurte.<\/p>\n<ul>\n<li>Puncte de montare MLOK cu componente incluse<\/li>\n<li>Punct central de montare 1\/4-20 (componente incluse)<\/li>\n<li>Fabricat \u00een America din aluminiu 6061-T6<\/li>\n<li>Finisaj anodizat negru<\/li>\n<\/ul>\n<h3>Specifica\u021bii:<\/h3>\n<ul>\n<li>Greutate: 0,18 kg<\/li>\n<li>Dimensiuni: 15,24 \u00d7 10,16 \u00d7 2,54 cm<\/li>\n<\/ul>\n<p>\u0218ina S.M.A.L. ofer\u0103 o solu\u021bie de montare versatil\u0103 pentru echipamentul dvs. de precizie.<\/p>\n<\/div>\n","protected":false},"excerpt":{"rendered":"<p>\u0218in\u0103 MLOK ARCALOCK compact\u0103 pentru montare versatil\u0103. Fabricat\u0103 \u00een SUA, din aluminiu 6061-T6.<\/p>\n","protected":false},"featured_media":115750,"template":"","meta":{"_acf_changed":false},"product_brand":[11049],"product_cat":[12795,12743,390],"product_tag":[],"class_list":{"0":"post-141503","1":"product","2":"type-product","3":"status-publish","4":"has-post-thumbnail","6":"product_brand-area-419","7":"product_cat-pusca","8":"product_cat-sine","9":"product_cat-aiming","11":"first","12":"instock","13":"taxable","14":"shipping-taxable","15":"purchasable","16":"product-type-simple"},"acf":[],"_links":{"self":[{"href":"https:\/\/staging.nbg.eu\/ro\/wp-json\/wp\/v2\/product\/141503","targetHints":{"allow":["GET"]}}],"collection":[{"href":"https:\/\/staging.nbg.eu\/ro\/wp-json\/wp\/v2\/product"}],"about":[{"href":"https:\/\/staging.nbg.eu\/ro\/wp-json\/wp\/v2\/types\/product"}],"wp:featuredmedia":[{"embeddable":true,"href":"https:\/\/staging.nbg.eu\/ro\/wp-json\/wp\/v2\/media\/115750"}],"wp:attachment":[{"href":"https:\/\/staging.nbg.eu\/ro\/wp-json\/wp\/v2\/media?parent=141503"}],"wp:term":[{"taxonomy":"product_brand","embeddable":true,"href":"https:\/\/staging.nbg.eu\/ro\/wp-json\/wp\/v2\/product_brand?post=141503"},{"taxonomy":"product_cat","embeddable":true,"href":"https:\/\/staging.nbg.eu\/ro\/wp-json\/wp\/v2\/product_cat?post=141503"},{"taxonomy":"product_tag","embeddable":true,"href":"https:\/\/staging.nbg.eu\/ro\/wp-json\/wp\/v2\/product_tag?post=141503"}],"curies":[{"name":"wp","href":"https:\/\/api.w.org\/{rel}","templated":true}]}}