{"id":141399,"date":"2025-01-04T07:20:19","date_gmt":"2025-01-10T22:33:23","guid":{"rendered":"https:\/\/staging.nbg.eu\/product\/area-419-arcalock-clamp\/"},"modified":"2025-01-10T22:35:05","modified_gmt":"2025-01-10T22:35:05","slug":"area-419-arcalock-clema","status":"publish","type":"product","link":"https:\/\/staging.nbg.eu\/ro\/produs\/area-419-arcalock-clema\/","title":{"rendered":"Area 419 &#8211; ARCALOCK Clema"},"content":{"rendered":"<div class=\"product-description\">\n<h2>Area 419 &#8211; Clem\u0103 ARCALOCK<\/h2>\n<p>Clema ARCALOCK de la Area 419 func\u021bioneaz\u0103 pe toate \u0219inele standard ARCA\/1.5&#8243; tip coad\u0103 de r\u00e2ndunic\u0103, oferind o solu\u021bie blocat\u0103 mecanic pentru stabilitate \u00eembun\u0103t\u0103\u021bit\u0103.<\/p>\n<ul>\n<li>Design cu \u0219urub \u00een dou\u0103 etape pentru mi\u0219care rapid\u0103 \u0219i cuplu suplimentar<\/li>\n<li>Compatibil cu bipozii Atlas \u0219i adaptabil pentru bipozii Harris<\/li>\n<li>Func\u021bionalitate de opritor pentru baricade<\/li>\n<li>Compatibil cu \u0219inele ARCA standard<\/li>\n<li>Fabricat din aluminiu 6061-T6 cu anodizare tip III Hardcoat<\/li>\n<li>Greutate de 72,5 grame<\/li>\n<\/ul>\n<p>Clema ARCALOCK Area 419 ofer\u0103 stabilitate \u0219i precizie pentru configura\u021bia pu\u0219tii de precizie.<\/p>\n<\/div>\n","protected":false},"excerpt":{"rendered":"<p>Clema ARCA securizat\u0103 cu mecanism de blocare pentru pu\u0219ti de precizie.<\/p>\n","protected":false},"featured_media":115257,"template":"","meta":{"_acf_changed":false},"product_brand":[11049],"product_cat":[12795,12743],"product_tag":[],"class_list":{"0":"post-141399","1":"product","2":"type-product","3":"status-publish","4":"has-post-thumbnail","6":"product_brand-area-419","7":"product_cat-pusca","8":"product_cat-sine","10":"first","11":"instock","12":"taxable","13":"shipping-taxable","14":"purchasable","15":"product-type-simple"},"acf":[],"_links":{"self":[{"href":"https:\/\/staging.nbg.eu\/ro\/wp-json\/wp\/v2\/product\/141399","targetHints":{"allow":["GET"]}}],"collection":[{"href":"https:\/\/staging.nbg.eu\/ro\/wp-json\/wp\/v2\/product"}],"about":[{"href":"https:\/\/staging.nbg.eu\/ro\/wp-json\/wp\/v2\/types\/product"}],"wp:featuredmedia":[{"embeddable":true,"href":"https:\/\/staging.nbg.eu\/ro\/wp-json\/wp\/v2\/media\/115257"}],"wp:attachment":[{"href":"https:\/\/staging.nbg.eu\/ro\/wp-json\/wp\/v2\/media?parent=141399"}],"wp:term":[{"taxonomy":"product_brand","embeddable":true,"href":"https:\/\/staging.nbg.eu\/ro\/wp-json\/wp\/v2\/product_brand?post=141399"},{"taxonomy":"product_cat","embeddable":true,"href":"https:\/\/staging.nbg.eu\/ro\/wp-json\/wp\/v2\/product_cat?post=141399"},{"taxonomy":"product_tag","embeddable":true,"href":"https:\/\/staging.nbg.eu\/ro\/wp-json\/wp\/v2\/product_tag?post=141399"}],"curies":[{"name":"wp","href":"https:\/\/api.w.org\/{rel}","templated":true}]}}