{"id":140881,"date":"2025-01-04T07:33:44","date_gmt":"2025-01-10T19:02:07","guid":{"rendered":"https:\/\/staging.nbg.eu\/product\/area-419-arcalock-qd-clamp\/"},"modified":"2025-01-10T19:03:50","modified_gmt":"2025-01-10T19:03:50","slug":"area-419-arcalock-clema-qd","status":"publish","type":"product","link":"https:\/\/staging.nbg.eu\/ro\/produs\/area-419-arcalock-clema-qd\/","title":{"rendered":"Area 419 &#8211; ARCALOCK Clema QD"},"content":{"rendered":"<div class=\"product-description\">\n<h2>Area 419 &#8211; Clem\u0103 ARCALOCK QD<\/h2>\n<p>Clema Area 419 ARCALOCK QD func\u021bioneaz\u0103 pe toate \u0219inele standard ARCA\/1,5&#8243; \u00een coad\u0103 de r\u00e2ndunic\u0103, oferind o solu\u021bie blocat\u0103 mecanic pentru stabilitate \u00eembun\u0103t\u0103\u021bit\u0103.<\/p>\n<ul>\n<li>Design cu \u0219urub \u00een dou\u0103 etape pentru mi\u0219care rapid\u0103 \u0219i cuplu suplimentar<\/li>\n<li>Compatibil cu bipozii Atlas \u0219i adaptabil pentru bipozii Harris<\/li>\n<li>Compatibil cu \u0219inele ARCA standard<\/li>\n<li>Fabricat din aluminiu 6061-T6 cu anodizare neagr\u0103 tip III Hardcoat<\/li>\n<li>\u0218urub din o\u021bel inoxidabil 303 pentru durabilitate<\/li>\n<li>U\u0219or, c\u00e2nt\u0103rind doar 72,5 grame<\/li>\n<\/ul>\n<p>Clema ARCALOCK QD este proiectat\u0103 \u0219i fabricat\u0103 \u00een SUA de Area 419.<\/p>\n<\/div>\n","protected":false},"excerpt":{"rendered":"<p>Clem\u0103 ARCA cu deta\u0219are rapid\u0103 \u0219i mecanism de blocare pentru o montare sigur\u0103.<\/p>\n","protected":false},"featured_media":115503,"template":"","meta":{"_acf_changed":false},"product_brand":[11049],"product_cat":[12795,12743,390],"product_tag":[],"class_list":{"0":"post-140881","1":"product","2":"type-product","3":"status-publish","4":"has-post-thumbnail","6":"product_brand-area-419","7":"product_cat-pusca","8":"product_cat-sine","9":"product_cat-aiming","11":"first","12":"instock","13":"taxable","14":"shipping-taxable","15":"purchasable","16":"product-type-simple"},"acf":[],"_links":{"self":[{"href":"https:\/\/staging.nbg.eu\/ro\/wp-json\/wp\/v2\/product\/140881","targetHints":{"allow":["GET"]}}],"collection":[{"href":"https:\/\/staging.nbg.eu\/ro\/wp-json\/wp\/v2\/product"}],"about":[{"href":"https:\/\/staging.nbg.eu\/ro\/wp-json\/wp\/v2\/types\/product"}],"wp:featuredmedia":[{"embeddable":true,"href":"https:\/\/staging.nbg.eu\/ro\/wp-json\/wp\/v2\/media\/115503"}],"wp:attachment":[{"href":"https:\/\/staging.nbg.eu\/ro\/wp-json\/wp\/v2\/media?parent=140881"}],"wp:term":[{"taxonomy":"product_brand","embeddable":true,"href":"https:\/\/staging.nbg.eu\/ro\/wp-json\/wp\/v2\/product_brand?post=140881"},{"taxonomy":"product_cat","embeddable":true,"href":"https:\/\/staging.nbg.eu\/ro\/wp-json\/wp\/v2\/product_cat?post=140881"},{"taxonomy":"product_tag","embeddable":true,"href":"https:\/\/staging.nbg.eu\/ro\/wp-json\/wp\/v2\/product_tag?post=140881"}],"curies":[{"name":"wp","href":"https:\/\/api.w.org\/{rel}","templated":true}]}}