{"id":140064,"date":"2025-01-04T08:32:04","date_gmt":"2025-01-10T13:42:50","guid":{"rendered":"https:\/\/staging.nbg.eu\/product\/area-419-arcalock-17-universal-dovetail-rail\/"},"modified":"2025-01-10T13:44:32","modified_gmt":"2025-01-10T13:44:32","slug":"area-419-sina-cu-coada-de-randunica-universala-arcalock-17","status":"publish","type":"product","link":"https:\/\/staging.nbg.eu\/ro\/produs\/area-419-sina-cu-coada-de-randunica-universala-arcalock-17\/","title":{"rendered":"Area 419 &#8211; Sina cu coada de randunica universala ARCALOCK 17&#8243;"},"content":{"rendered":"<div class=\"product-description\">\n<h2>Area 419 &#8211; \u0218in\u0103 Universal\u0103 ARCALOCK cu Coad\u0103 de R\u00e2ndunic\u0103 de 17&#8243;<\/h2>\n<p>\u0218ina ARCALOCK cu coad\u0103 de r\u00e2ndunic\u0103 de 17&#8243; include urm\u0103toarele caracteristici:<\/p>\n<ul>\n<li>Laturi zim\u021bate pentru fixare mecanic\u0103 cu cleme Area 419<\/li>\n<li>Compatibilitate invers\u0103 cu accesorii Arca standard<\/li>\n<li>Conformitate cu standardul RRS 1.5&#8243; cu coad\u0103 de r\u00e2ndunic\u0103<\/li>\n<li>Margini te\u0219ite pentru confort \u0219i siguran\u021b\u0103<\/li>\n<li>Puncte multiple de ata\u0219are pentru stabilitate<\/li>\n<li>Construc\u021bie din aluminiu 6061-T6 anodizat dur tip 3<\/li>\n<li>Fabricat \u00een SUA cu materiale de origine intern\u0103<\/li>\n<\/ul>\n<p>Include \u0219urub de ac\u021biune extins stil Remington 700 \u0219i hardware de montare. <\/p>\n<p><em>Not\u0103: Opritorul fix din spate pentru baricad\u0103 \u0219i hardware-ul MLOK nu sunt incluse.<\/em><\/p>\n<\/div>\n","protected":false},"excerpt":{"rendered":"<p>\u201e\u0218in\u0103 ARCA blocabil\u0103 pentru pu\u0219ti de precizie. 17&#8243; (43 cm) din aluminiu, fabricat\u0103 \u00een SUA.&#8221;<\/p>\n","protected":false},"featured_media":116056,"template":"","meta":{"_acf_changed":false},"product_brand":[11049],"product_cat":[12795,12743,390],"product_tag":[],"class_list":{"0":"post-140064","1":"product","2":"type-product","3":"status-publish","4":"has-post-thumbnail","6":"product_brand-area-419","7":"product_cat-pusca","8":"product_cat-sine","9":"product_cat-aiming","11":"first","12":"instock","13":"taxable","14":"shipping-taxable","15":"purchasable","16":"product-type-simple"},"acf":[],"_links":{"self":[{"href":"https:\/\/staging.nbg.eu\/ro\/wp-json\/wp\/v2\/product\/140064","targetHints":{"allow":["GET"]}}],"collection":[{"href":"https:\/\/staging.nbg.eu\/ro\/wp-json\/wp\/v2\/product"}],"about":[{"href":"https:\/\/staging.nbg.eu\/ro\/wp-json\/wp\/v2\/types\/product"}],"wp:featuredmedia":[{"embeddable":true,"href":"https:\/\/staging.nbg.eu\/ro\/wp-json\/wp\/v2\/media\/116056"}],"wp:attachment":[{"href":"https:\/\/staging.nbg.eu\/ro\/wp-json\/wp\/v2\/media?parent=140064"}],"wp:term":[{"taxonomy":"product_brand","embeddable":true,"href":"https:\/\/staging.nbg.eu\/ro\/wp-json\/wp\/v2\/product_brand?post=140064"},{"taxonomy":"product_cat","embeddable":true,"href":"https:\/\/staging.nbg.eu\/ro\/wp-json\/wp\/v2\/product_cat?post=140064"},{"taxonomy":"product_tag","embeddable":true,"href":"https:\/\/staging.nbg.eu\/ro\/wp-json\/wp\/v2\/product_tag?post=140064"}],"curies":[{"name":"wp","href":"https:\/\/api.w.org\/{rel}","templated":true}]}}