{"id":139621,"date":"2025-01-04T11:00:05","date_gmt":"2025-01-10T12:07:41","guid":{"rendered":"https:\/\/staging.nbg.eu\/product\/area-419-improved-bipod-picatinny-rail-ibr\/"},"modified":"2025-01-10T12:30:40","modified_gmt":"2025-01-10T12:30:40","slug":"area-419-sina-picatinny-imbunatatita-pentru-bipod-ibr","status":"publish","type":"product","link":"https:\/\/staging.nbg.eu\/ro\/produs\/area-419-sina-picatinny-imbunatatita-pentru-bipod-ibr\/","title":{"rendered":"Area 419 &#8211; Sina Picatinny imbunatatita pentru bipod (IBR)"},"content":{"rendered":"<div class=\"product-description\">\n<h2>Area 419 &#8211; \u0218in\u0103 Picatinny pentru Bipod \u00cembun\u0103t\u0103\u021bit\u0103 (IBR)<\/h2>\n<p>\u0218ina Area 419 IBR are o lungime de 4,8&#8243; \u0219i 10 sloturi, oferind 43% mai mult\u0103 versatilitate dec\u00e2t competitorii. C\u00e2nt\u0103re\u0219te 1,09 uncii.<\/p>\n<ul>\n<li>Prelucrat\u0103 cu col\u021buri rotunjite \u0219i margini te\u0219ite<\/li>\n<li>Potrivit\u0103 pentru spa\u021bierea g\u0103urilor de \u0219urub \u00eentre 1,5&#8243; \u0219i 3,475&#8243;<\/li>\n<li>Dispune de un element pentru monturile de bipod stil Larue<\/li>\n<li>Toate sloturile sunt utilizabile indiferent de pozi\u021bia \u0219uruburilor<\/li>\n<li>Fabricat\u0103 din aluminiu 7075-T651 pentru rezisten\u021b\u0103 \u0219i greutate redus\u0103<\/li>\n<li>Produs\u0103 \u00een SUA cu materiale de origine american\u0103<\/li>\n<li>Include accesorii pentru montare<\/li>\n<\/ul>\n<p>Area 419 IBR ofer\u0103 calitate \u0219i func\u021bionalitate.<\/p>\n<\/div>\n","protected":false},"excerpt":{"rendered":"<p>IBR de la Area 419: \u0218in\u0103 pentru bipod u\u0219oar\u0103 \u0219i durabil\u0103, cu 10 sloturi.<\/p>\n","protected":false},"featured_media":118184,"template":"","meta":{"_acf_changed":false},"product_brand":[11049],"product_cat":[12795,12743],"product_tag":[],"class_list":{"0":"post-139621","1":"product","2":"type-product","3":"status-publish","4":"has-post-thumbnail","6":"product_brand-area-419","7":"product_cat-pusca","8":"product_cat-sine","10":"first","11":"instock","12":"taxable","13":"shipping-taxable","14":"purchasable","15":"product-type-variable","16":"wvs-archive-product-wrapper"},"acf":[],"_links":{"self":[{"href":"https:\/\/staging.nbg.eu\/ro\/wp-json\/wp\/v2\/product\/139621","targetHints":{"allow":["GET"]}}],"collection":[{"href":"https:\/\/staging.nbg.eu\/ro\/wp-json\/wp\/v2\/product"}],"about":[{"href":"https:\/\/staging.nbg.eu\/ro\/wp-json\/wp\/v2\/types\/product"}],"wp:featuredmedia":[{"embeddable":true,"href":"https:\/\/staging.nbg.eu\/ro\/wp-json\/wp\/v2\/media\/118184"}],"wp:attachment":[{"href":"https:\/\/staging.nbg.eu\/ro\/wp-json\/wp\/v2\/media?parent=139621"}],"wp:term":[{"taxonomy":"product_brand","embeddable":true,"href":"https:\/\/staging.nbg.eu\/ro\/wp-json\/wp\/v2\/product_brand?post=139621"},{"taxonomy":"product_cat","embeddable":true,"href":"https:\/\/staging.nbg.eu\/ro\/wp-json\/wp\/v2\/product_cat?post=139621"},{"taxonomy":"product_tag","embeddable":true,"href":"https:\/\/staging.nbg.eu\/ro\/wp-json\/wp\/v2\/product_tag?post=139621"}],"curies":[{"name":"wp","href":"https:\/\/api.w.org\/{rel}","templated":true}]}}