{"id":139093,"date":"2025-01-04T11:21:50","date_gmt":"2025-01-04T11:21:50","guid":{"rendered":"https:\/\/staging.nbg.eu\/product\/area-419-master-funnel-kit\/"},"modified":"2025-01-10T10:23:08","modified_gmt":"2025-01-10T10:23:08","slug":"area-419-kit-complet-de-palnii","status":"publish","type":"product","link":"https:\/\/staging.nbg.eu\/ro\/produs\/area-419-kit-complet-de-palnii\/","title":{"rendered":"Area 419 &#8211; Kit complet de palnii"},"content":{"rendered":"<h2>Area 419 &#8211; Set de P\u00e2lnii Principal<\/h2>\n<p>Setul de P\u00e2lnii Principal Area 419 include:<\/p>\n<ul>\n<li>1 Corp de P\u00e2lnie<\/li>\n<li>6 Capete Specifice Calibrului (22 cal, 6mm\/243, 6.5mm\/264, 7mm\/284, 30 cal, 338 cal)<\/li>\n<li>1 Bloc de Depozitare<\/li>\n<\/ul>\n<p>Fabricat din aluminiu 6061-T6, acest set reduce electricitatea static\u0103 \u0219i asigur\u0103 fluxul de pulbere. Capetele interschimbabile se potrivesc fiec\u0103rui calibru. Designul include:<\/p>\n<ul>\n<li>Interior canelat pentru flux de pulbere<\/li>\n<li>M\u00e2nere prelucrate<\/li>\n<li>Suprafe\u021be netede pentru a preveni lipirea pulberii<\/li>\n<\/ul>\n<p>Fabricat \u00een SUA, acest set este destinat re\u00eenc\u0103rc\u0103rii de precizie.<\/p>\n","protected":false},"excerpt":{"rendered":"<p>Kit Master Funnel Area 419: Re\u00eenc\u0103rcare de precizie cu 6 capete de calibru.<\/p>\n","protected":false},"featured_media":119073,"template":"","meta":{"_acf_changed":false},"product_brand":[11049],"product_cat":[12745,12791],"product_tag":[],"class_list":{"0":"post-139093","1":"product","2":"type-product","3":"status-publish","4":"has-post-thumbnail","6":"product_brand-area-419","7":"product_cat-accesorii-reincarcare","8":"product_cat-reincarcare","10":"first","11":"instock","12":"taxable","13":"shipping-taxable","14":"purchasable","15":"product-type-simple"},"acf":[],"_links":{"self":[{"href":"https:\/\/staging.nbg.eu\/ro\/wp-json\/wp\/v2\/product\/139093","targetHints":{"allow":["GET"]}}],"collection":[{"href":"https:\/\/staging.nbg.eu\/ro\/wp-json\/wp\/v2\/product"}],"about":[{"href":"https:\/\/staging.nbg.eu\/ro\/wp-json\/wp\/v2\/types\/product"}],"wp:featuredmedia":[{"embeddable":true,"href":"https:\/\/staging.nbg.eu\/ro\/wp-json\/wp\/v2\/media\/119073"}],"wp:attachment":[{"href":"https:\/\/staging.nbg.eu\/ro\/wp-json\/wp\/v2\/media?parent=139093"}],"wp:term":[{"taxonomy":"product_brand","embeddable":true,"href":"https:\/\/staging.nbg.eu\/ro\/wp-json\/wp\/v2\/product_brand?post=139093"},{"taxonomy":"product_cat","embeddable":true,"href":"https:\/\/staging.nbg.eu\/ro\/wp-json\/wp\/v2\/product_cat?post=139093"},{"taxonomy":"product_tag","embeddable":true,"href":"https:\/\/staging.nbg.eu\/ro\/wp-json\/wp\/v2\/product_tag?post=139093"}],"curies":[{"name":"wp","href":"https:\/\/api.w.org\/{rel}","templated":true}]}}