{"id":138362,"date":"2025-01-04T04:14:08","date_gmt":"2025-01-09T20:35:21","guid":{"rendered":"https:\/\/staging.nbg.eu\/product\/area-419-remington-700-long-action-improved-scope-rail-isr-la\/"},"modified":"2025-01-09T20:37:29","modified_gmt":"2025-01-09T20:37:29","slug":"area-419-sina-de-luneta-imbunatatita-remington-700-long-action-isr-la","status":"publish","type":"product","link":"https:\/\/staging.nbg.eu\/ro\/produs\/area-419-sina-de-luneta-imbunatatita-remington-700-long-action-isr-la\/","title":{"rendered":"Area 419 &#8211; Sina de luneta imbunatatita Remington 700 Long Action (ISR-LA)"},"content":{"rendered":"<div class=\"product-description\">\n<h2>Area 419 &#8211; \u0218in\u0103 pentru lunet\u0103 \u00eembun\u0103t\u0103\u021bit\u0103 pentru Remington 700 Long Action (ISR-LA)<\/h2>\n<p>\u0218ina pentru lunet\u0103 Area 419 ISR-LA. Fabricat\u0103 din aluminiu 7075, aceast\u0103 \u0219in\u0103 include:<\/p>\n<ul>\n<li>Sistem integrat de absorb\u021bie a reculului pentru stabilitate<\/li>\n<li>Disponibil\u0103 \u00een variante cu caneluri complete \u0219i design ARC Top<\/li>\n<li>Compatibil\u0103 cu \u0219uruburi #6 \u0219i #8<\/li>\n<li>Unghi de 20 MOA<\/li>\n<li>Conform\u0103 cu standardul MIL-STD-1913<\/li>\n<li>Finisaj anodizat negru Tip III<\/li>\n<\/ul>\n<p>Include accesorii de montare \u0219i cheie Torx T10. Alege\u021bi \u00eentre varianta cu caneluri complete pentru compatibilitate universal\u0103 sau ARC Top. Dimensiuni: 21 cm \u00d7 2,54 cm \u00d7 2,54 cm, Greutate: 90 g.<\/p>\n<\/div>\n","protected":false},"excerpt":{"rendered":"<p>\u0218in\u0103 de lunet\u0103 de 20 MOA proiectat\u0103 cu precizie pentru pu\u0219tile Remington 700 LA.<\/p>\n","protected":false},"featured_media":111613,"template":"","meta":{"_acf_changed":false},"product_brand":[11049],"product_cat":[12795,12743],"product_tag":[],"class_list":{"0":"post-138362","1":"product","2":"type-product","3":"status-publish","4":"has-post-thumbnail","6":"product_brand-area-419","7":"product_cat-pusca","8":"product_cat-sine","10":"first","11":"instock","12":"taxable","13":"shipping-taxable","14":"purchasable","15":"product-type-variable","16":"wvs-archive-product-wrapper"},"acf":[],"_links":{"self":[{"href":"https:\/\/staging.nbg.eu\/ro\/wp-json\/wp\/v2\/product\/138362","targetHints":{"allow":["GET"]}}],"collection":[{"href":"https:\/\/staging.nbg.eu\/ro\/wp-json\/wp\/v2\/product"}],"about":[{"href":"https:\/\/staging.nbg.eu\/ro\/wp-json\/wp\/v2\/types\/product"}],"wp:featuredmedia":[{"embeddable":true,"href":"https:\/\/staging.nbg.eu\/ro\/wp-json\/wp\/v2\/media\/111613"}],"wp:attachment":[{"href":"https:\/\/staging.nbg.eu\/ro\/wp-json\/wp\/v2\/media?parent=138362"}],"wp:term":[{"taxonomy":"product_brand","embeddable":true,"href":"https:\/\/staging.nbg.eu\/ro\/wp-json\/wp\/v2\/product_brand?post=138362"},{"taxonomy":"product_cat","embeddable":true,"href":"https:\/\/staging.nbg.eu\/ro\/wp-json\/wp\/v2\/product_cat?post=138362"},{"taxonomy":"product_tag","embeddable":true,"href":"https:\/\/staging.nbg.eu\/ro\/wp-json\/wp\/v2\/product_tag?post=138362"}],"curies":[{"name":"wp","href":"https:\/\/api.w.org\/{rel}","templated":true}]}}