{"id":137440,"date":"2025-01-04T07:45:36","date_gmt":"2025-01-09T11:25:37","guid":{"rendered":"https:\/\/staging.nbg.eu\/product\/area-419-picatinny-1913-adapter-for-arcalock-clamps\/"},"modified":"2025-01-09T11:27:15","modified_gmt":"2025-01-09T11:27:15","slug":"area-419-adaptor-picatinny1913-pentru-cleme-arcalock","status":"publish","type":"product","link":"https:\/\/staging.nbg.eu\/ro\/produs\/area-419-adaptor-picatinny1913-pentru-cleme-arcalock\/","title":{"rendered":"Area 419 &#8211; Adaptor Picatinny\/1913 pentru cleme ARCALOCK"},"content":{"rendered":"<h2>Area 419 &#8211; Adaptor Picatinny\/1913 pentru cleme ARCALOCK<\/h2>\n<p>Acest adaptor cu \u0219in\u0103 Picatinny cu 4 sloturi este proiectat pentru a se integra cu clema noastr\u0103 ARCALOCK. Adaptorul permite utilizarea oric\u0103rui bipod compatibil Picatinny cu configura\u021bia dvs. existent\u0103.<\/p>\n<h2>Caracteristici principale:<\/h2>\n<ul>\n<li>Compatibil cu modelele Atlas BT10 cu 2 \u0219uruburi, Evo \u0219i alte bipoduri compatibile pic<\/li>\n<li>Fabricat intern pentru control de calitate<\/li>\n<li>Cup\u0103 integrat\u0103 pentru ata\u0219area curelei<\/li>\n<li>Design u\u0219or \u0219i compact<\/li>\n<\/ul>\n<h2>Specifica\u021bii:<\/h2>\n<ul>\n<li>Greutate: 0,2 lbs<\/li>\n<li>Dimensiuni: 2&#8243; \u00d7 0,5&#8243; \u00d7 0,5&#8243;<\/li>\n<li>Produc\u0103tor: B&amp;T Industries<\/li>\n<\/ul>\n<p>Actualiza\u021bi-v\u0103 clema ARCALOCK \u0219i ad\u0103uga\u021bi versatilitate configura\u021biei dvs. de tragere.<\/p>\n","protected":false},"excerpt":{"rendered":"<p>\u0218in\u0103 pic cu 4 sloturi pentru clema ARCALOCK, potrivit\u0103 pentru bipozii Atlas \u0219i Evo.<\/p>\n","protected":false},"featured_media":115696,"template":"","meta":{"_acf_changed":false},"product_brand":[11049],"product_cat":[12795,12743,390],"product_tag":[],"class_list":{"0":"post-137440","1":"product","2":"type-product","3":"status-publish","4":"has-post-thumbnail","6":"product_brand-area-419","7":"product_cat-pusca","8":"product_cat-sine","9":"product_cat-aiming","11":"first","12":"instock","13":"taxable","14":"shipping-taxable","15":"purchasable","16":"product-type-simple"},"acf":[],"_links":{"self":[{"href":"https:\/\/staging.nbg.eu\/ro\/wp-json\/wp\/v2\/product\/137440","targetHints":{"allow":["GET"]}}],"collection":[{"href":"https:\/\/staging.nbg.eu\/ro\/wp-json\/wp\/v2\/product"}],"about":[{"href":"https:\/\/staging.nbg.eu\/ro\/wp-json\/wp\/v2\/types\/product"}],"wp:featuredmedia":[{"embeddable":true,"href":"https:\/\/staging.nbg.eu\/ro\/wp-json\/wp\/v2\/media\/115696"}],"wp:attachment":[{"href":"https:\/\/staging.nbg.eu\/ro\/wp-json\/wp\/v2\/media?parent=137440"}],"wp:term":[{"taxonomy":"product_brand","embeddable":true,"href":"https:\/\/staging.nbg.eu\/ro\/wp-json\/wp\/v2\/product_brand?post=137440"},{"taxonomy":"product_cat","embeddable":true,"href":"https:\/\/staging.nbg.eu\/ro\/wp-json\/wp\/v2\/product_cat?post=137440"},{"taxonomy":"product_tag","embeddable":true,"href":"https:\/\/staging.nbg.eu\/ro\/wp-json\/wp\/v2\/product_tag?post=137440"}],"curies":[{"name":"wp","href":"https:\/\/api.w.org\/{rel}","templated":true}]}}