{"id":136589,"date":"2024-11-26T10:16:42","date_gmt":"2024-11-26T10:16:42","guid":{"rendered":"https:\/\/staging.nbg.eu\/product\/geissele-alg-defense-barrel-nut-wrench\/"},"modified":"2025-01-09T09:21:23","modified_gmt":"2025-01-09T09:21:23","slug":"cheie-pentru-piulita-tevii-geissele-alg-defense","status":"publish","type":"product","link":"https:\/\/staging.nbg.eu\/ro\/produs\/cheie-pentru-piulita-tevii-geissele-alg-defense\/","title":{"rendered":"Cheie pentru piulita tevii Geissele ALG Defense"},"content":{"rendered":"<div class=\"product-description\">\n<h2>Cheie pentru piuli\u021ba de \u021beav\u0103 ALG Defense<\/h2>\n<p>Cheia pentru piuli\u021ba de \u021beav\u0103 ALG Defense este un instrument pentru entuzia\u0219tii \u0219i armurieri de arme de foc. Aceast\u0103 cheie v\u0103 permite s\u0103:<\/p>\n<ul>\n<li>Aplica\u021bi cuplul adecvat piuli\u021bei de \u021beav\u0103<\/li>\n<li>Indexa\u021bi piuli\u021ba de \u021beav\u0103 la tubul de gaz simultan<\/li>\n<li>Asambla\u021bi sistemele de \u0219ine ALG Defense f\u0103r\u0103 o cheie dinamometric\u0103<\/li>\n<\/ul>\n<p>Aceast\u0103 cheie simplific\u0103 procesul de instalare. Designul s\u0103u asigur\u0103 rezultate consistente \u0219i fiabile de fiecare dat\u0103.<\/p>\n<p>Cheia pentru piuli\u021ba de \u021beav\u0103 ALG Defense este o solu\u021bie pentru asamblarea \u0219i \u00eentre\u021binerea armelor de foc.<\/p>\n<\/div>\n","protected":false},"excerpt":{"rendered":"<p>Cheie pentru piuli\u021ba \u021bevii ALG Defense: Cuplu \u0219i indexare u\u0219oar\u0103, f\u0103r\u0103 accesorii suplimentare necesare.<\/p>\n","protected":false},"featured_media":81248,"template":"","meta":{"_acf_changed":false},"product_brand":[11395],"product_cat":[12744],"product_tag":[],"class_list":{"0":"post-136589","1":"product","2":"type-product","3":"status-publish","4":"has-post-thumbnail","6":"product_brand-geissele","7":"product_cat-reglaj-pusca","9":"first","10":"instock","11":"taxable","12":"shipping-taxable","13":"product-type-simple"},"acf":[],"_links":{"self":[{"href":"https:\/\/staging.nbg.eu\/ro\/wp-json\/wp\/v2\/product\/136589","targetHints":{"allow":["GET"]}}],"collection":[{"href":"https:\/\/staging.nbg.eu\/ro\/wp-json\/wp\/v2\/product"}],"about":[{"href":"https:\/\/staging.nbg.eu\/ro\/wp-json\/wp\/v2\/types\/product"}],"wp:featuredmedia":[{"embeddable":true,"href":"https:\/\/staging.nbg.eu\/ro\/wp-json\/wp\/v2\/media\/81248"}],"wp:attachment":[{"href":"https:\/\/staging.nbg.eu\/ro\/wp-json\/wp\/v2\/media?parent=136589"}],"wp:term":[{"taxonomy":"product_brand","embeddable":true,"href":"https:\/\/staging.nbg.eu\/ro\/wp-json\/wp\/v2\/product_brand?post=136589"},{"taxonomy":"product_cat","embeddable":true,"href":"https:\/\/staging.nbg.eu\/ro\/wp-json\/wp\/v2\/product_cat?post=136589"},{"taxonomy":"product_tag","embeddable":true,"href":"https:\/\/staging.nbg.eu\/ro\/wp-json\/wp\/v2\/product_tag?post=136589"}],"curies":[{"name":"wp","href":"https:\/\/api.w.org\/{rel}","templated":true}]}}