{"id":134793,"date":"2024-11-26T10:13:16","date_gmt":"2024-11-26T10:13:16","guid":{"rendered":"https:\/\/staging.nbg.eu\/product\/geissele-ak-high-energy-main-spring\/"},"modified":"2025-01-08T19:00:52","modified_gmt":"2025-01-08T19:00:52","slug":"arc-principal-de-energie-inalta-geissele-ak","status":"publish","type":"product","link":"https:\/\/staging.nbg.eu\/ro\/produs\/arc-principal-de-energie-inalta-geissele-ak\/","title":{"rendered":"Arc principal de energie inalta Geissele AK"},"content":{"rendered":"<div class=\"product-description\">\n<h2>Arc principal de energie \u00eenalt\u0103 Geissele pentru AK<\/h2>\n<p>\u00cembun\u0103t\u0103\u021bi\u021bi performan\u021ba pu\u0219tii dvs. AK47\/74 cu arcul principal de energie \u00eenalt\u0103 Geissele pentru AK. Acest arc de \u00eenlocuire ofer\u0103:<\/p>\n<ul>\n<li>Construc\u021bie din s\u00e2rm\u0103 unic\u0103 de crom-siliciu<\/li>\n<li>Fabricat conform specifica\u021biilor ASTM A401<\/li>\n<li>Cu 25% mai mult cuplu dec\u00e2t arcurile principale standard<\/li>\n<li>Timp de blocare redus pentru o vitez\u0103 de tragere \u00eembun\u0103t\u0103\u021bit\u0103<\/li>\n<li>Consisten\u021b\u0103 crescut\u0103 \u00een aprinderea capselor<\/li>\n<\/ul>\n<p>\u00cembun\u0103t\u0103\u021bi\u021bi fiabilitatea \u0219i reactivitatea AK-ului dvs. cu acest arc de \u00eenalt\u0103 performan\u021b\u0103. Arcul principal de energie \u00eenalt\u0103 Geissele pentru AK ofer\u0103 performan\u021b\u0103 \u0219i consisten\u021b\u0103 superioar\u0103 la fiecare tragere.<\/p>\n<\/div>\n","protected":false},"excerpt":{"rendered":"<p>\u00cembun\u0103t\u0103\u021bi\u021bi performan\u021ba AK47\/74 cu acest arc de \u00eenlocuire de \u00eenalt\u0103 energie.<\/p>\n","protected":false},"featured_media":81155,"template":"","meta":{"_acf_changed":false},"product_brand":[11395],"product_cat":[12729],"product_tag":[],"class_list":{"0":"post-134793","1":"product","2":"type-product","3":"status-publish","4":"has-post-thumbnail","6":"product_brand-geissele","7":"product_cat-reglaj-ak","9":"first","10":"instock","11":"taxable","12":"shipping-taxable","13":"product-type-simple"},"acf":[],"_links":{"self":[{"href":"https:\/\/staging.nbg.eu\/ro\/wp-json\/wp\/v2\/product\/134793","targetHints":{"allow":["GET"]}}],"collection":[{"href":"https:\/\/staging.nbg.eu\/ro\/wp-json\/wp\/v2\/product"}],"about":[{"href":"https:\/\/staging.nbg.eu\/ro\/wp-json\/wp\/v2\/types\/product"}],"wp:featuredmedia":[{"embeddable":true,"href":"https:\/\/staging.nbg.eu\/ro\/wp-json\/wp\/v2\/media\/81155"}],"wp:attachment":[{"href":"https:\/\/staging.nbg.eu\/ro\/wp-json\/wp\/v2\/media?parent=134793"}],"wp:term":[{"taxonomy":"product_brand","embeddable":true,"href":"https:\/\/staging.nbg.eu\/ro\/wp-json\/wp\/v2\/product_brand?post=134793"},{"taxonomy":"product_cat","embeddable":true,"href":"https:\/\/staging.nbg.eu\/ro\/wp-json\/wp\/v2\/product_cat?post=134793"},{"taxonomy":"product_tag","embeddable":true,"href":"https:\/\/staging.nbg.eu\/ro\/wp-json\/wp\/v2\/product_tag?post=134793"}],"curies":[{"name":"wp","href":"https:\/\/api.w.org\/{rel}","templated":true}]}}