{"id":134538,"date":"2024-11-26T10:10:26","date_gmt":"2025-01-08T18:01:07","guid":{"rendered":"https:\/\/staging.nbg.eu\/product\/geissele-ak-braided-spring\/"},"modified":"2025-01-08T18:02:50","modified_gmt":"2025-01-08T18:02:50","slug":"geissele-arc-impletit-ak","status":"publish","type":"product","link":"https:\/\/staging.nbg.eu\/ro\/produs\/geissele-arc-impletit-ak\/","title":{"rendered":"Geissele Arc Impletit AK"},"content":{"rendered":"<div class=\"product-description\">\n<h2>Arc \u00eempletit Geissele pentru AK<\/h2>\n<p>\u00cenlocui\u021bi arcul de recul standard al pu\u0219tii AK47\/74 cu arcul principal ALG AK \u00eempletit. Fabricat \u00een SUA, acest arc are urm\u0103toarele caracteristici:<\/p>\n<ul>\n<li>Trei fire de s\u00e2rm\u0103 pentru instrumente muzicale<\/li>\n<li>Construc\u021bie \u00eempletit\u0103 pentru durabilitate<\/li>\n<li>\u00cembun\u0103t\u0103\u021birea ciclului de func\u021bionare \u0219i a fiabilit\u0103\u021bii<\/li>\n<li>Compatibil cu variantele AK47 \u0219i AK74<\/li>\n<\/ul>\n<p>Acest arc ofer\u0103 o func\u021bionare mai lin\u0103 \u0219i performan\u021b\u0103 constant\u0103. Designul \u00eempletit asigur\u0103 o durat\u0103 de via\u021b\u0103 mai lung\u0103 comparativ cu arcurile tradi\u021bionale cu un singur fir. \u00cembun\u0103t\u0103\u021bi\u021bi func\u021bionalitatea pu\u0219tii dumneavoastr\u0103 cu acest arc.<\/p>\n<\/div>\n","protected":false},"excerpt":{"rendered":"<p>\u00cembun\u0103t\u0103\u021bi\u021bi performan\u021ba AK47\/74 cu arcul principal \u00eempletit fabricat \u00een SUA.<\/p>\n","protected":false},"featured_media":81108,"template":"","meta":{"_acf_changed":false},"product_brand":[11395],"product_cat":[12729],"product_tag":[],"class_list":{"0":"post-134538","1":"product","2":"type-product","3":"status-publish","4":"has-post-thumbnail","6":"product_brand-geissele","7":"product_cat-reglaj-ak","9":"first","10":"instock","11":"taxable","12":"shipping-taxable","13":"product-type-simple"},"acf":[],"_links":{"self":[{"href":"https:\/\/staging.nbg.eu\/ro\/wp-json\/wp\/v2\/product\/134538","targetHints":{"allow":["GET"]}}],"collection":[{"href":"https:\/\/staging.nbg.eu\/ro\/wp-json\/wp\/v2\/product"}],"about":[{"href":"https:\/\/staging.nbg.eu\/ro\/wp-json\/wp\/v2\/types\/product"}],"wp:featuredmedia":[{"embeddable":true,"href":"https:\/\/staging.nbg.eu\/ro\/wp-json\/wp\/v2\/media\/81108"}],"wp:attachment":[{"href":"https:\/\/staging.nbg.eu\/ro\/wp-json\/wp\/v2\/media?parent=134538"}],"wp:term":[{"taxonomy":"product_brand","embeddable":true,"href":"https:\/\/staging.nbg.eu\/ro\/wp-json\/wp\/v2\/product_brand?post=134538"},{"taxonomy":"product_cat","embeddable":true,"href":"https:\/\/staging.nbg.eu\/ro\/wp-json\/wp\/v2\/product_cat?post=134538"},{"taxonomy":"product_tag","embeddable":true,"href":"https:\/\/staging.nbg.eu\/ro\/wp-json\/wp\/v2\/product_tag?post=134538"}],"curies":[{"name":"wp","href":"https:\/\/api.w.org\/{rel}","templated":true}]}}