{"id":134248,"date":"2024-11-17T08:22:03","date_gmt":"2025-01-08T17:29:43","guid":{"rendered":"https:\/\/staging.nbg.eu\/product\/geissele-ak-recoil-spring\/"},"modified":"2025-01-08T17:31:32","modified_gmt":"2025-01-08T17:31:32","slug":"geissele-arc-recul-ak","status":"publish","type":"product","link":"https:\/\/staging.nbg.eu\/ro\/produs\/geissele-arc-recul-ak\/","title":{"rendered":"Geissele Arc Recul AK"},"content":{"rendered":"<div class=\"product-description\">\n<h2>Arc de recul Geissele pentru AK<\/h2>\n<p>Arcul de recul ALG AK \u00eembun\u0103t\u0103\u021be\u0219te performan\u021ba pu\u0219tii AK. Acest design ofer\u0103 durabilitate \u0219i fiabilitate pentru arma dumneavoastr\u0103.<\/p>\n<ul>\n<li>Fabricat din o\u021bel crom-siliciu<\/li>\n<li>Rezisten\u021b\u0103 la \u0219ocuri de impact \u0219i relaxare<\/li>\n<li>Design cu 2-3 spire moarte \u00een centru<\/li>\n<li>Previne deteriorarea prin armonice \u0219i men\u021bine lungimea liber\u0103<\/li>\n<\/ul>\n<p>Acest arc are un design care \u00eei modific\u0103 frecven\u021ba natural\u0103, asigur\u00e2nd performan\u021b\u0103 constant\u0103 \u0219i durat\u0103 de via\u021b\u0103 extins\u0103. Arcul de recul \u00eembun\u0103t\u0103\u021be\u0219te stabilitatea la tragere \u0219i reduce uzura armei.<\/p>\n<\/div>\n","protected":false},"excerpt":{"rendered":"<p>Arc de recul Geissele AK: Durabil, rezistent la \u0219ocuri, cu reducerea armonicelor.<\/p>\n","protected":false},"featured_media":81061,"template":"","meta":{"_acf_changed":false},"product_brand":[11395],"product_cat":[12729],"product_tag":[],"class_list":{"0":"post-134248","1":"product","2":"type-product","3":"status-publish","4":"has-post-thumbnail","6":"product_brand-geissele","7":"product_cat-reglaj-ak","9":"first","10":"instock","11":"taxable","12":"shipping-taxable","13":"product-type-simple"},"acf":[],"_links":{"self":[{"href":"https:\/\/staging.nbg.eu\/ro\/wp-json\/wp\/v2\/product\/134248","targetHints":{"allow":["GET"]}}],"collection":[{"href":"https:\/\/staging.nbg.eu\/ro\/wp-json\/wp\/v2\/product"}],"about":[{"href":"https:\/\/staging.nbg.eu\/ro\/wp-json\/wp\/v2\/types\/product"}],"wp:featuredmedia":[{"embeddable":true,"href":"https:\/\/staging.nbg.eu\/ro\/wp-json\/wp\/v2\/media\/81061"}],"wp:attachment":[{"href":"https:\/\/staging.nbg.eu\/ro\/wp-json\/wp\/v2\/media?parent=134248"}],"wp:term":[{"taxonomy":"product_brand","embeddable":true,"href":"https:\/\/staging.nbg.eu\/ro\/wp-json\/wp\/v2\/product_brand?post=134248"},{"taxonomy":"product_cat","embeddable":true,"href":"https:\/\/staging.nbg.eu\/ro\/wp-json\/wp\/v2\/product_cat?post=134248"},{"taxonomy":"product_tag","embeddable":true,"href":"https:\/\/staging.nbg.eu\/ro\/wp-json\/wp\/v2\/product_tag?post=134248"}],"curies":[{"name":"wp","href":"https:\/\/api.w.org\/{rel}","templated":true}]}}