{"id":134123,"date":"2024-11-27T16:45:20","date_gmt":"2025-01-08T17:18:27","guid":{"rendered":"https:\/\/staging.nbg.eu\/product\/area-419-remington-700-short-action-improved-scope-rail-isr-sa\/"},"modified":"2025-01-08T17:20:18","modified_gmt":"2025-01-08T17:20:18","slug":"area-419-sina-luneta-imbunatatita-remington-700-actiune-scurta-isr-sa","status":"publish","type":"product","link":"https:\/\/staging.nbg.eu\/ro\/produs\/area-419-sina-luneta-imbunatatita-remington-700-actiune-scurta-isr-sa\/","title":{"rendered":"Area 419 &#8211; Sina Luneta Imbunatatita Remington 700 Actiune Scurta (ISR-SA)"},"content":{"rendered":"<div class=\"product-description\">\n<h2>Area 419 &#8211; \u0218in\u0103 de lunet\u0103 \u00eembun\u0103t\u0103\u021bit\u0103 pentru Remington 700 cu ac\u021biune scurt\u0103 (ISR-SA)<\/h2>\n<p>\u0218in\u0103 de lunet\u0103 Area 419 ISR-SA pentru pu\u0219cile Remington 700 cu ac\u021biune scurt\u0103. Fabricat\u0103 din aluminiu 7075, aceast\u0103 \u0219in\u0103 include:<\/p>\n<ul>\n<li>Opritor de recul integrat<\/li>\n<li>Disponibil\u0103 \u00een versiuni cu caneluri complete \u0219i ARC Top<\/li>\n<li>Compatibil\u0103 cu \u0219uruburi #6 \u0219i #8 (incluse)<\/li>\n<li>Prelucrare suprafa\u021b\u0103 1:1<\/li>\n<li>Conform\u0103 cu standardul MIL-STD-1913<\/li>\n<li>Finisaj anodizat negru tip III Hardcoat<\/li>\n<li>Decupaj pentru port de ejec\u021bie pentru \u00eenc\u0103rcare superioar\u0103<\/li>\n<\/ul>\n<p>Op\u021biuni disponibile: 20 MOA \u0219i 30 MOA. Greutate: 0,09 kg. Dimensiuni: 21 \u00d7 2,54 \u00d7 2,54 cm. Pentru Remington 700.<\/p>\n<\/div>\n","protected":false},"excerpt":{"rendered":"<p>\u0218in\u0103 de lunet\u0103 din aluminiu 7075 prelucrat\u0103 cu precizie pentru Remington 700 SA<\/p>\n","protected":false},"featured_media":108112,"template":"","meta":{"_acf_changed":false},"product_brand":[11049],"product_cat":[12795,12743],"product_tag":[],"class_list":{"0":"post-134123","1":"product","2":"type-product","3":"status-publish","4":"has-post-thumbnail","6":"product_brand-area-419","7":"product_cat-pusca","8":"product_cat-sine","10":"first","11":"instock","12":"taxable","13":"shipping-taxable","14":"purchasable","15":"product-type-variable","16":"wvs-archive-product-wrapper"},"acf":[],"_links":{"self":[{"href":"https:\/\/staging.nbg.eu\/ro\/wp-json\/wp\/v2\/product\/134123","targetHints":{"allow":["GET"]}}],"collection":[{"href":"https:\/\/staging.nbg.eu\/ro\/wp-json\/wp\/v2\/product"}],"about":[{"href":"https:\/\/staging.nbg.eu\/ro\/wp-json\/wp\/v2\/types\/product"}],"wp:featuredmedia":[{"embeddable":true,"href":"https:\/\/staging.nbg.eu\/ro\/wp-json\/wp\/v2\/media\/108112"}],"wp:attachment":[{"href":"https:\/\/staging.nbg.eu\/ro\/wp-json\/wp\/v2\/media?parent=134123"}],"wp:term":[{"taxonomy":"product_brand","embeddable":true,"href":"https:\/\/staging.nbg.eu\/ro\/wp-json\/wp\/v2\/product_brand?post=134123"},{"taxonomy":"product_cat","embeddable":true,"href":"https:\/\/staging.nbg.eu\/ro\/wp-json\/wp\/v2\/product_cat?post=134123"},{"taxonomy":"product_tag","embeddable":true,"href":"https:\/\/staging.nbg.eu\/ro\/wp-json\/wp\/v2\/product_tag?post=134123"}],"curies":[{"name":"wp","href":"https:\/\/api.w.org\/{rel}","templated":true}]}}