{"id":130861,"date":"2025-01-01T20:50:51","date_gmt":"2025-01-07T14:17:05","guid":{"rendered":"https:\/\/staging.nbg.eu\/product\/low-profile-red-dot-plates-for-area-419-tactical-mounts\/"},"modified":"2025-01-07T14:19:01","modified_gmt":"2025-01-07T14:19:01","slug":"placi-red-dot-profil-jos-pentru-montaje-tactice-area-419","status":"publish","type":"product","link":"https:\/\/staging.nbg.eu\/ro\/produs\/placi-red-dot-profil-jos-pentru-montaje-tactice-area-419\/","title":{"rendered":"Placi Red-Dot Profil Jos pentru Montaje Tactice Area 419"},"content":{"rendered":"<div class=\"product-description\">\n<h2>Pl\u0103ci pentru puncte ro\u0219ii cu profil redus pentru suporturi Area 419<\/h2>\n<p>Pl\u0103ci pentru puncte ro\u0219ii cu profil redus, concepute pentru func\u021bionalitate \u0219i precizie. Aceste pl\u0103ci frezate CNC includ:<\/p>\n<ul>\n<li>Finisaj anodizat negru tip III Hardcoat<\/li>\n<li>\u0218uruburi de montare captive pentru instalare u\u0219oar\u0103<\/li>\n<li>Fabricate \u00een America din aluminiu 7075<\/li>\n<li>Montare cu dublu con \u00een a\u0219teptarea brevetului pentru securitate<\/li>\n<li>Durabilitate \u0219i rigiditate pentru revenire \u00eembun\u0103t\u0103\u021bit\u0103 la zero<\/li>\n<\/ul>\n<p>Disponibile \u00een formatele RMR, ACRO \u0219i DPP, compatibile cu o gam\u0103 larg\u0103 de optici. Cu o greutate de doar 0,11 kg, aceste pl\u0103ci compacte (15,24 cm \u00d7 10,16 cm \u00d7 2,54 cm) ofer\u0103 un echilibru \u00eentre rezisten\u021b\u0103 \u0219i design u\u0219or.<\/p>\n<p>Pl\u0103ci pentru puncte ro\u0219ii Area 419 proiectate cu precizie.<\/p>\n<\/div>\n","protected":false},"excerpt":{"rendered":"<p>Pl\u0103ci pentru punct ro\u0219u sigure \u0219i versatile, compatibile cu suporturile tactice Area 419.<\/p>\n","protected":false},"featured_media":109006,"template":"","meta":{"_acf_changed":false},"product_brand":[11049],"product_cat":[12728,12771,12733],"product_tag":[],"class_list":{"0":"post-130861","1":"product","2":"type-product","3":"status-publish","4":"has-post-thumbnail","6":"product_brand-area-419","7":"product_cat-accesorii-de-ochire","8":"product_cat-ochire","9":"product_cat-suporturi","11":"first","12":"instock","13":"taxable","14":"shipping-taxable","15":"purchasable","16":"product-type-variable","17":"wvs-archive-product-wrapper"},"acf":[],"_links":{"self":[{"href":"https:\/\/staging.nbg.eu\/ro\/wp-json\/wp\/v2\/product\/130861","targetHints":{"allow":["GET"]}}],"collection":[{"href":"https:\/\/staging.nbg.eu\/ro\/wp-json\/wp\/v2\/product"}],"about":[{"href":"https:\/\/staging.nbg.eu\/ro\/wp-json\/wp\/v2\/types\/product"}],"wp:featuredmedia":[{"embeddable":true,"href":"https:\/\/staging.nbg.eu\/ro\/wp-json\/wp\/v2\/media\/109006"}],"wp:attachment":[{"href":"https:\/\/staging.nbg.eu\/ro\/wp-json\/wp\/v2\/media?parent=130861"}],"wp:term":[{"taxonomy":"product_brand","embeddable":true,"href":"https:\/\/staging.nbg.eu\/ro\/wp-json\/wp\/v2\/product_brand?post=130861"},{"taxonomy":"product_cat","embeddable":true,"href":"https:\/\/staging.nbg.eu\/ro\/wp-json\/wp\/v2\/product_cat?post=130861"},{"taxonomy":"product_tag","embeddable":true,"href":"https:\/\/staging.nbg.eu\/ro\/wp-json\/wp\/v2\/product_tag?post=130861"}],"curies":[{"name":"wp","href":"https:\/\/api.w.org\/{rel}","templated":true}]}}