{"id":130238,"date":"2024-01-30T18:12:20","date_gmt":"2025-01-07T13:16:14","guid":{"rendered":"https:\/\/staging.nbg.eu\/product\/area-419-cantilevered-tactical-one-piece-scope-mount\/"},"modified":"2025-01-07T13:18:11","modified_gmt":"2025-01-07T13:18:11","slug":"area-419-montaj-luneta-tactic-o-piesa-cantilevered","status":"publish","type":"product","link":"https:\/\/staging.nbg.eu\/ro\/produs\/area-419-montaj-luneta-tactic-o-piesa-cantilevered\/","title":{"rendered":"Area 419 Montaj Luneta Tactic O-Piesa Cantilevered"},"content":{"rendered":"<div class=\"product-description\">\n<h2>Suport de Lunet\u0103 Monobloc Cantilevrat Tactic Area 419<\/h2>\n<p>Suportul de Lunet\u0103 Monobloc Cantilevrat Tactic Area 419 ofer\u0103 fiabilitate \u0219i consisten\u021b\u0103. Este proiectat pentru tr\u0103g\u0103torii de precizie, oferind o prindere a opticii mai fiabil\u0103 dec\u00e2t alte produse de pe pia\u021b\u0103.<\/p>\n<h2>Proces de Fabrica\u021bie<\/h2>\n<ul>\n<li>Frezat CNC \u00een America din aluminiu 7075<\/li>\n<li>G\u0103urit final \u00een seturi pentru aliniere perfect\u0103<\/li>\n<li>Suprafe\u021be de contact cu luneta din aluminiu brut, g\u0103urite cu precizie<\/li>\n<li>Nu este dezasamblat complet dup\u0103 g\u0103urire<\/li>\n<\/ul>\n<h2>Caracteristici Principale<\/h2>\n<ul>\n<li>Design u\u0219or: 226-255 g per suport<\/li>\n<li>Multiple puncte de montare pentru accesorii<\/li>\n<li>Bare de prindere separate pentru \u0219ina picatinny<\/li>\n<li>Picioare de prindere \u00eencastrate pentru ajustare maxim\u0103<\/li>\n<li>Pini de ghidare din o\u021bel \u00eentre baz\u0103 \u0219i capace<\/li>\n<li>Hardware personalizat din o\u021bel inoxidabil nitridat<\/li>\n<li>Ata\u0219ament superior pentru accesorii rigid \u0219i repetabil<\/li>\n<\/ul>\n<h2>Specifica\u021bii<\/h2>\n<ul>\n<li>Greutate: 680 g<\/li>\n<li>Dimensiuni: 24,1 \u00d7 14,7 \u00d7 7,1 cm<\/li>\n<li>Op\u021biuni diametru tub: 30mm, 34mm, 35mm, 36mm<\/li>\n<li>Op\u021biuni \u00een\u0103l\u021bime: 34mm, 39mm<\/li>\n<li>Op\u021biuni \u00eenclinare: 0 MOA, 20 MOA (5,8 MIL)<\/li>\n<\/ul>\n<p>Procesul nostru de fabrica\u021bie creeaz\u0103 un suport de lunet\u0103 care \u00eendepline\u0219te standarde \u00eenalte de calitate \u0219i performan\u021b\u0103.<\/p>\n<\/div>\n","protected":false},"excerpt":{"rendered":"<p>Suport de lunet\u0103 proiectat cu precizie: robust, u\u0219or, cu inele finale adaptate perfect pentru o precizie maxim\u0103.<\/p>\n","protected":false},"featured_media":108746,"template":"","meta":{"_acf_changed":false},"product_brand":[11049],"product_cat":[12771,12733],"product_tag":[],"class_list":{"0":"post-130238","1":"product","2":"type-product","3":"status-publish","4":"has-post-thumbnail","6":"product_brand-area-419","7":"product_cat-ochire","8":"product_cat-suporturi","10":"first","11":"instock","12":"taxable","13":"shipping-taxable","14":"purchasable","15":"product-type-variable","16":"wvs-archive-product-wrapper"},"acf":[],"_links":{"self":[{"href":"https:\/\/staging.nbg.eu\/ro\/wp-json\/wp\/v2\/product\/130238","targetHints":{"allow":["GET"]}}],"collection":[{"href":"https:\/\/staging.nbg.eu\/ro\/wp-json\/wp\/v2\/product"}],"about":[{"href":"https:\/\/staging.nbg.eu\/ro\/wp-json\/wp\/v2\/types\/product"}],"wp:featuredmedia":[{"embeddable":true,"href":"https:\/\/staging.nbg.eu\/ro\/wp-json\/wp\/v2\/media\/108746"}],"wp:attachment":[{"href":"https:\/\/staging.nbg.eu\/ro\/wp-json\/wp\/v2\/media?parent=130238"}],"wp:term":[{"taxonomy":"product_brand","embeddable":true,"href":"https:\/\/staging.nbg.eu\/ro\/wp-json\/wp\/v2\/product_brand?post=130238"},{"taxonomy":"product_cat","embeddable":true,"href":"https:\/\/staging.nbg.eu\/ro\/wp-json\/wp\/v2\/product_cat?post=130238"},{"taxonomy":"product_tag","embeddable":true,"href":"https:\/\/staging.nbg.eu\/ro\/wp-json\/wp\/v2\/product_tag?post=130238"}],"curies":[{"name":"wp","href":"https:\/\/api.w.org\/{rel}","templated":true}]}}