{"id":129805,"date":"2024-01-30T18:11:57","date_gmt":"2025-01-07T12:21:13","guid":{"rendered":"https:\/\/staging.nbg.eu\/product\/area-419-tactical-one-piece-scope-mount\/"},"modified":"2025-01-07T12:23:09","modified_gmt":"2025-01-07T12:23:09","slug":"area-419-montaj-luneta-tactic-o-piesa","status":"publish","type":"product","link":"https:\/\/staging.nbg.eu\/ro\/produs\/area-419-montaj-luneta-tactic-o-piesa\/","title":{"rendered":"Area 419 Montaj Luneta Tactic O-Piesa"},"content":{"rendered":"<div class=\"product-description\">\n<h2>Suport de lunet\u0103 mono-pies\u0103 Area 419 Tactical<\/h2>\n<p>Suport de lunet\u0103 fabricat cu inele ajustate \u0219i componente interioare din aluminiu brut, oferind o prindere bun\u0103 a opticii f\u0103r\u0103 greutate excesiv\u0103.<\/p>\n<ul>\n<li>Frezat CNC \u00een America din aluminiu 7075<\/li>\n<li>Suprafe\u021be de contact pentru lunet\u0103 din aluminiu brut, g\u0103urite cu precizie<\/li>\n<li>Mai multe puncte de montare pentru accesorii<\/li>\n<li>Bare separate de prindere pentru \u0219in\u0103 pentru aderen\u021b\u0103 maxim\u0103<\/li>\n<li>Pini de ghidare din o\u021bel pentru aliniere<\/li>\n<li>Componente din o\u021bel inoxidabil nitrat personalizate<\/li>\n<li>Ata\u0219ament superior pentru accesorii ultra-rigid, \u00een curs de brevetare<\/li>\n<\/ul>\n<p>Disponibil \u00een diferite diametre \u0219i \u00een\u0103l\u021bimi ale tubului, cu op\u021biuni de \u00eenclinare de 0 MOA sau 20 MOA. Greutate: 0,68 kg. Dimensiuni: 24,13 \u00d7 14,73 \u00d7 7,11 cm.<\/p>\n<\/div>\n","protected":false},"excerpt":{"rendered":"<p>Suport de lunet\u0103 cu g\u0103urire de precizie \u0219i rigiditate ultra-\u00eenalt\u0103 pentru o fiabilitate incomparabil\u0103.<\/p>\n","protected":false},"featured_media":108374,"template":"","meta":{"_acf_changed":false},"product_brand":[11049],"product_cat":[12771,12733],"product_tag":[],"class_list":{"0":"post-129805","1":"product","2":"type-product","3":"status-publish","4":"has-post-thumbnail","6":"product_brand-area-419","7":"product_cat-ochire","8":"product_cat-suporturi","10":"first","11":"instock","12":"taxable","13":"shipping-taxable","14":"purchasable","15":"product-type-variable","16":"wvs-archive-product-wrapper"},"acf":[],"_links":{"self":[{"href":"https:\/\/staging.nbg.eu\/ro\/wp-json\/wp\/v2\/product\/129805","targetHints":{"allow":["GET"]}}],"collection":[{"href":"https:\/\/staging.nbg.eu\/ro\/wp-json\/wp\/v2\/product"}],"about":[{"href":"https:\/\/staging.nbg.eu\/ro\/wp-json\/wp\/v2\/types\/product"}],"wp:featuredmedia":[{"embeddable":true,"href":"https:\/\/staging.nbg.eu\/ro\/wp-json\/wp\/v2\/media\/108374"}],"wp:attachment":[{"href":"https:\/\/staging.nbg.eu\/ro\/wp-json\/wp\/v2\/media?parent=129805"}],"wp:term":[{"taxonomy":"product_brand","embeddable":true,"href":"https:\/\/staging.nbg.eu\/ro\/wp-json\/wp\/v2\/product_brand?post=129805"},{"taxonomy":"product_cat","embeddable":true,"href":"https:\/\/staging.nbg.eu\/ro\/wp-json\/wp\/v2\/product_cat?post=129805"},{"taxonomy":"product_tag","embeddable":true,"href":"https:\/\/staging.nbg.eu\/ro\/wp-json\/wp\/v2\/product_tag?post=129805"}],"curies":[{"name":"wp","href":"https:\/\/api.w.org\/{rel}","templated":true}]}}