{"id":129190,"date":"2025-01-01T20:36:12","date_gmt":"2025-01-07T10:14:19","guid":{"rendered":"https:\/\/staging.nbg.eu\/product\/high-profile-red-dot-plates-for-area-419-tactical-mounts\/"},"modified":"2025-01-07T10:16:15","modified_gmt":"2025-01-07T10:16:15","slug":"placi-red-dot-profil-inalt-pentru-montaje-tactice-area-419","status":"publish","type":"product","link":"https:\/\/staging.nbg.eu\/ro\/produs\/placi-red-dot-profil-inalt-pentru-montaje-tactice-area-419\/","title":{"rendered":"Placi Red-Dot Profil Inalt pentru Montaje Tactice Area 419"},"content":{"rendered":"<h2>Pl\u0103ci cu punct ro\u0219u pentru suporturi tactice Area 419<\/h2>\n<p>Pl\u0103ci cu punct ro\u0219u pentru suportul tactice de lunet\u0103. Aceste pl\u0103ci ofer\u0103 func\u021bionalitate \u0219i durabilitate.<\/p>\n<h2>Caracteristici principale:<\/h2>\n<ul>\n<li>Montare cu dubl\u0103 \u00eenclinare pentru ata\u0219are sigur\u0103<\/li>\n<li>Compatibil cu nivele, carduri de reglaj, puncte ro\u0219ii \u0219i telemetru laser<\/li>\n<li>Durabilitate \u0219i rigiditate pentru revenire la zero<\/li>\n<li>Disponibil \u00een op\u021biuni de \u00een\u0103l\u021bime standard \u0219i joas\u0103<\/li>\n<li>Fabricat \u00een America din aluminiu 7075<\/li>\n<li>Finisaj anodizat negru tip III<\/li>\n<\/ul>\n<p>Alege\u021bi \u00eentre \u00een\u0103l\u021bimi standard (2,82 cm) \u0219i joas\u0103 (1,78 cm). Ambele au \u0219ine conform specifica\u021biei MIL-STD-1913 \u0219i \u0219uruburi de montare captive pentru instalare u\u0219oar\u0103.<\/p>\n<p>Greutate: 0,45 kg<br \/>\nDimensiuni: 15,24 \u00d7 8,89 \u00d7 5,08 cm<\/p>\n","protected":false},"excerpt":{"rendered":"<p>\u0218in\u0103 sigur\u0103 \u0219i versatil\u0103 pentru puncte ro\u0219ii \u0219i accesorii pe suporturi tactice.<\/p>\n","protected":false},"featured_media":108722,"template":"","meta":{"_acf_changed":false},"product_brand":[11049],"product_cat":[12728,12771,12733],"product_tag":[],"class_list":{"0":"post-129190","1":"product","2":"type-product","3":"status-publish","4":"has-post-thumbnail","6":"product_brand-area-419","7":"product_cat-accesorii-de-ochire","8":"product_cat-ochire","9":"product_cat-suporturi","11":"first","12":"instock","13":"taxable","14":"shipping-taxable","15":"purchasable","16":"product-type-variable","17":"wvs-archive-product-wrapper"},"acf":[],"_links":{"self":[{"href":"https:\/\/staging.nbg.eu\/ro\/wp-json\/wp\/v2\/product\/129190","targetHints":{"allow":["GET"]}}],"collection":[{"href":"https:\/\/staging.nbg.eu\/ro\/wp-json\/wp\/v2\/product"}],"about":[{"href":"https:\/\/staging.nbg.eu\/ro\/wp-json\/wp\/v2\/types\/product"}],"wp:featuredmedia":[{"embeddable":true,"href":"https:\/\/staging.nbg.eu\/ro\/wp-json\/wp\/v2\/media\/108722"}],"wp:attachment":[{"href":"https:\/\/staging.nbg.eu\/ro\/wp-json\/wp\/v2\/media?parent=129190"}],"wp:term":[{"taxonomy":"product_brand","embeddable":true,"href":"https:\/\/staging.nbg.eu\/ro\/wp-json\/wp\/v2\/product_brand?post=129190"},{"taxonomy":"product_cat","embeddable":true,"href":"https:\/\/staging.nbg.eu\/ro\/wp-json\/wp\/v2\/product_cat?post=129190"},{"taxonomy":"product_tag","embeddable":true,"href":"https:\/\/staging.nbg.eu\/ro\/wp-json\/wp\/v2\/product_tag?post=129190"}],"curies":[{"name":"wp","href":"https:\/\/api.w.org\/{rel}","templated":true}]}}