{"id":128308,"date":"2025-01-01T20:24:58","date_gmt":"2025-01-07T09:38:57","guid":{"rendered":"https:\/\/staging.nbg.eu\/product\/area-419-tikka-t3-standard-action-improved-scope-rail\/"},"modified":"2025-01-14T13:41:12","modified_gmt":"2025-01-14T13:41:12","slug":"area-419-sina-luneta-imbunatatita-tikka-t3-actiune-standard","status":"publish","type":"product","link":"https:\/\/staging.nbg.eu\/ro\/produs\/area-419-sina-luneta-imbunatatita-tikka-t3-actiune-standard\/","title":{"rendered":"Area 419 &#8211; Sina Luneta Imbunatatita Tikka T3 Actiune Standard"},"content":{"rendered":"<div class=\"product-description\">\n<h2>Area 419 &#8211; \u0218in\u0103 de lunet\u0103 \u00eembun\u0103t\u0103\u021bit\u0103 pentru ac\u021biunea standard Tikka T3<\/h2>\n<p>\u0218in\u0103 de lunet\u0103 pentru Tikka T3 sau T3X de la Area 419. Fabricat\u0103 din aluminiu 7075, aceast\u0103 \u0219in\u0103 include:<\/p>\n<ul>\n<li>Unghi de 20 MOA pentru distan\u021be extinse<\/li>\n<li>Conformitate cu MIL-STD-1913<\/li>\n<li>Margini rotunjite<\/li>\n<li>Finisaj anodizat negru tip III<\/li>\n<li>Pin de recul din o\u021bel inoxidabil pentru stabilitate<\/li>\n<li>\u0218uruburi T10 Torx uniforme pentru instalare<\/li>\n<\/ul>\n<p>C\u00e2nt\u0103re\u0219te 0,09 kg \u0219i m\u0103soar\u0103 21 \u00d7 2,54 \u00d7 2,54 cm. \u0218in\u0103 cu canale complete. Include cheie T10 Torx.<\/p>\n<\/div>\n","protected":false},"excerpt":{"rendered":"<p>I apologize, but there is no product description provided in your message for me to translate. Could you please provide the text you would like translated to Romanian? Once you share the product description, I&#8217;ll be happy to translate it for you.<\/p>\n","protected":false},"featured_media":108212,"template":"","meta":{"_acf_changed":false},"product_brand":[11049],"product_cat":[12795,12743],"product_tag":[],"class_list":{"0":"post-128308","1":"product","2":"type-product","3":"status-publish","4":"has-post-thumbnail","6":"product_brand-area-419","7":"product_cat-pusca","8":"product_cat-sine","10":"first","11":"instock","12":"taxable","13":"shipping-taxable","14":"purchasable","15":"product-type-simple"},"acf":[],"_links":{"self":[{"href":"https:\/\/staging.nbg.eu\/ro\/wp-json\/wp\/v2\/product\/128308","targetHints":{"allow":["GET"]}}],"collection":[{"href":"https:\/\/staging.nbg.eu\/ro\/wp-json\/wp\/v2\/product"}],"about":[{"href":"https:\/\/staging.nbg.eu\/ro\/wp-json\/wp\/v2\/types\/product"}],"wp:featuredmedia":[{"embeddable":true,"href":"https:\/\/staging.nbg.eu\/ro\/wp-json\/wp\/v2\/media\/108212"}],"wp:attachment":[{"href":"https:\/\/staging.nbg.eu\/ro\/wp-json\/wp\/v2\/media?parent=128308"}],"wp:term":[{"taxonomy":"product_brand","embeddable":true,"href":"https:\/\/staging.nbg.eu\/ro\/wp-json\/wp\/v2\/product_brand?post=128308"},{"taxonomy":"product_cat","embeddable":true,"href":"https:\/\/staging.nbg.eu\/ro\/wp-json\/wp\/v2\/product_cat?post=128308"},{"taxonomy":"product_tag","embeddable":true,"href":"https:\/\/staging.nbg.eu\/ro\/wp-json\/wp\/v2\/product_tag?post=128308"}],"curies":[{"name":"wp","href":"https:\/\/api.w.org\/{rel}","templated":true}]}}