{"id":106833,"date":"2024-11-16T10:23:45","date_gmt":"2024-12-30T09:56:20","guid":{"rendered":"https:\/\/staging.nbg.eu\/product\/sai-optics-model-sai-6-1x-6x\/"},"modified":"2024-12-30T09:58:33","modified_gmt":"2024-12-30T09:58:33","slug":"sai-optics-model-sai-6-1x-6x","status":"publish","type":"product","link":"https:\/\/staging.nbg.eu\/ro\/produs\/sai-optics-model-sai-6-1x-6x\/","title":{"rendered":"SAI Optics Model SAI 6 &#8211; 1x-6x"},"content":{"rendered":"<h2>Model SAI 6 &#8211; 1x-6x<\/h2>\n<p>Dispozitivul optic SAI 6 ofer\u0103 o solu\u021bie robust\u0103 \u0219i versatil\u0103 pentru necesit\u0103\u021bile de m\u0103rire variabil\u0103. Are un reticul \u00een primul plan focal iluminat cu LED, asigur\u00e2nd o m\u0103surare precis\u0103 a distan\u021bei \u0219i compensare balistic\u0103 la orice m\u0103rire. Reticulul \u0219i c\u00e2mpul vizual \u00eembun\u0103t\u0103\u021besc eficacitatea \u00een spa\u021bii \u00eenchise.<\/p>\n<h2>Caracteristici principale:<\/h2>\n<ul>\n<li>M\u0103rire: 1x-6x<\/li>\n<li>Design tubular robust pentru montare modular\u0103<\/li>\n<li>Reticul iluminat cu LED cu 10 set\u0103ri<\/li>\n<li>Reticule disponibile: 5.56 BDC, 6.8 BDC, 7.62 BDC<\/li>\n<li>Rezistent la ap\u0103: 2 ore la 3 metri<\/li>\n<li>Rezistent la \u0219oc: 1000g la 10.000 de cicluri<\/li>\n<\/ul>\n<h2>Reticule:<\/h2>\n<ul>\n<li>5.56 BDC &#8211; Reticul<\/li>\n<li>6.8 BDC &#8211; Reticul<\/li>\n<li>7.62 BDC &#8211; Reticul<\/li>\n<\/ul>\n<h2>Specifica\u021bii:<\/h2>\n<ul>\n<li>Lungime: 256mm (10.07in)<\/li>\n<li>Greutate: 510g (18.0oz)<\/li>\n<li>Diametrul tubului: 30mm<\/li>\n<li>C\u00e2mp vizual la 1x: 22 grade (38.8m la 100m)<\/li>\n<li>Distan\u021ba ochiului: 90mm (3.54in) nominal<\/li>\n<li>Tip baterie: CR2032 3v litiu<\/li>\n<\/ul>\n<h2>Accesorii standard:<\/h2>\n<ul>\n<li>Capace pentru lentile<\/li>\n<li>Dispozitiv anti-reflexie<\/li>\n<li>\u0218nur de re\u021binere pentru capacul de ajustare<\/li>\n<li>Disc pentru \u00eendep\u0103rtarea bateriei<\/li>\n<\/ul>\n<p>Seria SAI 6 este conceput\u0103 pentru performan\u021b\u0103 optic\u0103 \u00een medii dure, permi\u021b\u00e2nd \u00eembun\u0103t\u0103\u021biri ale sistemului optic de ochire precum capace rabatabile, filtre laser \u0219i polarizatoare.<\/p>\n","protected":false},"excerpt":{"rendered":"<p>SAI 6\u2122: Dispozitiv de ochire LED robust 1x-6x cu reticul \u00een primul plan focal \u0219i c\u00e2mp vizual larg.<\/p>\n","protected":false},"featured_media":79697,"template":"","meta":{"_acf_changed":false},"product_brand":[11714],"product_cat":[12771,12739],"product_tag":[],"class_list":{"0":"post-106833","1":"product","2":"type-product","3":"status-publish","4":"has-post-thumbnail","6":"product_brand-sai-optics","7":"product_cat-ochire","8":"product_cat-optici-cu-magnificare","10":"first","11":"instock","12":"taxable","13":"shipping-taxable","14":"purchasable","15":"product-type-variable","16":"wvs-archive-product-wrapper"},"acf":[],"_links":{"self":[{"href":"https:\/\/staging.nbg.eu\/ro\/wp-json\/wp\/v2\/product\/106833","targetHints":{"allow":["GET"]}}],"collection":[{"href":"https:\/\/staging.nbg.eu\/ro\/wp-json\/wp\/v2\/product"}],"about":[{"href":"https:\/\/staging.nbg.eu\/ro\/wp-json\/wp\/v2\/types\/product"}],"wp:featuredmedia":[{"embeddable":true,"href":"https:\/\/staging.nbg.eu\/ro\/wp-json\/wp\/v2\/media\/79697"}],"wp:attachment":[{"href":"https:\/\/staging.nbg.eu\/ro\/wp-json\/wp\/v2\/media?parent=106833"}],"wp:term":[{"taxonomy":"product_brand","embeddable":true,"href":"https:\/\/staging.nbg.eu\/ro\/wp-json\/wp\/v2\/product_brand?post=106833"},{"taxonomy":"product_cat","embeddable":true,"href":"https:\/\/staging.nbg.eu\/ro\/wp-json\/wp\/v2\/product_cat?post=106833"},{"taxonomy":"product_tag","embeddable":true,"href":"https:\/\/staging.nbg.eu\/ro\/wp-json\/wp\/v2\/product_tag?post=106833"}],"curies":[{"name":"wp","href":"https:\/\/api.w.org\/{rel}","templated":true}]}}