{"id":106653,"date":"2024-01-30T18:13:57","date_gmt":"2024-12-30T09:39:26","guid":{"rendered":"https:\/\/staging.nbg.eu\/product\/tangent-theta-tt735p-7-35x56mm-professional\/"},"modified":"2024-12-30T09:41:20","modified_gmt":"2024-12-30T09:41:20","slug":"tangent-theta-tt735p-7-35x56mm-professional","status":"publish","type":"product","link":"https:\/\/staging.nbg.eu\/ro\/produs\/tangent-theta-tt735p-7-35x56mm-professional\/","title":{"rendered":"Tangent Theta TT735P (7-35x56mm Professional)"},"content":{"rendered":"<div class=\"product-description\">\n<p>Tangent Theta a fost \u00eenfiin\u021bat\u0103 \u00een 2013 \u00een Nova Scotia, Canada cu scopul de a produce cele mai bune lunete pentru pu\u0219c\u0103 din lume. Lunetele sunt asamblate manual, testate \u0219i inspectate individual de o echip\u0103 format\u0103 din designeri optici, ingineri mecanici \u0219i tr\u0103g\u0103tori de lung\u0103 distan\u021b\u0103 de clas\u0103 interna\u021bional\u0103.<\/p>\n<h2>Tangent Theta TT735P 7-35x56mm Lunet\u0103 pentru Pu\u0219c\u0103 Profesional\u0103<\/h2>\n<p>Tangent Theta TT735P este o lunet\u0103 de 7-35x56mm pentru pu\u0219c\u0103 care combin\u0103 tehnologia avansat\u0103 cu durabilitatea pentru a oferi performan\u021be \u00een condi\u021bii solicitante.<\/p>\n<h2>Caracteristici principale:<\/h2>\n<ul>\n<li>Interval de m\u0103rire 7-35x pentru identificarea \u021bintelor la distan\u021be mari<\/li>\n<li>Obiectiv de 56mm pentru capacit\u0103\u021bi de captare a luminii<\/li>\n<li>Tub principal de 36mm pentru integritate structural\u0103 \u0219i interval de ajustare<\/li>\n<li>Ajustare a paralaxei p\u00e2n\u0103 la 10 metri<\/li>\n<li>11 set\u0103ri de iluminare a reticului<\/li>\n<li>Func\u021bie TOOL-LESS RE-ZERO\u00ae pentru reglare rapid\u0103 (Brevet SUA # 10,591,253)<\/li>\n<li>Butoane care nu se translateaz\u0103 cu oprire la zero pentru eleva\u021bie<\/li>\n<li>Eleva\u021bie cu dou\u0103 ture cu indicator de rota\u021bie<\/li>\n<li>Dioptrie cu ajustare rapid\u0103 blocabil\u0103<\/li>\n<\/ul>\n<h2>Calitate:<\/h2>\n<p>Fabricat\u0103 \u00een Canada, TT735P este testat\u0103 pentru a rezista \u00een condi\u021bii de mediu dificile. Are finisaj mat anodizat Tip II, rezisten\u021b\u0103 la ap\u0103 de 4 ore la 10 metri \u0219i rezisten\u021b\u0103 la \u0219oc de 700g la 10.000 de cicluri.<\/p>\n<\/div>\n<h2>Reticule:<\/h2>\n<ol>\n<li data-line-height=\"xs\">Reticul Horus Tremor3<\/li>\n<li data-line-height=\"xs\">JTAC<\/li>\n<li data-line-height=\"xs\">Gen 3 XR Fine<\/li>\n<\/ol>\n<div class=\"product-description\">\n<h2>Optic\u0103:<\/h2>\n<p>Alege\u021bi dintre trei op\u021biuni de reticul: Horus Tremor3, JTAC sau Gen 3 XR Fine. TT735P ofer\u0103 o distan\u021b\u0103 ocular\u0103 de 90mm \u0219i un c\u00e2mp vizual de la 5,41m la 100m (7x) p\u00e2n\u0103 la 1,08m la 100m (35x).<\/p>\n<h2>Ajust\u0103ri:<\/h2>\n<p>Rezolu\u021bie de ajustare de 0,1 mrad, interval total de eleva\u021bie de 30 mrad \u0219i interval total de deriv\u0103 de 14 mrad. Ajustarea paralaxei laterale \u0219i dioptria blocabil\u0103 asigur\u0103 o imagine clar\u0103 la orice distan\u021b\u0103.<\/p>\n<p>Tangent Theta TT735P este alegerea tr\u0103g\u0103torilor de elit\u0103.<\/p>\n<\/div>\n","protected":false},"excerpt":{"rendered":"<p>Tangent Theta 7-35x56mm Professional este luneta de pu\u0219c\u0103 pe care o alege\u021bi pentru tirul la distan\u021be extreme.<\/p>\n","protected":false},"featured_media":81006,"template":"","meta":{"_acf_changed":false},"product_brand":[11896],"product_cat":[12771,12739],"product_tag":[],"class_list":{"0":"post-106653","1":"product","2":"type-product","3":"status-publish","4":"has-post-thumbnail","6":"product_brand-tangent-theta","7":"product_cat-ochire","8":"product_cat-optici-cu-magnificare","10":"first","11":"instock","12":"taxable","13":"shipping-taxable","14":"purchasable","15":"product-type-variable","16":"wvs-archive-product-wrapper"},"acf":[],"_links":{"self":[{"href":"https:\/\/staging.nbg.eu\/ro\/wp-json\/wp\/v2\/product\/106653","targetHints":{"allow":["GET"]}}],"collection":[{"href":"https:\/\/staging.nbg.eu\/ro\/wp-json\/wp\/v2\/product"}],"about":[{"href":"https:\/\/staging.nbg.eu\/ro\/wp-json\/wp\/v2\/types\/product"}],"wp:featuredmedia":[{"embeddable":true,"href":"https:\/\/staging.nbg.eu\/ro\/wp-json\/wp\/v2\/media\/81006"}],"wp:attachment":[{"href":"https:\/\/staging.nbg.eu\/ro\/wp-json\/wp\/v2\/media?parent=106653"}],"wp:term":[{"taxonomy":"product_brand","embeddable":true,"href":"https:\/\/staging.nbg.eu\/ro\/wp-json\/wp\/v2\/product_brand?post=106653"},{"taxonomy":"product_cat","embeddable":true,"href":"https:\/\/staging.nbg.eu\/ro\/wp-json\/wp\/v2\/product_cat?post=106653"},{"taxonomy":"product_tag","embeddable":true,"href":"https:\/\/staging.nbg.eu\/ro\/wp-json\/wp\/v2\/product_tag?post=106653"}],"curies":[{"name":"wp","href":"https:\/\/api.w.org\/{rel}","templated":true}]}}