{"id":84568,"date":"2024-11-17T07:25:58","date_gmt":"2024-12-18T10:05:15","guid":{"rendered":"https:\/\/staging.nbg.eu\/product\/tangent-theta-tt315m-3-15x50mm-marksman\/"},"modified":"2024-12-30T08:45:46","modified_gmt":"2024-12-30T08:45:46","slug":"tangent-theta-tt315m-3-15x50mm-marksman","status":"publish","type":"product","link":"https:\/\/staging.nbg.eu\/pt-pt\/produto\/tangent-theta-tt315m-3-15x50mm-marksman\/","title":{"rendered":"Tangent Theta TT315M (3-15x50mm Marksman)"},"content":{"rendered":"<div class=\"product-description\">\n<p>A Tangent Theta foi estabelecida em 2013 na Nova Esc\u00f3cia, Canad\u00e1, com o objetivo de produzir as melhores miras telesc\u00f3picas do mundo. As miras s\u00e3o montadas \u00e0 m\u00e3o, testadas e inspecionadas individualmente por uma equipe de designers \u00f3pticos, engenheiros mec\u00e2nicos e atiradores de longo alcance de classe internacional.<\/p>\n<h2>Tangent Theta TT315M 3-15x50mm Telesc\u00f3pio de Rifle para Atirador<\/h2>\n<p>O Tangent Theta TT315M \u00e9 um instrumento de precis\u00e3o de alcance intermedi\u00e1rio projetado para policiais e atiradores de seguran\u00e7a. Este telesc\u00f3pio de rifle profissional de peso reduzido combina tecnologia avan\u00e7ada com desempenho \u00f3ptico.<\/p>\n<h2>Caracter\u00edsticas Principais:<\/h2>\n<ul>\n<li>Lente objetiva de 50mm para capta\u00e7\u00e3o de luz<\/li>\n<li>Tubo principal de 30mm para durabilidade<\/li>\n<li>Indicador de dire\u00e7\u00e3o de deriva mec\u00e2nica<\/li>\n<li>11 configura\u00e7\u00f5es de ilumina\u00e7\u00e3o da ret\u00edcula para v\u00e1rias condi\u00e7\u00f5es de luz<\/li>\n<li>Ajuste de paralaxe lateral para foco preciso<\/li>\n<li>Bot\u00f5es n\u00e3o-transladantes com parada zero de eleva\u00e7\u00e3o<\/li>\n<li>Eleva\u00e7\u00e3o de dupla volta com indicador de revolu\u00e7\u00e3o e dire\u00e7\u00e3o de deriva<\/li>\n<li>Faixa de amplia\u00e7\u00e3o de 3-15x<\/li>\n<li>Dioptria de ajuste r\u00e1pido bloque\u00e1vel<\/li>\n<\/ul>\n<h2>Excel\u00eancia \u00d3ptica:<\/h2>\n<p>O TT315M possui um caminho \u00f3ptico otimizado, proporcionando qualidade de imagem. Isso permite aos atiradores discernir detalhes minuciosos do alvo e manter a mira por per\u00edodos prolongados sem fadiga ocular.<\/p>\n<h2>Ajustes de Precis\u00e3o:<\/h2>\n<p>Com mecanismos de ajuste precisos com paradas zero, indicadores de revolu\u00e7\u00e3o mec\u00e2nica e dire\u00e7\u00e3o de deriva, o TT315M elimina erros de ajuste, garantindo precis\u00e3o em situa\u00e7\u00f5es cr\u00edticas.<\/p>\n<h2>Op\u00e7\u00f5es de Ret\u00edcula:<\/h2>\n<ul>\n<li>Gen 2XR<\/li>\n<li>MoA<\/li>\n<li>Gen 2 Mil-Dot<\/li>\n<li>Gen 3XR<\/li>\n<\/ul>\n<h2>Especifica\u00e7\u00f5es T\u00e9cnicas:<\/h2>\n<ul>\n<li>Comprimento: 351mm<\/li>\n<li>Peso: 786g<\/li>\n<li>Campo de Vis\u00e3o @ 3x: 7,3 graus (12,8m @ 100m)<\/li>\n<li>Campo de Vis\u00e3o @ 15x: 1,6 graus (2,8m @ 100m)<\/li>\n<li>Al\u00edvio de olho: 90mm<\/li>\n<li>Faixa Total de Ajuste de Eleva\u00e7\u00e3o: 18 mrad (60 MoA)<\/li>\n<li>Faixa Total de Ajuste de Deriva: +\/- 12 mrad (+\/-40 MoA)<\/li>\n<li>Resolu\u00e7\u00e3o de ajuste: 0,1 mrad ou 1\/4 MoA<\/li>\n<li>Faixa de ajuste de paralaxe: 50m ao infinito<\/li>\n<\/ul>\n<h2>Durabilidade:<\/h2>\n<p>O TT315M \u00e9 constru\u00eddo para suportar condi\u00e7\u00f5es severas, sendo \u00e0 prova d&#8217;\u00e1gua por 4 horas a 10 metros e \u00e0 prova de choque a 700g&#8217;s em 10.000 ciclos. Seu exterior possui um acabamento fosco anodizado Tipo II para prote\u00e7\u00e3o adicional.<\/p>\n<h2>Acess\u00f3rios Inclu\u00eddos:<\/h2>\n<p>Tampas de lente Tenebraex e ARD (Dispositivo Anti-Reflexo) s\u00e3o inclu\u00eddos como acess\u00f3rios padr\u00e3o.<\/p>\n<\/div>\n","protected":false},"excerpt":{"rendered":"<p>Mira de precis\u00e3o 3-15x50mm para atiradores. Imagem ideal, parada no zero, iluminada.<\/p>\n","protected":false},"featured_media":167622,"template":"","meta":{"_acf_changed":false},"product_brand":[11901],"product_cat":[805,2726],"product_tag":[],"class_list":{"0":"post-84568","1":"product","2":"type-product","3":"status-publish","4":"has-post-thumbnail","6":"product_brand-tangent-theta","7":"product_cat-aiming-pt-pt","8":"product_cat-magnified-optics-pt-pt","10":"first","11":"instock","12":"taxable","13":"shipping-taxable","14":"purchasable","15":"product-type-variable","16":"wvs-archive-product-wrapper"},"acf":[],"_links":{"self":[{"href":"https:\/\/staging.nbg.eu\/pt-pt\/wp-json\/wp\/v2\/product\/84568","targetHints":{"allow":["GET"]}}],"collection":[{"href":"https:\/\/staging.nbg.eu\/pt-pt\/wp-json\/wp\/v2\/product"}],"about":[{"href":"https:\/\/staging.nbg.eu\/pt-pt\/wp-json\/wp\/v2\/types\/product"}],"wp:featuredmedia":[{"embeddable":true,"href":"https:\/\/staging.nbg.eu\/pt-pt\/wp-json\/wp\/v2\/media\/167622"}],"wp:attachment":[{"href":"https:\/\/staging.nbg.eu\/pt-pt\/wp-json\/wp\/v2\/media?parent=84568"}],"wp:term":[{"taxonomy":"product_brand","embeddable":true,"href":"https:\/\/staging.nbg.eu\/pt-pt\/wp-json\/wp\/v2\/product_brand?post=84568"},{"taxonomy":"product_cat","embeddable":true,"href":"https:\/\/staging.nbg.eu\/pt-pt\/wp-json\/wp\/v2\/product_cat?post=84568"},{"taxonomy":"product_tag","embeddable":true,"href":"https:\/\/staging.nbg.eu\/pt-pt\/wp-json\/wp\/v2\/product_tag?post=84568"}],"curies":[{"name":"wp","href":"https:\/\/api.w.org\/{rel}","templated":true}]}}