{"id":83674,"date":"2024-11-27T16:38:30","date_gmt":"2024-12-17T12:43:00","guid":{"rendered":"https:\/\/staging.nbg.eu\/product\/super-precision-t1-mount-absolute-co-witness-ddc\/"},"modified":"2024-12-17T12:44:51","modified_gmt":"2024-12-17T12:44:51","slug":"montagem-super-precision-t1-absolute-co-witness-ddc","status":"publish","type":"product","link":"https:\/\/staging.nbg.eu\/pt-pt\/produto\/montagem-super-precision-t1-absolute-co-witness-ddc\/","title":{"rendered":"Montagem Super Precision T1 &#8211; Absolute Co-Witness &#8211; DDC"},"content":{"rendered":"<div class=\"product-description\">\n<h2>Suporte T1 de Precis\u00e3o &#8211; Co-witness Absoluto &#8211; DDC<\/h2>\n<p>Suporte para Aimpoint T1 ou miras reflexas similares. Fabricado em alum\u00ednio 7075-T6 de alta resist\u00eancia.<\/p>\n<ul>\n<li>Altura de co-witness absoluto<\/li>\n<li>Acabamento anodizado tipo 3 em cor DDC (Cor de Terra do Deserto)<\/li>\n<li>M\u00e9todo de fixa\u00e7\u00e3o com porca e parafuso, fornecendo 1.400 libras de for\u00e7a de aperto<\/li>\n<li>3 ressaltos de cisalhamento para rigidez e retorno ao zero<\/li>\n<li>Design leve com 57 gramas<\/li>\n<\/ul>\n<p>Solu\u00e7\u00e3o de montagem da Geissele.<\/p>\n<\/div>\n","protected":false},"excerpt":{"rendered":"<p>Suporte de precis\u00e3o para mira T1, co-witness absoluto, acabamento DDC, ultra-seguro<\/p>\n","protected":false},"featured_media":82846,"template":"","meta":{"_acf_changed":false},"product_brand":[11397],"product_cat":[805],"product_tag":[],"class_list":{"0":"post-83674","1":"product","2":"type-product","3":"status-publish","4":"has-post-thumbnail","6":"product_brand-geissele","7":"product_cat-aiming-pt-pt","9":"first","10":"instock","11":"taxable","12":"shipping-taxable","13":"product-type-simple"},"acf":[],"_links":{"self":[{"href":"https:\/\/staging.nbg.eu\/pt-pt\/wp-json\/wp\/v2\/product\/83674","targetHints":{"allow":["GET"]}}],"collection":[{"href":"https:\/\/staging.nbg.eu\/pt-pt\/wp-json\/wp\/v2\/product"}],"about":[{"href":"https:\/\/staging.nbg.eu\/pt-pt\/wp-json\/wp\/v2\/types\/product"}],"wp:featuredmedia":[{"embeddable":true,"href":"https:\/\/staging.nbg.eu\/pt-pt\/wp-json\/wp\/v2\/media\/82846"}],"wp:attachment":[{"href":"https:\/\/staging.nbg.eu\/pt-pt\/wp-json\/wp\/v2\/media?parent=83674"}],"wp:term":[{"taxonomy":"product_brand","embeddable":true,"href":"https:\/\/staging.nbg.eu\/pt-pt\/wp-json\/wp\/v2\/product_brand?post=83674"},{"taxonomy":"product_cat","embeddable":true,"href":"https:\/\/staging.nbg.eu\/pt-pt\/wp-json\/wp\/v2\/product_cat?post=83674"},{"taxonomy":"product_tag","embeddable":true,"href":"https:\/\/staging.nbg.eu\/pt-pt\/wp-json\/wp\/v2\/product_tag?post=83674"}],"curies":[{"name":"wp","href":"https:\/\/api.w.org\/{rel}","templated":true}]}}