{"id":83652,"date":"2024-11-02T06:43:16","date_gmt":"2024-11-02T06:43:16","guid":{"rendered":"https:\/\/staging.nbg.eu\/product\/sons-of-liberty-gun-works-ar-15-buffer-h3\/"},"modified":"2024-12-17T13:06:04","modified_gmt":"2024-12-17T13:06:04","slug":"sons-of-liberty-gun-works-buffer-ar-15-h3","status":"publish","type":"product","link":"https:\/\/staging.nbg.eu\/pt-pt\/produto\/sons-of-liberty-gun-works-buffer-ar-15-h3\/","title":{"rendered":"Sons of Liberty Gun Works &#8211; Buffer AR 15 H3"},"content":{"rendered":"<div class=\"product-description\">\n<h2>Sons of Liberty Gun Works &#8211; Buffer H3 para AR 15<\/h2>\n<p>O Buffer H3 SOLGW para AR-15 \u00e9 uma pe\u00e7a de reposi\u00e7\u00e3o fabricada com toler\u00e2ncias precisas para garantir a funcionalidade do seu rifle.<\/p>\n<ul>\n<li>Compat\u00edvel com todos os modelos AR-15<\/li>\n<li>Peso: 5.4 oz<\/li>\n<li>Dimens\u00f5es: 1 polegada<\/li>\n<li>Marca\u00e7\u00e3o clara para identifica\u00e7\u00e3o f\u00e1cil do peso<\/li>\n<\/ul>\n<p>O Buffer H3 SOLGW \u00e9 projetado para reduzir o recuo e melhorar o ciclo de funcionamento do rifle AR-15.<\/p>\n<p>Sons of Liberty Gun Works oferece pe\u00e7as para rifles AR-15.<\/p>\n<\/div>\n","protected":false},"excerpt":{"rendered":"<p>Bufferstop H3 AR-15 da Sons of Liberty: Preciso, dur\u00e1vel, peso de 153 gramas.<\/p>\n","protected":false},"featured_media":76331,"template":"","meta":{"_acf_changed":false},"product_brand":[],"product_cat":[655],"product_tag":[],"class_list":{"0":"post-83652","1":"product","2":"type-product","3":"status-publish","4":"has-post-thumbnail","6":"product_cat-rifle-parts-pt-pt","8":"first","9":"outofstock","10":"taxable","11":"shipping-taxable","12":"purchasable","13":"product-type-simple"},"acf":[],"_links":{"self":[{"href":"https:\/\/staging.nbg.eu\/pt-pt\/wp-json\/wp\/v2\/product\/83652","targetHints":{"allow":["GET"]}}],"collection":[{"href":"https:\/\/staging.nbg.eu\/pt-pt\/wp-json\/wp\/v2\/product"}],"about":[{"href":"https:\/\/staging.nbg.eu\/pt-pt\/wp-json\/wp\/v2\/types\/product"}],"wp:featuredmedia":[{"embeddable":true,"href":"https:\/\/staging.nbg.eu\/pt-pt\/wp-json\/wp\/v2\/media\/76331"}],"wp:attachment":[{"href":"https:\/\/staging.nbg.eu\/pt-pt\/wp-json\/wp\/v2\/media?parent=83652"}],"wp:term":[{"taxonomy":"product_brand","embeddable":true,"href":"https:\/\/staging.nbg.eu\/pt-pt\/wp-json\/wp\/v2\/product_brand?post=83652"},{"taxonomy":"product_cat","embeddable":true,"href":"https:\/\/staging.nbg.eu\/pt-pt\/wp-json\/wp\/v2\/product_cat?post=83652"},{"taxonomy":"product_tag","embeddable":true,"href":"https:\/\/staging.nbg.eu\/pt-pt\/wp-json\/wp\/v2\/product_tag?post=83652"}],"curies":[{"name":"wp","href":"https:\/\/api.w.org\/{rel}","templated":true}]}}