{"id":83630,"date":"2024-11-27T08:29:48","date_gmt":"2024-11-27T08:29:48","guid":{"rendered":"https:\/\/staging.nbg.eu\/product\/geissele-ak-trigger-ultimate-with-lightning-bow-akt-ul\/"},"modified":"2024-12-17T12:31:04","modified_gmt":"2024-12-17T12:31:04","slug":"gatilho-geissele-ak-ultimate-com-lightning-bow-akt-ul","status":"publish","type":"product","link":"https:\/\/staging.nbg.eu\/pt-pt\/produto\/gatilho-geissele-ak-ultimate-com-lightning-bow-akt-ul\/","title":{"rendered":"Gatilho Geissele AK Ultimate com Lightning Bow (AKT-UL)"},"content":{"rendered":"<div class=\"product-description\">\n<h2>Gatilho Geissele AK Ultimate com Lightning Bow (AKT-UL)<\/h2>\n<p>O ALG AK Trigger Ultimate com Lightning Bow (AKT-UL) para AK47 ou AK74 oferece:<\/p>\n<ul>\n<li>Curso mais curto e reset mais preciso para maior precis\u00e3o<\/li>\n<li>Fabricado em a\u00e7o liga de alta qualidade<\/li>\n<li>Design Lightning Bow para melhor controle<\/li>\n<li>Fabricado nos EUA, contribuindo para a conformidade com 922(r)<\/li>\n<\/ul>\n<p>O AKT-UL \u00e9 adequado para tiro de precis\u00e3o e tiro ao alvo. Observa\u00e7\u00e3o: Recomenda-se instala\u00e7\u00e3o profissional devido a poss\u00edveis requisitos de ajuste. N\u00e3o compat\u00edvel com variantes de calibre 12 e 308 \/ 7.62x54r.<\/p>\n<\/div>\n","protected":false},"excerpt":{"rendered":"<p>Gatilho AK de precis\u00e3o com arco Lightning para maior controle e sensibilidade.<\/p>\n","protected":false},"featured_media":82199,"template":"","meta":{"_acf_changed":false},"product_brand":[],"product_cat":[1376,654,655,2114],"product_tag":[],"class_list":{"0":"post-83630","1":"product","2":"type-product","3":"status-publish","4":"has-post-thumbnail","6":"product_cat-ak-tuning-pt-pt","7":"product_cat-rifle-pt-pt","8":"product_cat-rifle-parts-pt-pt","9":"product_cat-triggers-pt-pt","11":"first","12":"instock","13":"taxable","14":"shipping-taxable","15":"product-type-simple"},"acf":[],"_links":{"self":[{"href":"https:\/\/staging.nbg.eu\/pt-pt\/wp-json\/wp\/v2\/product\/83630","targetHints":{"allow":["GET"]}}],"collection":[{"href":"https:\/\/staging.nbg.eu\/pt-pt\/wp-json\/wp\/v2\/product"}],"about":[{"href":"https:\/\/staging.nbg.eu\/pt-pt\/wp-json\/wp\/v2\/types\/product"}],"wp:featuredmedia":[{"embeddable":true,"href":"https:\/\/staging.nbg.eu\/pt-pt\/wp-json\/wp\/v2\/media\/82199"}],"wp:attachment":[{"href":"https:\/\/staging.nbg.eu\/pt-pt\/wp-json\/wp\/v2\/media?parent=83630"}],"wp:term":[{"taxonomy":"product_brand","embeddable":true,"href":"https:\/\/staging.nbg.eu\/pt-pt\/wp-json\/wp\/v2\/product_brand?post=83630"},{"taxonomy":"product_cat","embeddable":true,"href":"https:\/\/staging.nbg.eu\/pt-pt\/wp-json\/wp\/v2\/product_cat?post=83630"},{"taxonomy":"product_tag","embeddable":true,"href":"https:\/\/staging.nbg.eu\/pt-pt\/wp-json\/wp\/v2\/product_tag?post=83630"}],"curies":[{"name":"wp","href":"https:\/\/api.w.org\/{rel}","templated":true}]}}