{"id":83586,"date":"2024-11-01T14:01:14","date_gmt":"2024-12-17T12:12:55","guid":{"rendered":"https:\/\/staging.nbg.eu\/product\/sons-of-liberty-gun-works-ar-15-buffer-h2\/"},"modified":"2024-12-17T12:58:59","modified_gmt":"2024-12-17T12:58:59","slug":"sons-of-liberty-gun-works-buffer-ar-15-h2","status":"publish","type":"product","link":"https:\/\/staging.nbg.eu\/pt-pt\/produto\/sons-of-liberty-gun-works-buffer-ar-15-h2\/","title":{"rendered":"Sons of Liberty Gun Works &#8211; Buffer AR 15 H2"},"content":{"rendered":"<div class=\"product-description\">\n<h2>Sons of Liberty Gun Works &#8211; Buffer H2 para AR-15<\/h2>\n<p>Buffer H2 da Sons of Liberty Gun Works (SOLGW) para AR-15. Esta pe\u00e7a de substitui\u00e7\u00e3o garante funcionalidade para sua arma de fogo.<\/p>\n<ul>\n<li>Compat\u00edvel com todos os modelos AR-15<\/li>\n<li>Fabricado com toler\u00e2ncias precisas<\/li>\n<li>Marcado para f\u00e1cil identifica\u00e7\u00e3o do peso<\/li>\n<li>Peso: 4.6 oz<\/li>\n<li>Dimens\u00f5es: 1 polegada<\/li>\n<\/ul>\n<p>Mantenha a confiabilidade e opera\u00e7\u00e3o do seu AR-15 com este buffer H2. Este componente da SOLGW oferece desempenho consistente a cada tiro.<\/p>\n<\/div>\n","protected":false},"excerpt":{"rendered":"<p>Buffer H2 SOLGW para AR-15: Substitui\u00e7\u00e3o de precis\u00e3o de 130g para um funcionamento suave e confi\u00e1vel<\/p>\n","protected":false},"featured_media":76284,"template":"","meta":{"_acf_changed":false},"product_brand":[],"product_cat":[655],"product_tag":[],"class_list":{"0":"post-83586","1":"product","2":"type-product","3":"status-publish","4":"has-post-thumbnail","6":"product_cat-rifle-parts-pt-pt","8":"first","9":"instock","10":"taxable","11":"shipping-taxable","12":"purchasable","13":"product-type-simple"},"acf":[],"_links":{"self":[{"href":"https:\/\/staging.nbg.eu\/pt-pt\/wp-json\/wp\/v2\/product\/83586","targetHints":{"allow":["GET"]}}],"collection":[{"href":"https:\/\/staging.nbg.eu\/pt-pt\/wp-json\/wp\/v2\/product"}],"about":[{"href":"https:\/\/staging.nbg.eu\/pt-pt\/wp-json\/wp\/v2\/types\/product"}],"wp:featuredmedia":[{"embeddable":true,"href":"https:\/\/staging.nbg.eu\/pt-pt\/wp-json\/wp\/v2\/media\/76284"}],"wp:attachment":[{"href":"https:\/\/staging.nbg.eu\/pt-pt\/wp-json\/wp\/v2\/media?parent=83586"}],"wp:term":[{"taxonomy":"product_brand","embeddable":true,"href":"https:\/\/staging.nbg.eu\/pt-pt\/wp-json\/wp\/v2\/product_brand?post=83586"},{"taxonomy":"product_cat","embeddable":true,"href":"https:\/\/staging.nbg.eu\/pt-pt\/wp-json\/wp\/v2\/product_cat?post=83586"},{"taxonomy":"product_tag","embeddable":true,"href":"https:\/\/staging.nbg.eu\/pt-pt\/wp-json\/wp\/v2\/product_tag?post=83586"}],"curies":[{"name":"wp","href":"https:\/\/api.w.org\/{rel}","templated":true}]}}