{"id":83564,"date":"2024-11-27T08:27:04","date_gmt":"2024-12-17T12:03:41","guid":{"rendered":"https:\/\/staging.nbg.eu\/product\/geissele-ak-trigger-enhanced-with-lightning-bow-akt-el\/"},"modified":"2024-12-17T12:05:17","modified_gmt":"2024-12-17T12:05:17","slug":"gatilho-geissele-ak-enhanced-com-lightning-bow-akt-el","status":"publish","type":"product","link":"https:\/\/staging.nbg.eu\/pt-pt\/produto\/gatilho-geissele-ak-enhanced-com-lightning-bow-akt-el\/","title":{"rendered":"Gatilho Geissele AK Enhanced com Lightning Bow (AKT-EL)"},"content":{"rendered":"<div class=\"product-description\">\n<h2>Gatilho Geissele AK Aprimorado com Arco Lightning (AKT-EL)<\/h2>\n<p>O gatilho ALG AK Aprimorado com Arco Lightning (AKT-EL) para AK47\/AK74 oferece:<\/p>\n<ul>\n<li>Acionamento mais suave e curto para melhor desempenho em combate e defesa residencial<\/li>\n<li>Usinado com precis\u00e3o em a\u00e7o liga de qualidade para armas<\/li>\n<li>Acabamento em fosfato de mangan\u00eas para resist\u00eancia \u00e0 corros\u00e3o<\/li>\n<li>Design Lightning Bow\u00ae para melhor controle do gatilho<\/li>\n<li>Fabricado nos EUA (North Wales, PA)<\/li>\n<li>Contribui para conformidade com 922(r) com tr\u00eas pe\u00e7as<\/li>\n<\/ul>\n<p><strong>Nota:<\/strong> N\u00e3o compat\u00edvel com variantes de calibre 12 e 308 \/ 7.62x54r. Recomenda-se instala\u00e7\u00e3o profissional para desempenho e seguran\u00e7a ideais.<\/p>\n<\/div>\n","protected":false},"excerpt":{"rendered":"<p>Gatilho AK aprimorado com Lightning Bow para um acionamento mais suave e curto.<\/p>\n","protected":false},"featured_media":82129,"template":"","meta":{"_acf_changed":false},"product_brand":[11397],"product_cat":[1376,655,2114],"product_tag":[],"class_list":{"0":"post-83564","1":"product","2":"type-product","3":"status-publish","4":"has-post-thumbnail","6":"product_brand-geissele","7":"product_cat-ak-tuning-pt-pt","8":"product_cat-rifle-parts-pt-pt","9":"product_cat-triggers-pt-pt","11":"first","12":"instock","13":"taxable","14":"shipping-taxable","15":"product-type-simple"},"acf":[],"_links":{"self":[{"href":"https:\/\/staging.nbg.eu\/pt-pt\/wp-json\/wp\/v2\/product\/83564","targetHints":{"allow":["GET"]}}],"collection":[{"href":"https:\/\/staging.nbg.eu\/pt-pt\/wp-json\/wp\/v2\/product"}],"about":[{"href":"https:\/\/staging.nbg.eu\/pt-pt\/wp-json\/wp\/v2\/types\/product"}],"wp:featuredmedia":[{"embeddable":true,"href":"https:\/\/staging.nbg.eu\/pt-pt\/wp-json\/wp\/v2\/media\/82129"}],"wp:attachment":[{"href":"https:\/\/staging.nbg.eu\/pt-pt\/wp-json\/wp\/v2\/media?parent=83564"}],"wp:term":[{"taxonomy":"product_brand","embeddable":true,"href":"https:\/\/staging.nbg.eu\/pt-pt\/wp-json\/wp\/v2\/product_brand?post=83564"},{"taxonomy":"product_cat","embeddable":true,"href":"https:\/\/staging.nbg.eu\/pt-pt\/wp-json\/wp\/v2\/product_cat?post=83564"},{"taxonomy":"product_tag","embeddable":true,"href":"https:\/\/staging.nbg.eu\/pt-pt\/wp-json\/wp\/v2\/product_tag?post=83564"}],"curies":[{"name":"wp","href":"https:\/\/api.w.org\/{rel}","templated":true}]}}