{"id":83460,"date":"2024-11-16T09:53:46","date_gmt":"2024-12-16T10:51:49","guid":{"rendered":"https:\/\/staging.nbg.eu\/product\/elcan-specterdr-1x-4x\/"},"modified":"2024-12-16T10:53:56","modified_gmt":"2024-12-16T10:53:56","slug":"elcan-specterdr-1x4x","status":"publish","type":"product","link":"https:\/\/staging.nbg.eu\/pt-pt\/produto\/elcan-specterdr-1x4x\/","title":{"rendered":"ELCAN SpecterDR 1x\/4x"},"content":{"rendered":"<h2>Mira \u00d3ptica de Dupla Fun\u00e7\u00e3o ELCAN SpecterDR 1x\/4x<\/h2>\n<p>Apresentando o ELCAN SpecterDR 1x\/4x de 2024 &#8211; mira \u00f3ptica de combate com duplo campo de vis\u00e3o.<\/p>\n<h2>Caracter\u00edsticas Principais:<\/h2>\n<ul>\n<li>Trilhos Picatinny integrados<\/li>\n<li>Alavancas de aumento ambidestras<\/li>\n<li>Tampas de bateria melhoradas<\/li>\n<li>Acabamentos CERAKOTE\u00ae em Preto ou Marrom Terra Escuro (FDE)<\/li>\n<li>Altern\u00e2ncia instant\u00e2nea entre mira ampliada 4x e mira 1x para CQB<\/li>\n<li>Caminho \u00f3ptico otimizado e al\u00edvio ocular id\u00eantico em ambos os modos<\/li>\n<li>Ret\u00edculo iluminado ou ponto vermelho central<\/li>\n<li>Maior campo de vis\u00e3o no modo 1x<\/li>\n<li>Imagem clara no modo 4x<\/li>\n<\/ul>\n<h2>Ret\u00edculos:<\/h2>\n<ul>\n<li>5.56 (CX5395)<\/li>\n<li>7.62 (CX5396)<\/li>\n<\/ul>\n<h2>Especifica\u00e7\u00f5es T\u00e9cnicas:<\/h2>\n<ul>\n<li>Amplia\u00e7\u00e3o: 4x \/ 1x<\/li>\n<li>Dimens\u00f5es: 153mm x 68mm x 72mm (nominal)<\/li>\n<li>Peso: 655g (nominal)<\/li>\n<li>Ret\u00edculo: Ret\u00edculo bal\u00edstico de espessura dupla com ponto vermelho selecion\u00e1vel<\/li>\n<li>Campo de Vis\u00e3o: 26\u00b0 @ 1x, 6,5\u00b0 @ 4x<\/li>\n<li>Al\u00edvio Ocular: 70mm<\/li>\n<li>Bateria: CR2032 (3v L\u00edtio)<\/li>\n<li>Dura\u00e7\u00e3o da Bateria: At\u00e9 1730 horas<\/li>\n<li>Faixa de Ajuste: 120 minutos de \u00e2ngulo<\/li>\n<\/ul>\n<h2>Mira Reflex Micro XOPTEK\u2122 Opcional<\/h2>\n<p>Melhore seu SpecterDR 1-4 com a Mira Reflex Micro XOPTEK\u2122, um dispositivo de pontaria r\u00e1pida leve para alvos pr\u00f3ximos a m\u00e9dio alcance.<\/p>\n<p>O ELCAN SpecterDR 1x\/4x \u00e9 projetado para suportar o uso profissional moderno, oferecendo uma solu\u00e7\u00e3o para engajamentos de M\u00e9dio Alcance e CQB. Esta mira \u00f3ptica oferece versatilidade e precis\u00e3o.<\/p>\n","protected":false},"excerpt":{"rendered":"<p>ELCAN SpecterDR 1x\/4x: Mira de dupla fun\u00e7\u00e3o com altern\u00e2ncia instant\u00e2nea de amplia\u00e7\u00e3o.<\/p>\n","protected":false},"featured_media":79348,"template":"","meta":{"_acf_changed":false},"product_brand":[11303],"product_cat":[805,2726],"product_tag":[],"class_list":{"0":"post-83460","1":"product","2":"type-product","3":"status-publish","4":"has-post-thumbnail","6":"product_brand-elcan","7":"product_cat-aiming-pt-pt","8":"product_cat-magnified-optics-pt-pt","10":"first","11":"instock","12":"taxable","13":"shipping-taxable","14":"purchasable","15":"product-type-variable","16":"wvs-archive-product-wrapper"},"acf":[],"_links":{"self":[{"href":"https:\/\/staging.nbg.eu\/pt-pt\/wp-json\/wp\/v2\/product\/83460","targetHints":{"allow":["GET"]}}],"collection":[{"href":"https:\/\/staging.nbg.eu\/pt-pt\/wp-json\/wp\/v2\/product"}],"about":[{"href":"https:\/\/staging.nbg.eu\/pt-pt\/wp-json\/wp\/v2\/types\/product"}],"wp:featuredmedia":[{"embeddable":true,"href":"https:\/\/staging.nbg.eu\/pt-pt\/wp-json\/wp\/v2\/media\/79348"}],"wp:attachment":[{"href":"https:\/\/staging.nbg.eu\/pt-pt\/wp-json\/wp\/v2\/media?parent=83460"}],"wp:term":[{"taxonomy":"product_brand","embeddable":true,"href":"https:\/\/staging.nbg.eu\/pt-pt\/wp-json\/wp\/v2\/product_brand?post=83460"},{"taxonomy":"product_cat","embeddable":true,"href":"https:\/\/staging.nbg.eu\/pt-pt\/wp-json\/wp\/v2\/product_cat?post=83460"},{"taxonomy":"product_tag","embeddable":true,"href":"https:\/\/staging.nbg.eu\/pt-pt\/wp-json\/wp\/v2\/product_tag?post=83460"}],"curies":[{"name":"wp","href":"https:\/\/api.w.org\/{rel}","templated":true}]}}