{"id":83384,"date":"2024-11-01T13:52:15","date_gmt":"2024-11-01T13:52:15","guid":{"rendered":"https:\/\/staging.nbg.eu\/product\/daa-target-bag-classic-ipsc-target\/"},"modified":"2024-12-16T09:56:06","modified_gmt":"2024-12-16T09:56:06","slug":"bolsa-para-alvos-daa-alvo-classico-ipsc","status":"publish","type":"product","link":"https:\/\/staging.nbg.eu\/pt-pt\/produto\/bolsa-para-alvos-daa-alvo-classico-ipsc\/","title":{"rendered":"Bolsa para Alvos DAA, alvo Cl\u00e1ssico (IPSC)"},"content":{"rendered":"<h2>Bolsa para Alvos DAA, Cl\u00e1ssica (IPSC)<\/h2>\n<p>A Bolsa para Alvos DAA \u00e9 uma solu\u00e7\u00e3o para transportar alvos. Este item para atiradores inclui:<\/p>\n<ul>\n<li>Constru\u00e7\u00e3o em t\u00eaxtil D6000<\/li>\n<li>Compartimento principal para mais de 20 alvos IPSC cl\u00e1ssicos de tamanho completo<\/li>\n<li>Tr\u00eas bolsos externos:\n<ul>\n<li>Bolso para aplicador de adesivos<\/li>\n<li>Bolso para grampeador<\/li>\n<li>Bolso de uso geral para fita, grampos e ferramentas<\/li>\n<\/ul>\n<\/li>\n<li>Duas tiras ajust\u00e1veis para ganchos de alvos met\u00e1licos<\/li>\n<li>Al\u00e7a de ombro e al\u00e7a acolchoada<\/li>\n<\/ul>\n<p>Organize todos os seus equipamentos relacionados a alvos em uma \u00fanica bolsa. Mant\u00e9m suas m\u00e3os livres para bolsas de campo e muni\u00e7\u00e3o.<\/p>\n","protected":false},"excerpt":{"rendered":"<p>Bolsa para Alvos DAA: Organize e transporte alvos IPSC com facilidade.<\/p>\n","protected":false},"featured_media":76237,"template":"","meta":{"_acf_changed":false},"product_brand":[11280],"product_cat":[574,1256],"product_tag":[],"class_list":{"0":"post-83384","1":"product","2":"type-product","3":"status-publish","4":"has-post-thumbnail","6":"product_brand-doublealpha","7":"product_cat-gear-pt-pt","8":"product_cat-rangebags-pt-pt","10":"first","11":"outofstock","12":"taxable","13":"shipping-taxable","14":"purchasable","15":"product-type-simple"},"acf":[],"_links":{"self":[{"href":"https:\/\/staging.nbg.eu\/pt-pt\/wp-json\/wp\/v2\/product\/83384","targetHints":{"allow":["GET"]}}],"collection":[{"href":"https:\/\/staging.nbg.eu\/pt-pt\/wp-json\/wp\/v2\/product"}],"about":[{"href":"https:\/\/staging.nbg.eu\/pt-pt\/wp-json\/wp\/v2\/types\/product"}],"wp:featuredmedia":[{"embeddable":true,"href":"https:\/\/staging.nbg.eu\/pt-pt\/wp-json\/wp\/v2\/media\/76237"}],"wp:attachment":[{"href":"https:\/\/staging.nbg.eu\/pt-pt\/wp-json\/wp\/v2\/media?parent=83384"}],"wp:term":[{"taxonomy":"product_brand","embeddable":true,"href":"https:\/\/staging.nbg.eu\/pt-pt\/wp-json\/wp\/v2\/product_brand?post=83384"},{"taxonomy":"product_cat","embeddable":true,"href":"https:\/\/staging.nbg.eu\/pt-pt\/wp-json\/wp\/v2\/product_cat?post=83384"},{"taxonomy":"product_tag","embeddable":true,"href":"https:\/\/staging.nbg.eu\/pt-pt\/wp-json\/wp\/v2\/product_tag?post=83384"}],"curies":[{"name":"wp","href":"https:\/\/api.w.org\/{rel}","templated":true}]}}