{"id":78607,"date":"2024-01-30T18:15:03","date_gmt":"2024-01-30T18:15:03","guid":{"rendered":"https:\/\/staging.nbg.eu\/product\/kmr-w-02-umbra-x\/"},"modified":"2025-02-19T16:16:48","modified_gmt":"2025-02-19T16:16:48","slug":"kmr-w-02-umbra-x","status":"publish","type":"product","link":"https:\/\/staging.nbg.eu\/pt-pt\/produto\/kmr-w-02-umbra-x\/","title":{"rendered":"KMR W-02 Umbra X"},"content":{"rendered":"<div class=\"product-description\">\n<h2>KMR W-02 Umbra X: Divis\u00f5es IDPA<\/h2>\n<p>O KMR W-02 Umbra X \u00e9 uma pistola leve e potente projetada para esportes e tiro recreativo. Adequada para disciplinas com limite de peso como IDPA, esta arma compacta oferece desempenho e precis\u00e3o.<\/p>\n<h2>Caracter\u00edsticas principais:<\/h2>\n<ul>\n<li>Cano de 4.5&#8243; pesado, ranhurado e nitretado com Sistema de Estabiliza\u00e7\u00e3o de Cano (BRS)<\/li>\n<li>Interface pronta para \u00f3ptica (OR) para personaliza\u00e7\u00e3o<\/li>\n<li>Arma\u00e7\u00e3o de a\u00e7o usinada CNC para durabilidade<\/li>\n<li>Mecanismo de gatilho SA\/DA com reset curto<\/li>\n<li>Capacidade de carregador de 16+1 muni\u00e7\u00f5es<\/li>\n<li>Empunhadura WAVES em Duralumin vermelho escuro<\/li>\n<li>Bot\u00e3o de libera\u00e7\u00e3o do carregador ajust\u00e1vel em Duralumin<\/li>\n<li>Mira frontal de fibra \u00f3ptica (1 mm) e mira traseira OR ajust\u00e1vel<\/li>\n<li>Arma\u00e7\u00e3o e slide nitretados em preto<\/li>\n<\/ul>\n<h2>Especifica\u00e7\u00f5es:<\/h2>\n<ul>\n<li>Calibre: 9&#215;19, 9&#215;21<\/li>\n<li>Comprimento total: 208 mm<\/li>\n<li>Comprimento do cano: 114 mm<\/li>\n<li>Peso com carregador vazio: 1210 g<\/li>\n<li>Press\u00e3o do gatilho: 17,5 N (SA) \/ 45 N (DA)<\/li>\n<\/ul>\n<p>O KMR W-02 Umbra X vem equipado com acess\u00f3rios KMR. Esta pistola oferece equil\u00edbrio entre pot\u00eancia e precis\u00e3o.<\/p>\n<p>O pacote inclui: 3 carregadores, estojo KMR, kit de limpeza, \u00f3leo KMR, adaptador de montagem BRS, chave de ajuste da mira traseira, manual do usu\u00e1rio e cart\u00e3o de garantia.<\/p>\n<p><strong>KMR W-02 Umbra X &#8211; para tiro esportivo.<\/strong><\/p>\n<\/div>\n","protected":false},"excerpt":{"rendered":"<p>I apologize, but there is no product description provided in your message for me to translate. Could you please share the product description that you would like translated to Portuguese? Once you provide the text, I&#8217;ll be happy to translate it for you.<\/p>\n","protected":false},"featured_media":76073,"template":"","meta":{"_acf_changed":false},"product_brand":[11507],"product_cat":[2180,2260],"product_tag":[],"class_list":{"0":"post-78607","1":"product","2":"type-product","3":"status-publish","4":"has-post-thumbnail","6":"product_brand-kmr-precision","7":"product_cat-pistol-pt-pt","8":"product_cat-pistols-pt-pt","10":"first","11":"outofstock","12":"taxable","13":"shipping-taxable","14":"product-type-simple"},"acf":[],"_links":{"self":[{"href":"https:\/\/staging.nbg.eu\/pt-pt\/wp-json\/wp\/v2\/product\/78607","targetHints":{"allow":["GET"]}}],"collection":[{"href":"https:\/\/staging.nbg.eu\/pt-pt\/wp-json\/wp\/v2\/product"}],"about":[{"href":"https:\/\/staging.nbg.eu\/pt-pt\/wp-json\/wp\/v2\/types\/product"}],"wp:featuredmedia":[{"embeddable":true,"href":"https:\/\/staging.nbg.eu\/pt-pt\/wp-json\/wp\/v2\/media\/76073"}],"wp:attachment":[{"href":"https:\/\/staging.nbg.eu\/pt-pt\/wp-json\/wp\/v2\/media?parent=78607"}],"wp:term":[{"taxonomy":"product_brand","embeddable":true,"href":"https:\/\/staging.nbg.eu\/pt-pt\/wp-json\/wp\/v2\/product_brand?post=78607"},{"taxonomy":"product_cat","embeddable":true,"href":"https:\/\/staging.nbg.eu\/pt-pt\/wp-json\/wp\/v2\/product_cat?post=78607"},{"taxonomy":"product_tag","embeddable":true,"href":"https:\/\/staging.nbg.eu\/pt-pt\/wp-json\/wp\/v2\/product_tag?post=78607"}],"curies":[{"name":"wp","href":"https:\/\/api.w.org\/{rel}","templated":true}]}}