{"id":75451,"date":"2024-10-30T18:55:52","date_gmt":"2024-11-01T09:41:22","guid":{"rendered":"https:\/\/staging.nbg.eu\/product\/rhh-201-iwb-magazine\/"},"modified":"2024-11-01T09:46:24","modified_gmt":"2024-11-01T09:46:24","slug":"carregador-rhh-201-iwb","status":"publish","type":"product","link":"https:\/\/staging.nbg.eu\/pt-pt\/produto\/carregador-rhh-201-iwb\/","title":{"rendered":"Carregador Rhh .201 IWB"},"content":{"rendered":"<div class=\"product-description\">\n<h2>Coldre de Carregador IWB Rhh .201<\/h2>\n<p>O Coldre de Carregador IWB Rhh .201 \u00e9 projetado para uso interno na cintura. Caracter\u00edsticas:<\/p>\n<ul>\n<li>Constru\u00e7\u00e3o em kydex prensado para ajuste preciso<\/li>\n<li>Bordas cortadas \u00e0 m\u00e3o<\/li>\n<li>Reten\u00e7\u00e3o ajust\u00e1vel<\/li>\n<li>Design para f\u00e1cil limpeza<\/li>\n<li>Material kydex de 2mm de espessura<\/li>\n<li>Op\u00e7\u00f5es de uso ao redor da cintura<\/li>\n<li>Adequado para uso durante todo o ano<\/li>\n<li>Dispon\u00edvel com clipes de a\u00e7o de 40mm e 45mm<\/li>\n<li>Prote\u00e7\u00e3o contra suor opcional<\/li>\n<\/ul>\n<p>Projetado para porte oculto com m\u00ednima visibilidade sob a roupa. Para usu\u00e1rios destros na posi\u00e7\u00e3o 9 horas.<\/p>\n<\/div>\n","protected":false},"excerpt":{"rendered":"<p>Coldre fino e oculto para carregador IWB com empunhadura ajust\u00e1vel e prote\u00e7\u00e3o contra suor.<\/p>\n","protected":false},"featured_media":74453,"template":"","meta":{"_acf_changed":false},"product_brand":[11642],"product_cat":[1034,1214],"product_tag":[],"class_list":{"0":"post-75451","1":"product","2":"type-product","3":"status-publish","4":"has-post-thumbnail","6":"product_brand-rh-holsters","7":"product_cat-holster-pt-pt","8":"product_cat-magazine-holders-pt-pt","9":"pa_belt-size-40mm-pt-pt","10":"pa_model-glock-17-22-31-pt-pt","11":"pa_model-glock-19-23-32-pt-pt","12":"pa_model-glock-26-27-pt-pt","13":"pa_strong-hand-right-pt-pt","15":"first","16":"instock","17":"taxable","18":"shipping-taxable","19":"purchasable","20":"product-type-variable","21":"wvs-archive-product-wrapper"},"acf":[],"_links":{"self":[{"href":"https:\/\/staging.nbg.eu\/pt-pt\/wp-json\/wp\/v2\/product\/75451","targetHints":{"allow":["GET"]}}],"collection":[{"href":"https:\/\/staging.nbg.eu\/pt-pt\/wp-json\/wp\/v2\/product"}],"about":[{"href":"https:\/\/staging.nbg.eu\/pt-pt\/wp-json\/wp\/v2\/types\/product"}],"wp:featuredmedia":[{"embeddable":true,"href":"https:\/\/staging.nbg.eu\/pt-pt\/wp-json\/wp\/v2\/media\/74453"}],"wp:attachment":[{"href":"https:\/\/staging.nbg.eu\/pt-pt\/wp-json\/wp\/v2\/media?parent=75451"}],"wp:term":[{"taxonomy":"product_brand","embeddable":true,"href":"https:\/\/staging.nbg.eu\/pt-pt\/wp-json\/wp\/v2\/product_brand?post=75451"},{"taxonomy":"product_cat","embeddable":true,"href":"https:\/\/staging.nbg.eu\/pt-pt\/wp-json\/wp\/v2\/product_cat?post=75451"},{"taxonomy":"product_tag","embeddable":true,"href":"https:\/\/staging.nbg.eu\/pt-pt\/wp-json\/wp\/v2\/product_tag?post=75451"}],"curies":[{"name":"wp","href":"https:\/\/api.w.org\/{rel}","templated":true}]}}