{"id":75375,"date":"2024-10-30T18:50:16","date_gmt":"2024-11-01T09:27:15","guid":{"rendered":"https:\/\/staging.nbg.eu\/product\/rhh-081-owb-magazine\/"},"modified":"2024-11-01T09:29:21","modified_gmt":"2024-11-01T09:29:21","slug":"rhh-081-owb-magazine","status":"publish","type":"product","link":"https:\/\/staging.nbg.eu\/pt-pt\/produto\/rhh-081-owb-magazine\/","title":{"rendered":"Rhh .081 OWB Magazine"},"content":{"rendered":"<div class=\"product-description\">\n<h2>Coldre de Carregador OWB Rhh .081<\/h2>\n<p>O Coldre de Carregador OWB Rhh .081 \u00e9 um coldre Kydex projetado para conforto e funcionalidade. Caracter\u00edsticas incluem:<\/p>\n<ul>\n<li>Constru\u00e7\u00e3o em Kydex de 2mm de espessura<\/li>\n<li>Moldagem de alta press\u00e3o para ajuste do carregador<\/li>\n<li>Recortes precisos com bordas suaves<\/li>\n<li>Op\u00e7\u00f5es de cores personaliz\u00e1veis<\/li>\n<li>Posi\u00e7\u00f5es de uso vers\u00e1teis (9-7 horas para destros)<\/li>\n<li>Adequado para estandes de tiro, cursos de treinamento e competi\u00e7\u00f5es<\/li>\n<li>M\u00faltiplas op\u00e7\u00f5es de fixa\u00e7\u00e3o no cinto: Loops cl\u00e1ssicos, SpeedLoops ou clipes MOLLE<\/li>\n<li>Prote\u00e7\u00e3o contra suor opcional<\/li>\n<li>Tens\u00e3o de empunhadura ajust\u00e1vel<\/li>\n<\/ul>\n<p>O Coldre de Carregador OWB Rhh .081 oferece reten\u00e7\u00e3o e facilidade de uso.<\/p>\n<\/div>\n","protected":false},"excerpt":{"rendered":"<p>Coldre OWB de Kydex dur\u00e1vel para 2 carregadores. Ajuste personaliz\u00e1vel e seguro.<\/p>\n","protected":false},"featured_media":74404,"template":"","meta":{"_acf_changed":false},"product_brand":[11642],"product_cat":[1034,1214],"product_tag":[],"class_list":{"0":"post-75375","1":"product","2":"type-product","3":"status-publish","4":"has-post-thumbnail","6":"product_brand-rh-holsters","7":"product_cat-holster-pt-pt","8":"product_cat-magazine-holders-pt-pt","9":"pa_belt-size-40mm-pt-pt","10":"pa_model-1911-pt-pt","11":"pa_model-beretta-92x-pt-pt-2","12":"pa_model-beretta-m9a3-pt-pt","13":"pa_model-glock-17-22-31-pt-pt","14":"pa_model-glock-19-23-32-pt-pt","15":"pa_model-glock-26-27-pt-pt","16":"pa_model-hk45-pt-pt-2","17":"pa_model-sig-sauer-p226-bez-railu-pt-pt","18":"pa_strong-hand-right-pt-pt","20":"first","21":"instock","22":"taxable","23":"shipping-taxable","24":"purchasable","25":"product-type-variable","26":"wvs-archive-product-wrapper"},"acf":[],"_links":{"self":[{"href":"https:\/\/staging.nbg.eu\/pt-pt\/wp-json\/wp\/v2\/product\/75375","targetHints":{"allow":["GET"]}}],"collection":[{"href":"https:\/\/staging.nbg.eu\/pt-pt\/wp-json\/wp\/v2\/product"}],"about":[{"href":"https:\/\/staging.nbg.eu\/pt-pt\/wp-json\/wp\/v2\/types\/product"}],"wp:featuredmedia":[{"embeddable":true,"href":"https:\/\/staging.nbg.eu\/pt-pt\/wp-json\/wp\/v2\/media\/74404"}],"wp:attachment":[{"href":"https:\/\/staging.nbg.eu\/pt-pt\/wp-json\/wp\/v2\/media?parent=75375"}],"wp:term":[{"taxonomy":"product_brand","embeddable":true,"href":"https:\/\/staging.nbg.eu\/pt-pt\/wp-json\/wp\/v2\/product_brand?post=75375"},{"taxonomy":"product_cat","embeddable":true,"href":"https:\/\/staging.nbg.eu\/pt-pt\/wp-json\/wp\/v2\/product_cat?post=75375"},{"taxonomy":"product_tag","embeddable":true,"href":"https:\/\/staging.nbg.eu\/pt-pt\/wp-json\/wp\/v2\/product_tag?post=75375"}],"curies":[{"name":"wp","href":"https:\/\/api.w.org\/{rel}","templated":true}]}}