{"id":75337,"date":"2024-10-30T20:07:58","date_gmt":"2024-10-30T20:07:58","guid":{"rendered":"https:\/\/staging.nbg.eu\/product\/daa-hard-case-large-430\/"},"modified":"2024-11-01T09:08:13","modified_gmt":"2024-11-01T09:08:13","slug":"daa-estojo-rigido-grande-430","status":"publish","type":"product","link":"https:\/\/staging.nbg.eu\/pt-pt\/produto\/daa-estojo-rigido-grande-430\/","title":{"rendered":"DAA Estojo R\u00edgido Grande-430"},"content":{"rendered":"<div class=\"product-description\">\n<h2>Estojo R\u00edgido DAA Grande-430<\/h2>\n<p>O Estojo R\u00edgido DAA Grande-430 certificado IP67 oferece prote\u00e7\u00e3o para seus objetos de valor. Adequado para armas de fogo, equipamentos fotogr\u00e1ficos, equipamentos mar\u00edtimos e mais, este estojo \u00e9 projetado para suportar condi\u00e7\u00f5es extremas.<\/p>\n<ul>\n<li>Veda\u00e7\u00e3o \u00e0 prova d&#8217;\u00e1gua e v\u00e1lvula de libera\u00e7\u00e3o de press\u00e3o autom\u00e1tica<\/li>\n<li>Travas de abertura f\u00e1cil e orif\u00edcios para cadeado<\/li>\n<li>Sistema de empilhamento com pontos de fixa\u00e7\u00e3o extras<\/li>\n<li>Inclui conjunto de espuma de 4 pe\u00e7as para interior personaliz\u00e1vel<\/li>\n<li>Dispon\u00edvel em Preto ou Laranja<\/li>\n<\/ul>\n<p>Dimens\u00f5es externas: 464 x 366 x 176 mm (18,27 x 14,41 x 6,93 polegadas)<br \/>\n  Dimens\u00f5es internas: 426 x 290 x 159 mm (16,77 x 11,41 x 6,26 polegadas)<br \/>\n  Peso: 3,1 kg<\/p>\n<\/div>\n","protected":false},"excerpt":{"rendered":"<p>Estojo dur\u00e1vel e \u00e0 prova d&#8217;\u00e1gua para equipamentos valiosos. Certificado IP67, vers\u00e1til.<\/p>\n","protected":false},"featured_media":74479,"template":"","meta":{"_acf_changed":false},"product_brand":[11280],"product_cat":[574],"product_tag":[],"class_list":{"0":"post-75337","1":"product","2":"type-product","3":"status-publish","4":"has-post-thumbnail","6":"product_brand-doublealpha","7":"product_cat-gear-pt-pt","9":"first","10":"outofstock","11":"taxable","12":"shipping-taxable","13":"purchasable","14":"product-type-simple"},"acf":[],"_links":{"self":[{"href":"https:\/\/staging.nbg.eu\/pt-pt\/wp-json\/wp\/v2\/product\/75337","targetHints":{"allow":["GET"]}}],"collection":[{"href":"https:\/\/staging.nbg.eu\/pt-pt\/wp-json\/wp\/v2\/product"}],"about":[{"href":"https:\/\/staging.nbg.eu\/pt-pt\/wp-json\/wp\/v2\/types\/product"}],"wp:featuredmedia":[{"embeddable":true,"href":"https:\/\/staging.nbg.eu\/pt-pt\/wp-json\/wp\/v2\/media\/74479"}],"wp:attachment":[{"href":"https:\/\/staging.nbg.eu\/pt-pt\/wp-json\/wp\/v2\/media?parent=75337"}],"wp:term":[{"taxonomy":"product_brand","embeddable":true,"href":"https:\/\/staging.nbg.eu\/pt-pt\/wp-json\/wp\/v2\/product_brand?post=75337"},{"taxonomy":"product_cat","embeddable":true,"href":"https:\/\/staging.nbg.eu\/pt-pt\/wp-json\/wp\/v2\/product_cat?post=75337"},{"taxonomy":"product_tag","embeddable":true,"href":"https:\/\/staging.nbg.eu\/pt-pt\/wp-json\/wp\/v2\/product_tag?post=75337"}],"curies":[{"name":"wp","href":"https:\/\/api.w.org\/{rel}","templated":true}]}}