{"id":74932,"date":"2024-10-21T09:31:15","date_gmt":"2024-10-31T11:16:06","guid":{"rendered":"https:\/\/staging.nbg.eu\/product\/grips-kmr-s-dotmatrix-ergo-silver\/"},"modified":"2024-10-31T11:17:36","modified_gmt":"2024-10-31T11:17:36","slug":"empunhaduras-kmr-s-dotmatrix-ergo-prata","status":"publish","type":"product","link":"https:\/\/staging.nbg.eu\/pt-pt\/produto\/empunhaduras-kmr-s-dotmatrix-ergo-prata\/","title":{"rendered":"EMPUNHADURAS KMR S DotMatrix &#8211; Ergo Prata"},"content":{"rendered":"<h2>GRIPS KMR S DotMatrix &#8211; Ergo Prata<\/h2>\n<p>Melhore o desempenho e o estilo da sua pistola KMR S-02 com nossos grips DotMatrix. Fabricados em duralum\u00ednio anodizado dur\u00e1vel, esses grips de tamanho longo apresentam um design ergon\u00f4mico e um padr\u00e3o de bola de golfe para melhor ader\u00eancia e controle.<\/p>\n<ul>\n<li>Compat\u00edvel exclusivamente com o frame KMR S-02 (26mm de largura)<\/li>\n<li>Constru\u00e7\u00e3o em duralum\u00ednio anodizado para durabilidade e leveza<\/li>\n<li>Design ergon\u00f4mico para melhor manuseio e conforto<\/li>\n<li>Textura com padr\u00e3o de bola de golfe para ader\u00eancia superior em todas as condi\u00e7\u00f5es<\/li>\n<li>Acabamento em prata com logotipo KMR<\/li>\n<li>Inclui parafusos torx para f\u00e1cil instala\u00e7\u00e3o<\/li>\n<\/ul>\n<p>Melhore sua experi\u00eancia de tiro com estes grips projetados especificamente para a pistola KMR S-02 .22 LR. N\u00e3o compat\u00edvel com os tamanhos de frame W-02 ou L-02.<\/p>\n<dl class=\"data-sheet\">\n<dt class=\"name\">Para Armas KMR<\/dt>\n<dd class=\"value\">KMR S-01 LANCE (OR)<br \/>\nKMR S-02 AT\u00c9 2023<\/dd>\n<dt class=\"name\">Sele\u00e7\u00e3o por Armas CZ<\/dt>\n<dd class=\"value\">CZ SHADOW 1<br \/>\nCZ SHADOW 2<br \/>\nCZ SHADOW 2 (OR)<br \/>\nCZ SP-01<\/dd>\n<\/dl>\n","protected":false},"excerpt":{"rendered":"<p>Empunhaduras ergon\u00f4micas prateadas para pistolas KMR S-02.<br \/>\n0611-03001-0102<\/p>\n","protected":false},"featured_media":73854,"template":"","meta":{"_acf_changed":false},"product_brand":[11507],"product_cat":[921],"product_tag":[],"class_list":{"0":"post-74932","1":"product","2":"type-product","3":"status-publish","4":"has-post-thumbnail","6":"product_brand-kmr-precision","7":"product_cat-kmr-parts-pt-pt","9":"first","10":"instock","11":"taxable","12":"shipping-taxable","13":"purchasable","14":"product-type-simple"},"acf":[],"_links":{"self":[{"href":"https:\/\/staging.nbg.eu\/pt-pt\/wp-json\/wp\/v2\/product\/74932","targetHints":{"allow":["GET"]}}],"collection":[{"href":"https:\/\/staging.nbg.eu\/pt-pt\/wp-json\/wp\/v2\/product"}],"about":[{"href":"https:\/\/staging.nbg.eu\/pt-pt\/wp-json\/wp\/v2\/types\/product"}],"wp:featuredmedia":[{"embeddable":true,"href":"https:\/\/staging.nbg.eu\/pt-pt\/wp-json\/wp\/v2\/media\/73854"}],"wp:attachment":[{"href":"https:\/\/staging.nbg.eu\/pt-pt\/wp-json\/wp\/v2\/media?parent=74932"}],"wp:term":[{"taxonomy":"product_brand","embeddable":true,"href":"https:\/\/staging.nbg.eu\/pt-pt\/wp-json\/wp\/v2\/product_brand?post=74932"},{"taxonomy":"product_cat","embeddable":true,"href":"https:\/\/staging.nbg.eu\/pt-pt\/wp-json\/wp\/v2\/product_cat?post=74932"},{"taxonomy":"product_tag","embeddable":true,"href":"https:\/\/staging.nbg.eu\/pt-pt\/wp-json\/wp\/v2\/product_tag?post=74932"}],"curies":[{"name":"wp","href":"https:\/\/api.w.org\/{rel}","templated":true}]}}