{"id":74844,"date":"2024-10-21T09:33:36","date_gmt":"2024-10-31T10:59:19","guid":{"rendered":"https:\/\/staging.nbg.eu\/product\/grips-kmr-s-dotmatrix-silver\/"},"modified":"2024-10-31T11:00:50","modified_gmt":"2024-10-31T11:00:50","slug":"empunhaduras-kmr-s-dotmatrix-prata","status":"publish","type":"product","link":"https:\/\/staging.nbg.eu\/pt-pt\/produto\/empunhaduras-kmr-s-dotmatrix-prata\/","title":{"rendered":"EMPUNHADURAS KMR S DotMatrix &#8211; Prata"},"content":{"rendered":"<div class=\"product-description\">\n<h2>GRIPS KMR S DotMatrix &#8211; Prata<\/h2>\n<p>GRIPS KMR S DotMatrix em prata. Estes grips longos s\u00e3o feitos de duralum\u00ednio anodizado, com um padr\u00e3o de textura de bola de golfe para uma ader\u00eancia firme.<\/p>\n<ul>\n<li>Projetado para modelos KMR S-02 com arma\u00e7\u00f5es de alum\u00ednio de 26mm de largura<\/li>\n<li>Textura assegura uma ader\u00eancia segura<\/li>\n<li>Adequado para atualizar pistolas existentes ou construir armas de competi\u00e7\u00e3o<\/li>\n<li>Sem guia de carregador para uso vers\u00e1til<\/li>\n<li>Inclui parafusos torx para instala\u00e7\u00e3o<\/li>\n<li>Possui o logotipo KMR<\/li>\n<\/ul>\n<p>Observa\u00e7\u00e3o: Estes grips s\u00e3o compat\u00edveis exclusivamente com tamanhos de arma\u00e7\u00e3o KMR S-02 e n\u00e3o s\u00e3o intercambi\u00e1veis com modelos W-02 ou L-02. Verifique a marca\u00e7\u00e3o interna (S) antes da instala\u00e7\u00e3o para garantir o ajuste adequado.<\/p>\n<\/div>\n<dl class=\"data-sheet\">\n<dt class=\"name\">Para Armas KMR<\/dt>\n<dd class=\"value\">KMR S-01 LANCE (OR)<br \/>\nKMR S-02 AT\u00c9 2023<\/dd>\n<dt class=\"name\">Sele\u00e7\u00e3o por Armas CZ<\/dt>\n<dd class=\"value\">CZ SHADOW 1<br \/>\nCZ SHADOW 2<br \/>\nCZ SHADOW 2 (OR)<br \/>\nCZ SP-01<\/dd>\n<\/dl>\n","protected":false},"excerpt":{"rendered":"<p>Pegas prateadas dur\u00e1veis com textura agressiva para um manuseio confiante.<br \/>\n 0611-02801-0102<\/p>\n","protected":false},"featured_media":73878,"template":"","meta":{"_acf_changed":false},"product_brand":[11507],"product_cat":[369],"product_tag":[],"class_list":{"0":"post-74844","1":"product","2":"type-product","3":"status-publish","4":"has-post-thumbnail","6":"product_brand-kmr-precision","7":"product_cat-uncategorized","9":"first","10":"instock","11":"taxable","12":"shipping-taxable","13":"purchasable","14":"product-type-simple"},"acf":[],"_links":{"self":[{"href":"https:\/\/staging.nbg.eu\/pt-pt\/wp-json\/wp\/v2\/product\/74844","targetHints":{"allow":["GET"]}}],"collection":[{"href":"https:\/\/staging.nbg.eu\/pt-pt\/wp-json\/wp\/v2\/product"}],"about":[{"href":"https:\/\/staging.nbg.eu\/pt-pt\/wp-json\/wp\/v2\/types\/product"}],"wp:featuredmedia":[{"embeddable":true,"href":"https:\/\/staging.nbg.eu\/pt-pt\/wp-json\/wp\/v2\/media\/73878"}],"wp:attachment":[{"href":"https:\/\/staging.nbg.eu\/pt-pt\/wp-json\/wp\/v2\/media?parent=74844"}],"wp:term":[{"taxonomy":"product_brand","embeddable":true,"href":"https:\/\/staging.nbg.eu\/pt-pt\/wp-json\/wp\/v2\/product_brand?post=74844"},{"taxonomy":"product_cat","embeddable":true,"href":"https:\/\/staging.nbg.eu\/pt-pt\/wp-json\/wp\/v2\/product_cat?post=74844"},{"taxonomy":"product_tag","embeddable":true,"href":"https:\/\/staging.nbg.eu\/pt-pt\/wp-json\/wp\/v2\/product_tag?post=74844"}],"curies":[{"name":"wp","href":"https:\/\/api.w.org\/{rel}","templated":true}]}}