{"id":74822,"date":"2024-10-21T09:29:53","date_gmt":"2024-10-31T10:55:49","guid":{"rendered":"https:\/\/staging.nbg.eu\/product\/grips-kmr-s-dotmatrix-black\/"},"modified":"2024-10-31T10:57:19","modified_gmt":"2024-10-31T10:57:19","slug":"empunhaduras-kmr-s-dotmatrix-preto","status":"publish","type":"product","link":"https:\/\/staging.nbg.eu\/pt-pt\/produto\/empunhaduras-kmr-s-dotmatrix-preto\/","title":{"rendered":"EMPUNHADURAS KMR S DotMatrix &#8211; Preto"},"content":{"rendered":"<div class=\"product-description\">\n<h2>GRIPS KMR S DotMatrix &#8211; Preto<\/h2>\n<p>GRIPS KMR S DotMatrix em preto. Estes grips oferecem uma textura \u00e1spera, garantindo uma pegada firme. Adequados para atualizar sua pistola existente ou para armas de competi\u00e7\u00e3o.<\/p>\n<h3>Caracter\u00edsticas principais:<\/h3>\n<ul>\n<li>Tamanho longo para pegada ideal<\/li>\n<li>Fabricado em duralum\u00ednio anodizado<\/li>\n<li>Padr\u00e3o de bola de golfe para textura<\/li>\n<li>Projetado para uso sem guia de carregador<\/li>\n<li>Inclui parafusos torx para instala\u00e7\u00e3o<\/li>\n<li>Apresenta o logotipo KMR<\/li>\n<\/ul>\n<p>Compat\u00edvel exclusivamente com modelos KMR S-02 com arma\u00e7\u00e3o de alum\u00ednio de 26mm de largura. N\u00e3o adequado para tamanhos de arma\u00e7\u00e3o W-02 ou L-02. Para pistolas KMR S-02 .22 LR.<\/p>\n<\/div>\n<dl class=\"data-sheet\">\n<dt class=\"name\">Para Armas KMR<\/dt>\n<dd class=\"value\">KMR S-01 LANCE (OR)<br \/>\nKMR S-02 AT\u00c9 2023<\/dd>\n<dt class=\"name\">Sele\u00e7\u00e3o por Armas CZ<\/dt>\n<dd class=\"value\">CZ SHADOW 1<br \/>\nCZ SHADOW 2<br \/>\nCZ SHADOW 2 (OR)<br \/>\nCZ SP-01<\/dd>\n<\/dl>\n","protected":false},"excerpt":{"rendered":"<p>Cabos de pistola em duralum\u00ednio anodizado dur\u00e1vel. Textura agressiva.<\/p>\n<p>0611-02801-0101<\/p>\n","protected":false},"featured_media":73830,"template":"","meta":{"_acf_changed":false},"product_brand":[11507],"product_cat":[921],"product_tag":[],"class_list":{"0":"post-74822","1":"product","2":"type-product","3":"status-publish","4":"has-post-thumbnail","6":"product_brand-kmr-precision","7":"product_cat-kmr-parts-pt-pt","9":"first","10":"instock","11":"taxable","12":"shipping-taxable","13":"purchasable","14":"product-type-simple"},"acf":[],"_links":{"self":[{"href":"https:\/\/staging.nbg.eu\/pt-pt\/wp-json\/wp\/v2\/product\/74822","targetHints":{"allow":["GET"]}}],"collection":[{"href":"https:\/\/staging.nbg.eu\/pt-pt\/wp-json\/wp\/v2\/product"}],"about":[{"href":"https:\/\/staging.nbg.eu\/pt-pt\/wp-json\/wp\/v2\/types\/product"}],"wp:featuredmedia":[{"embeddable":true,"href":"https:\/\/staging.nbg.eu\/pt-pt\/wp-json\/wp\/v2\/media\/73830"}],"wp:attachment":[{"href":"https:\/\/staging.nbg.eu\/pt-pt\/wp-json\/wp\/v2\/media?parent=74822"}],"wp:term":[{"taxonomy":"product_brand","embeddable":true,"href":"https:\/\/staging.nbg.eu\/pt-pt\/wp-json\/wp\/v2\/product_brand?post=74822"},{"taxonomy":"product_cat","embeddable":true,"href":"https:\/\/staging.nbg.eu\/pt-pt\/wp-json\/wp\/v2\/product_cat?post=74822"},{"taxonomy":"product_tag","embeddable":true,"href":"https:\/\/staging.nbg.eu\/pt-pt\/wp-json\/wp\/v2\/product_tag?post=74822"}],"curies":[{"name":"wp","href":"https:\/\/api.w.org\/{rel}","templated":true}]}}