{"id":74374,"date":"2024-10-19T08:43:18","date_gmt":"2024-10-19T08:43:18","guid":{"rendered":"https:\/\/staging.nbg.eu\/product\/sg-timer-go\/"},"modified":"2025-10-01T15:34:14","modified_gmt":"2025-10-01T12:34:14","slug":"sg-timer-go","status":"publish","type":"product","link":"https:\/\/staging.nbg.eu\/pt-pt\/produto\/sg-timer-go\/","title":{"rendered":"SG Timer Go"},"content":{"rendered":"<h2>SG Timer Go: Pre\u00e7o M\u00ednimo, Recursos M\u00e1ximos<\/h2>\n<p>O SG Timer Go incorpora tecnologia avan\u00e7ada em um dispositivo compacto e f\u00e1cil de usar. Apresentando o mesmo sensor inteligente e algoritmos de reconhecimento de seu antecessor, este temporizador \u00e9 projetado para melhorar sua experi\u00eancia de tiro.<\/p>\n<h2>Caracter\u00edsticas Principais:<\/h2>\n<ul>\n<li>Conectividade Bluetooth<\/li>\n<li>Compatibilidade com aplicativo de exerc\u00edcios para recursos avan\u00e7ados<\/li>\n<li>Detec\u00e7\u00e3o de tiro a seco com feedback de desempenho<\/li>\n<li>Filtragem de eco para detec\u00e7\u00e3o precisa de tiros<\/li>\n<li>Mem\u00f3ria interna para 1.000.000 de tiros<\/li>\n<li>Tempos PAR personaliz\u00e1veis<\/li>\n<li>Sensibilidade ajust\u00e1vel para todos os calibres<\/li>\n<li>Controle de volume vari\u00e1vel (5-100)<\/li>\n<li>&#8220;Modo espi\u00e3o&#8221; para sincroniza\u00e7\u00e3o com outros temporizadores<\/li>\n<\/ul>\n<h2>Design F\u00e1cil de Usar:<\/h2>\n<ul>\n<li>Display montado no topo para f\u00e1cil visualiza\u00e7\u00e3o<\/li>\n<li>Interface simplificada de 2 bot\u00f5es<\/li>\n<li>Clipe de cinto de libera\u00e7\u00e3o r\u00e1pida para montagem segura<\/li>\n<li>Clipe de bolso para op\u00e7\u00f5es vers\u00e1teis de transporte<\/li>\n<\/ul>\n<h2>Desempenho Duradouro:<\/h2>\n<p>Com at\u00e9 80 horas de uso cont\u00ednuo em uma \u00fanica carga e uma porta USB-C conveniente, o SG Timer Go est\u00e1 pronto para uso di\u00e1rio e cont\u00ednuo.<\/p>\n<p>Experimente a combina\u00e7\u00e3o perfeita de simplicidade e recursos avan\u00e7ados com o SG Timer Go &#8211; seu companheiro definitivo para tiro.<\/p>\n","protected":false},"excerpt":{"rendered":"<p>Temporizador inteligente compacto com Bluetooth, recursos avan\u00e7ados e longa dura\u00e7\u00e3o da bateria.<\/p>\n","protected":false},"featured_media":73226,"template":"","meta":{"_acf_changed":false},"product_brand":[11806],"product_cat":[574,2441],"product_tag":[],"class_list":{"0":"post-74374","1":"product","2":"type-product","3":"status-publish","4":"has-post-thumbnail","6":"product_brand-shooters-global","7":"product_cat-gear-pt-pt","8":"product_cat-shot-timers-pt-pt","10":"first","11":"outofstock","12":"taxable","13":"shipping-taxable","14":"purchasable","15":"product-type-simple"},"acf":[],"_links":{"self":[{"href":"https:\/\/staging.nbg.eu\/pt-pt\/wp-json\/wp\/v2\/product\/74374","targetHints":{"allow":["GET"]}}],"collection":[{"href":"https:\/\/staging.nbg.eu\/pt-pt\/wp-json\/wp\/v2\/product"}],"about":[{"href":"https:\/\/staging.nbg.eu\/pt-pt\/wp-json\/wp\/v2\/types\/product"}],"wp:featuredmedia":[{"embeddable":true,"href":"https:\/\/staging.nbg.eu\/pt-pt\/wp-json\/wp\/v2\/media\/73226"}],"wp:attachment":[{"href":"https:\/\/staging.nbg.eu\/pt-pt\/wp-json\/wp\/v2\/media?parent=74374"}],"wp:term":[{"taxonomy":"product_brand","embeddable":true,"href":"https:\/\/staging.nbg.eu\/pt-pt\/wp-json\/wp\/v2\/product_brand?post=74374"},{"taxonomy":"product_cat","embeddable":true,"href":"https:\/\/staging.nbg.eu\/pt-pt\/wp-json\/wp\/v2\/product_cat?post=74374"},{"taxonomy":"product_tag","embeddable":true,"href":"https:\/\/staging.nbg.eu\/pt-pt\/wp-json\/wp\/v2\/product_tag?post=74374"}],"curies":[{"name":"wp","href":"https:\/\/api.w.org\/{rel}","templated":true}]}}