{"id":74240,"date":"2024-10-18T20:39:12","date_gmt":"2024-10-18T20:39:12","guid":{"rendered":"https:\/\/staging.nbg.eu\/product\/kmr-gun-oil-20ml\/"},"modified":"2024-10-30T09:00:14","modified_gmt":"2024-10-30T09:00:14","slug":"oleo-para-armas-kmr-20ml","status":"publish","type":"product","link":"https:\/\/staging.nbg.eu\/pt-pt\/produto\/oleo-para-armas-kmr-20ml\/","title":{"rendered":"\u00d3leo para Armas KMR 20ML"},"content":{"rendered":"<div class=\"product-description\">\n<h2>\u00d3LEO PARA ARMAS KMR 20ML<\/h2>\n<p>O \u00d3LEO PARA ARMAS KMR 20ML \u00e9 uma solu\u00e7\u00e3o para manuten\u00e7\u00e3o e prote\u00e7\u00e3o de armas de fogo. Este \u00f3leo sint\u00e9tico \u00e9 formulado para reduzir o atrito e o desgaste, garantindo que suas armas de fogo funcionem suavemente e de forma eficiente.<\/p>\n<ul>\n<li>F\u00f3rmula sint\u00e9tica<\/li>\n<li>Reduz atrito e desgaste<\/li>\n<li>Prolonga a vida \u00fatil da arma<\/li>\n<li>Melhora o desempenho geral<\/li>\n<li>Adequado para todos os tipos de armas de fogo<\/li>\n<\/ul>\n<p>O \u00d3LEO PARA ARMAS KMR vem em uma embalagem de 20ml, facilitando o uso e o transporte. Seja no estande de tiro ou no campo, este frasco compacto garante que voc\u00ea sempre tenha a quantidade certa de \u00f3leo para manuten\u00e7\u00f5es r\u00e1pidas.<\/p>\n<p>Proteja seu investimento e mantenha suas armas de fogo em boas condi\u00e7\u00f5es com o \u00d3LEO PARA ARMAS KMR 20ML.<\/p>\n<\/div>\n","protected":false},"excerpt":{"rendered":"<p>\u00d3leo sint\u00e9tico especial KMR para armas, para redu\u00e7\u00e3o de atrito e desgaste.<\/p>\n","protected":false},"featured_media":72878,"template":"","meta":{"_acf_changed":false},"product_brand":[11507],"product_cat":[1925,1440],"product_tag":[],"class_list":{"0":"post-74240","1":"product","2":"type-product","3":"status-publish","4":"has-post-thumbnail","6":"product_brand-kmr-precision","7":"product_cat-lubricants-pt-pt","8":"product_cat-maintenance-pt-pt","10":"first","11":"instock","12":"taxable","13":"shipping-taxable","14":"purchasable","15":"product-type-simple"},"acf":[],"_links":{"self":[{"href":"https:\/\/staging.nbg.eu\/pt-pt\/wp-json\/wp\/v2\/product\/74240","targetHints":{"allow":["GET"]}}],"collection":[{"href":"https:\/\/staging.nbg.eu\/pt-pt\/wp-json\/wp\/v2\/product"}],"about":[{"href":"https:\/\/staging.nbg.eu\/pt-pt\/wp-json\/wp\/v2\/types\/product"}],"wp:featuredmedia":[{"embeddable":true,"href":"https:\/\/staging.nbg.eu\/pt-pt\/wp-json\/wp\/v2\/media\/72878"}],"wp:attachment":[{"href":"https:\/\/staging.nbg.eu\/pt-pt\/wp-json\/wp\/v2\/media?parent=74240"}],"wp:term":[{"taxonomy":"product_brand","embeddable":true,"href":"https:\/\/staging.nbg.eu\/pt-pt\/wp-json\/wp\/v2\/product_brand?post=74240"},{"taxonomy":"product_cat","embeddable":true,"href":"https:\/\/staging.nbg.eu\/pt-pt\/wp-json\/wp\/v2\/product_cat?post=74240"},{"taxonomy":"product_tag","embeddable":true,"href":"https:\/\/staging.nbg.eu\/pt-pt\/wp-json\/wp\/v2\/product_tag?post=74240"}],"curies":[{"name":"wp","href":"https:\/\/api.w.org\/{rel}","templated":true}]}}