{"id":74218,"date":"2024-10-18T20:28:40","date_gmt":"2024-10-30T08:48:35","guid":{"rendered":"https:\/\/staging.nbg.eu\/product\/extractor-l-02-40sw-kmr\/"},"modified":"2024-10-30T08:50:05","modified_gmt":"2024-10-30T08:50:05","slug":"extrator-l-02-40sw-kmr","status":"publish","type":"product","link":"https:\/\/staging.nbg.eu\/pt-pt\/produto\/extrator-l-02-40sw-kmr\/","title":{"rendered":"Extrator L-02 .40SW &#8211; KMR"},"content":{"rendered":"<div class=\"product-description\">\n<h2>Extrator L-02 .40SW &#8211; KMR<\/h2>\n<p>Extrator para pistola KMR L-02. Projetado para o calibre .40 S&amp;W, esta pe\u00e7a de reposi\u00e7\u00e3o garante extra\u00e7\u00e3o e opera\u00e7\u00e3o. Fabricado com materiais resistentes para uso prolongado e funcionamento consistente. Componente para precis\u00e3o e confiabilidade da arma de fogo.<\/p>\n<\/div>\n","protected":false},"excerpt":{"rendered":"<p>Extrator de precis\u00e3o para pistola KMR L-02 em calibre 40 S&amp;W.<\/p>\n","protected":false},"featured_media":72597,"template":"","meta":{"_acf_changed":false},"product_brand":[],"product_cat":[921],"product_tag":[],"class_list":{"0":"post-74218","1":"product","2":"type-product","3":"status-publish","4":"has-post-thumbnail","6":"product_cat-kmr-parts-pt-pt","8":"first","9":"instock","10":"taxable","11":"shipping-taxable","12":"purchasable","13":"product-type-simple"},"acf":[],"_links":{"self":[{"href":"https:\/\/staging.nbg.eu\/pt-pt\/wp-json\/wp\/v2\/product\/74218","targetHints":{"allow":["GET"]}}],"collection":[{"href":"https:\/\/staging.nbg.eu\/pt-pt\/wp-json\/wp\/v2\/product"}],"about":[{"href":"https:\/\/staging.nbg.eu\/pt-pt\/wp-json\/wp\/v2\/types\/product"}],"wp:featuredmedia":[{"embeddable":true,"href":"https:\/\/staging.nbg.eu\/pt-pt\/wp-json\/wp\/v2\/media\/72597"}],"wp:attachment":[{"href":"https:\/\/staging.nbg.eu\/pt-pt\/wp-json\/wp\/v2\/media?parent=74218"}],"wp:term":[{"taxonomy":"product_brand","embeddable":true,"href":"https:\/\/staging.nbg.eu\/pt-pt\/wp-json\/wp\/v2\/product_brand?post=74218"},{"taxonomy":"product_cat","embeddable":true,"href":"https:\/\/staging.nbg.eu\/pt-pt\/wp-json\/wp\/v2\/product_cat?post=74218"},{"taxonomy":"product_tag","embeddable":true,"href":"https:\/\/staging.nbg.eu\/pt-pt\/wp-json\/wp\/v2\/product_tag?post=74218"}],"curies":[{"name":"wp","href":"https:\/\/api.w.org\/{rel}","templated":true}]}}