{"id":74196,"date":"2024-10-20T09:56:58","date_gmt":"2024-10-30T08:45:40","guid":{"rendered":"https:\/\/staging.nbg.eu\/product\/holosun-hs-mount-aems-low\/"},"modified":"2024-10-30T08:47:14","modified_gmt":"2024-10-30T08:47:14","slug":"holosun-hs-mount-aems-low","status":"publish","type":"product","link":"https:\/\/staging.nbg.eu\/pt-pt\/produto\/holosun-hs-mount-aems-low\/","title":{"rendered":"Holosun HS-MOUNT-AEMS-LOW"},"content":{"rendered":"<h2>Holosun HS-MOUNT-AEMS-LOW<\/h2>\n<p>O Holosun HS-MOUNT-AEMS-LOW \u00e9 um suporte de baixo perfil projetado para a mira de ponto vermelho AEMS. Este suporte de alum\u00ednio \u00e9 dur\u00e1vel e f\u00e1cil de usar, adequado para armas de fogo com coronhas convencionais.<\/p>\n<h2>Caracter\u00edsticas principais:<\/h2>\n<ul>\n<li>Compat\u00edvel com trilhos Picatinny\/Weaver<\/li>\n<li>Design de baixo perfil para alinhamento da mira<\/li>\n<li>Instala\u00e7\u00e3o r\u00e1pida usando soquete Torx<\/li>\n<li>Constru\u00e7\u00e3o em alum\u00ednio leve e dur\u00e1vel<\/li>\n<li>Precis\u00e3o repet\u00edvel<\/li>\n<\/ul>\n<h2>Especifica\u00e7\u00f5es:<\/h2>\n<ul>\n<li>Dimens\u00f5es: 50x35x11 mm<\/li>\n<li>Peso: 34g<\/li>\n<li>Cor: Preto<\/li>\n<li>Temperatura de opera\u00e7\u00e3o: -30\u00b0C a 60\u00b0C<\/li>\n<li>Temperatura de armazenamento: -40\u00b0C a 70\u00b0C<\/li>\n<\/ul>\n<p>O Holosun HS-MOUNT-AEMS-LOW \u00e9 projetado para precis\u00e3o e confiabilidade em qualquer condi\u00e7\u00e3o.<\/p>\n","protected":false},"excerpt":{"rendered":"<p>Suporte de alum\u00ednio extremamente dur\u00e1vel para miras de ponto vermelho Holosun AEMS.<\/p>\n","protected":false},"featured_media":73342,"template":"","meta":{"_acf_changed":false},"product_brand":[11434],"product_cat":[805,807],"product_tag":[],"class_list":{"0":"post-74196","1":"product","2":"type-product","3":"status-publish","4":"has-post-thumbnail","6":"product_brand-holosun","7":"product_cat-aiming-pt-pt","8":"product_cat-red-dots-pt-pt","10":"first","11":"instock","12":"taxable","13":"shipping-taxable","14":"purchasable","15":"product-type-simple"},"acf":[],"_links":{"self":[{"href":"https:\/\/staging.nbg.eu\/pt-pt\/wp-json\/wp\/v2\/product\/74196","targetHints":{"allow":["GET"]}}],"collection":[{"href":"https:\/\/staging.nbg.eu\/pt-pt\/wp-json\/wp\/v2\/product"}],"about":[{"href":"https:\/\/staging.nbg.eu\/pt-pt\/wp-json\/wp\/v2\/types\/product"}],"wp:featuredmedia":[{"embeddable":true,"href":"https:\/\/staging.nbg.eu\/pt-pt\/wp-json\/wp\/v2\/media\/73342"}],"wp:attachment":[{"href":"https:\/\/staging.nbg.eu\/pt-pt\/wp-json\/wp\/v2\/media?parent=74196"}],"wp:term":[{"taxonomy":"product_brand","embeddable":true,"href":"https:\/\/staging.nbg.eu\/pt-pt\/wp-json\/wp\/v2\/product_brand?post=74196"},{"taxonomy":"product_cat","embeddable":true,"href":"https:\/\/staging.nbg.eu\/pt-pt\/wp-json\/wp\/v2\/product_cat?post=74196"},{"taxonomy":"product_tag","embeddable":true,"href":"https:\/\/staging.nbg.eu\/pt-pt\/wp-json\/wp\/v2\/product_tag?post=74196"}],"curies":[{"name":"wp","href":"https:\/\/api.w.org\/{rel}","templated":true}]}}