{"id":74174,"date":"2024-10-18T20:15:25","date_gmt":"2024-10-30T08:39:14","guid":{"rendered":"https:\/\/staging.nbg.eu\/product\/nitehog-sight-spot-hog-red-dot\/"},"modified":"2024-10-30T08:40:56","modified_gmt":"2024-10-30T08:40:56","slug":"nitehog-sight-spot-hog-red-dot","status":"publish","type":"product","link":"https:\/\/staging.nbg.eu\/pt-pt\/produto\/nitehog-sight-spot-hog-red-dot\/","title":{"rendered":"NiteHog Sight Spot Hog Red Dot"},"content":{"rendered":"<div class=\"product-description\">\n<h2>NiteHog Sight Spot Hog Ponto Vermelho<\/h2>\n<p>O Spot Hog Ponto Vermelho \u00e9 uma mira \u00f3ptica 1x17x24 sem paralaxe. Possui um ponto de 3MOA com 8 n\u00edveis de brilho e 2 configura\u00e7\u00f5es de vis\u00e3o noturna.<\/p>\n<ul>\n<li>Resistente a choques e \u00e0 \u00e1gua (IPX6)<\/li>\n<li>Compat\u00edvel com muni\u00e7\u00f5es 9mm, 45ACP, 12GA e Lapua Magnum 338<\/li>\n<li>Design fino e de baixo perfil<\/li>\n<li>Desligamento autom\u00e1tico ap\u00f3s 2 minutos de inatividade<\/li>\n<li>Dura\u00e7\u00e3o da bateria de 50.000 horas na configura\u00e7\u00e3o mais baixa (bateria CR2032, n\u00e3o inclu\u00edda)<\/li>\n<li>Montagem Weaver para instala\u00e7\u00e3o<\/li>\n<\/ul>\n<p>O Spot Hog \u00e9 compacto e confi\u00e1vel.<\/p>\n<\/div>\n","protected":false},"excerpt":{"rendered":"<p>Mira de ponto vermelho 1x17x24 dur\u00e1vel, sem paralaxe, com 8 n\u00edveis de intensidade.<\/p>\n","protected":false},"featured_media":72550,"template":"","meta":{"_acf_changed":false},"product_brand":[11599],"product_cat":[805,807,1789],"product_tag":[],"class_list":{"0":"post-74174","1":"product","2":"type-product","3":"status-publish","4":"has-post-thumbnail","6":"product_brand-nitehog","7":"product_cat-aiming-pt-pt","8":"product_cat-red-dots-pt-pt","9":"product_cat-rifle-dots-pt-pt","11":"first","12":"instock","13":"taxable","14":"shipping-taxable","15":"purchasable","16":"product-type-simple"},"acf":[],"_links":{"self":[{"href":"https:\/\/staging.nbg.eu\/pt-pt\/wp-json\/wp\/v2\/product\/74174","targetHints":{"allow":["GET"]}}],"collection":[{"href":"https:\/\/staging.nbg.eu\/pt-pt\/wp-json\/wp\/v2\/product"}],"about":[{"href":"https:\/\/staging.nbg.eu\/pt-pt\/wp-json\/wp\/v2\/types\/product"}],"wp:featuredmedia":[{"embeddable":true,"href":"https:\/\/staging.nbg.eu\/pt-pt\/wp-json\/wp\/v2\/media\/72550"}],"wp:attachment":[{"href":"https:\/\/staging.nbg.eu\/pt-pt\/wp-json\/wp\/v2\/media?parent=74174"}],"wp:term":[{"taxonomy":"product_brand","embeddable":true,"href":"https:\/\/staging.nbg.eu\/pt-pt\/wp-json\/wp\/v2\/product_brand?post=74174"},{"taxonomy":"product_cat","embeddable":true,"href":"https:\/\/staging.nbg.eu\/pt-pt\/wp-json\/wp\/v2\/product_cat?post=74174"},{"taxonomy":"product_tag","embeddable":true,"href":"https:\/\/staging.nbg.eu\/pt-pt\/wp-json\/wp\/v2\/product_tag?post=74174"}],"curies":[{"name":"wp","href":"https:\/\/api.w.org\/{rel}","templated":true}]}}